{"id":5778,"date":"2021-11-16T19:52:54","date_gmt":"2021-11-16T19:52:54","guid":{"rendered":"https:\/\/emsaquimica.com\/basica\/"},"modified":"2021-11-16T19:52:54","modified_gmt":"2021-11-16T19:52:54","slug":"basica","status":"publish","type":"page","link":"https:\/\/emsaquimica.com\/en\/basica\/","title":{"rendered":"Basica"},"content":{"rendered":"\t\t<div data-elementor-type=\"wp-page\" data-elementor-id=\"5778\" class=\"elementor elementor-5778 elementor-541\" data-elementor-post-type=\"page\">\n\t\t\t\t\t\t<section class=\"has_ae_slider elementor-section elementor-top-section elementor-element elementor-element-8ab1c0f elementor-section-full_width elementor-section-height-min-height elementor-section-items-stretch elementor-section-height-default ae-bg-gallery-type-default\" data-id=\"8ab1c0f\" data-element_type=\"section\" data-e-type=\"section\">\n\t\t\t\t\t\t<div class=\"elementor-container elementor-column-gap-default\">\n\t\t\t\t\t<div class=\"has_ae_slider elementor-column elementor-col-100 elementor-top-column elementor-element elementor-element-6f13ba7 ae-bg-gallery-type-default\" data-id=\"6f13ba7\" data-element_type=\"column\" data-e-type=\"column\" data-settings=\"{&quot;background_background&quot;:&quot;classic&quot;}\">\n\t\t\t<div class=\"elementor-widget-wrap elementor-element-populated\">\n\t\t\t\t\t<div class=\"elementor-background-overlay\"><\/div>\n\t\t\t\t\t\t<div class=\"elementor-element elementor-element-0a7c1dd elementor-widget elementor-widget-heading\" data-id=\"0a7c1dd\" data-element_type=\"widget\" data-e-type=\"widget\" data-widget_type=\"heading.default\">\n\t\t\t\t<div class=\"elementor-widget-container\">\n\t\t\t\t\t<h2 class=\"elementor-heading-title elementor-size-default\">Lorem ipsum dolor sit<\/h2>\t\t\t\t<\/div>\n\t\t\t\t<\/div>\n\t\t\t\t<div class=\"elementor-element elementor-element-7ee6ee3 elementor-widget elementor-widget-heading\" data-id=\"7ee6ee3\" data-element_type=\"widget\" data-e-type=\"widget\" data-widget_type=\"heading.default\">\n\t\t\t\t<div class=\"elementor-widget-container\">\n\t\t\t\t\t<h2 class=\"elementor-heading-title elementor-size-default\">Lorem ipsum dolor sit amet, consectetur adipisicing elit, sed do eiusmod tempor.<\/h2>\t\t\t\t<\/div>\n\t\t\t\t<\/div>\n\t\t\t\t<section class=\"has_ae_slider elementor-section elementor-inner-section elementor-element elementor-element-1312393 elementor-section-height-min-height elementor-section-boxed elementor-section-height-default ae-bg-gallery-type-default\" data-id=\"1312393\" data-element_type=\"section\" data-e-type=\"section\">\n\t\t\t\t\t\t<div class=\"elementor-container elementor-column-gap-no\">\n\t\t\t\t\t<div class=\"has_ae_slider elementor-column elementor-col-50 elementor-inner-column elementor-element elementor-element-eadb41d ae-bg-gallery-type-default\" data-id=\"eadb41d\" data-element_type=\"column\" data-e-type=\"column\">\n\t\t\t<div class=\"elementor-widget-wrap elementor-element-populated\">\n\t\t\t\t\t\t\t<\/div>\n\t\t<\/div>\n\t\t\t\t<div class=\"has_ae_slider elementor-column elementor-col-50 elementor-inner-column elementor-element elementor-element-7b39455 ae-bg-gallery-type-default\" data-id=\"7b39455\" data-element_type=\"column\" data-e-type=\"column\">\n\t\t\t<div class=\"elementor-widget-wrap\">\n\t\t\t\t\t\t\t<\/div>\n\t\t<\/div>\n\t\t\t\t\t<\/div>\n\t\t<\/section>\n\t\t\t\t\t<\/div>\n\t\t<\/div>\n\t\t\t\t\t<\/div>\n\t\t<\/section>\n\t\t\t\t<section class=\"has_ae_slider elementor-section elementor-top-section elementor-element elementor-element-5201474 elementor-section-boxed elementor-section-height-default elementor-section-height-default ae-bg-gallery-type-default\" data-id=\"5201474\" data-element_type=\"section\" data-e-type=\"section\">\n\t\t\t\t\t\t<div class=\"elementor-container elementor-column-gap-no\">\n\t\t\t\t\t<div class=\"has_ae_slider elementor-column elementor-col-100 elementor-top-column elementor-element elementor-element-2412d03 ae-bg-gallery-type-default\" data-id=\"2412d03\" data-element_type=\"column\" data-e-type=\"column\">\n\t\t\t<div class=\"elementor-widget-wrap elementor-element-populated\">\n\t\t\t\t\t\t<div class=\"elementor-element elementor-element-7267f99 elementor-widget elementor-widget-heading\" data-id=\"7267f99\" data-element_type=\"widget\" data-e-type=\"widget\" data-widget_type=\"heading.default\">\n\t\t\t\t<div class=\"elementor-widget-container\">\n\t\t\t\t\t<h2 class=\"elementor-heading-title elementor-size-default\">Lorem ipsum dolor sit amet adipiscing consetetur<\/h2>\t\t\t\t<\/div>\n\t\t\t\t<\/div>\n\t\t\t\t<div class=\"elementor-element elementor-element-be984ba elementor-widget elementor-widget-image\" data-id=\"be984ba\" data-element_type=\"widget\" data-e-type=\"widget\" data-widget_type=\"image.default\">\n\t\t\t\t<div class=\"elementor-widget-container\">\n\t\t\t\t\t\t\t\t\t\t\t\t\t\t\t<img fetchpriority=\"high\" decoding=\"async\" width=\"800\" height=\"351\" src=\"https:\/\/emsaquimica.com\/wp-content\/uploads\/2021\/11\/1-1024x449.jpg\" class=\"attachment-large size-large wp-image-4652\" alt=\"\" srcset=\"https:\/\/emsaquimica.com\/wp-content\/uploads\/2021\/11\/1-1024x449.jpg 1024w, https:\/\/emsaquimica.com\/wp-content\/uploads\/2021\/11\/1-300x132.jpg 300w, https:\/\/emsaquimica.com\/wp-content\/uploads\/2021\/11\/1-768x337.jpg 768w, https:\/\/emsaquimica.com\/wp-content\/uploads\/2021\/11\/1.jpg 1449w\" sizes=\"(max-width: 800px) 100vw, 800px\" \/>\t\t\t\t\t\t\t\t\t\t\t\t\t\t\t<\/div>\n\t\t\t\t<\/div>\n\t\t\t\t<div class=\"elementor-element elementor-element-1af2cd1 elementor-widget elementor-widget-spacer\" data-id=\"1af2cd1\" data-element_type=\"widget\" data-e-type=\"widget\" data-widget_type=\"spacer.default\">\n\t\t\t\t<div class=\"elementor-widget-container\">\n\t\t\t\t\t\t\t<div class=\"elementor-spacer\">\n\t\t\t<div class=\"elementor-spacer-inner\"><\/div>\n\t\t<\/div>\n\t\t\t\t\t\t<\/div>\n\t\t\t\t<\/div>\n\t\t\t\t<div class=\"elementor-element elementor-element-d17a40c elementor-widget elementor-widget-text-editor\" data-id=\"d17a40c\" data-element_type=\"widget\" data-e-type=\"widget\" data-widget_type=\"text-editor.default\">\n\t\t\t\t<div class=\"elementor-widget-container\">\n\t\t\t\t\t\t\t\t\t<p><strong>1. Pol\u00edtica de privacidad <\/strong><\/p><p>EMSA TECNOLOGIA QU\u00cdMICA, SAU informa a los usuarios del sitio web sobre su pol\u00edtica respecto del tratamiento y protecci\u00f3n de los datos de car\u00e1cter personal de los usuarios y clientes que puedan ser recabados por la navegaci\u00f3n o solicitud de informaci\u00f3n a trav\u00e9s de este sitio web, as\u00ed como de los datos personales de que disponga EMSA TECNOLOGIA QU\u00cdMICA, SAU recabados por cualquier otro medio o motivo.<\/p><p>En este sentido, EMSA TECNOLOGIA QU\u00cdMICA, SAU garantiza el cumplimiento de la normativa vigente en materia de protecci\u00f3n de datos personales, reflejada en el Reglamento General de Protecci\u00f3n de Datos (UE) 2016\/679 y manifiesta su compromiso con la confidencialidad y seguridad de los datos.<\/p><p>RESPONSABLE DEL TRATAMIENTO: EMSA TECNOLOGIA QU\u00cdMICA, SAU, con domicilio social en la calle Mestre Nicolau 19, 8\u00ba, 08021 de Barcelona, Espa\u00f1a y C.I.F. n\u00famero A-08685166, Tel\u00e9fono: +34 934 701 196. E-Mail: <span style=\"color: #62b5e5;\">emsaquimica@emsaquimica.com<\/span><\/p><p><strong>2. Recogida, finalidad y tratamientos de datos <\/strong><\/p><p>EMSA TECNOLOGIA QU\u00cdMICA, SAU tiene el deber de informar a los usuarios de su sitio web acerca de la recogida de datos de car\u00e1cter personal que pueden llevarse a cabo, bien sea mediante el env\u00edo de un correo electr\u00f3nico o al cumplimentar los formularios incluidos en el sitio web. En este sentido, EMSA TECNOLOGIA QU\u00cdMICA, SAU ser\u00e1 considerada como Responsable del tratamiento de los datos recabados mediante los medios anteriormente descritos.<\/p><p>A su vez, EMSA TECNOLOGIA QU\u00cdMICA, SAU informa a los usuarios de que la finalidad del tratamiento de los datos recabados contempla: La atenci\u00f3n de solicitudes realizadas por los usuarios, la inclusi\u00f3n en la agenda de contactos, la prestaci\u00f3n de servicios y la gesti\u00f3n de la relaci\u00f3n comercial, as\u00ed como el env\u00edo de informaciones y ofertas que se asimilen a la informaci\u00f3n solicitada.<\/p><p>Sus datos ser\u00e1n debidamente conservados y protegidos contra p\u00e9rdida o alteraci\u00f3n de la de informaci\u00f3n y accesos no autorizados mientras exista la relaci\u00f3n comercial y hasta 5 a\u00f1os despu\u00e9s tras haber cesado la misma, salvo que usted nos indique lo contrario y siempre que la normativa vigente permita la supresi\u00f3n de los datos.<\/p><p><strong>3. Comunicaci\u00f3n de informaci\u00f3n a terceros<\/strong><\/p><p>EMSA TECNOLOGIA QU\u00cdMICA, SAU informa a los usuarios de que sus datos personales no ser\u00e1n cedidos ni comunicados a terceras organizaciones, con la salvedad de que dicha cesi\u00f3n de datos este amparada en una obligaci\u00f3n legal o cuando la prestaci\u00f3n de un servicio implique la necesidad de una relaci\u00f3n contractual con un encargado de tratamiento el cual habr\u00e1 sido debidamente contratado con todas las garant\u00edas que establece el Reglamento General (UE) 2016\/679.<\/p><p><strong>4. Derechos de los usuarios <\/strong><\/p><p>El Reglamento General de Protecci\u00f3n de Datos de Car\u00e1cter Personal (UE) 2016\/679, concede a los interesados la posibilidad de ejercer una serie de derechos relacionados con el tratamiento de sus datos personales.<\/p><p>En tanto en cuanto los datos del usuario son objeto de tratamiento o son conservados por parte de EMSA TECNOLOGIA QU\u00cdMICA, SAU Los usuarios podr\u00e1n ejercer los derechos de acceso, rectificaci\u00f3n, supresi\u00f3n y oposici\u00f3n de acuerdo con lo previsto en la normativa legal vigente en materia de protecci\u00f3n de datos personales.\u00a0<\/p><p>Para hacer uso del ejercicio de estos derechos, el usuario deber\u00e1 dirigirse mediante comunicaci\u00f3n escrita a la siguiente direcci\u00f3n: EMSA TECNOLOGIA QU\u00cdMICA, SAU, Mestre Nicolau 19, 8\u00ba, 08021 de Barcelona, Espa\u00f1a, o enviando un correo electr\u00f3nico a: <span style=\"color: #62b5e5;\">emsaquimica@emsaquimica.com<\/span>, aportando fotocopia de la documentaci\u00f3n que acredite su identidad (DNI o pasaporte) em ambos casos.\u00a0<\/p><p>Dicha comunicaci\u00f3n deber\u00e1 reflejar la siguiente informaci\u00f3n: Nombre y apellidos del usuario, el domicilio y los datos acreditativos y la petici\u00f3n de solicitud del derecho que desee ejercer.\u00a0<\/p><p>El ejercicio de derechos deber\u00e1 ser realizado por el propio usuario, su heredero o por una persona autorizada como representante legal del autorizado. En tal caso, se deber\u00e1 aportar la documentaci\u00f3n que acredite esta representaci\u00f3n del interesado, aceptaci\u00f3n de la herencia o poderes.\u00a0<span style=\"color: var( --e-global-color-text );\">Tambi\u00e9n le informamos que puede presentar una reclamaci\u00f3n ante la Agencia Espa\u00f1ola de Protecci\u00f3n de Datos si considera que han sido vulnerados sus derechos.<\/span><\/p>\t\t\t\t\t\t\t\t<\/div>\n\t\t\t\t<\/div>\n\t\t\t\t\t<\/div>\n\t\t<\/div>\n\t\t\t\t\t<\/div>\n\t\t<\/section>\n\t\t\t\t<\/div>\n\t\t","protected":false},"excerpt":{"rendered":"<p>Lorem ipsum dolor sit Lorem ipsum dolor sit amet, consectetur adipisicing elit, sed do eiusmod tempor. Lorem ipsum dolor sit amet adipiscing consetetur 1. Pol\u00edtica de privacidad EMSA TECNOLOGIA QU\u00cdMICA, SAU informa a los usuarios del sitio web sobre su pol\u00edtica respecto del tratamiento y protecci\u00f3n de los datos de car\u00e1cter personal de los usuarios [&hellip;]<\/p>\n","protected":false},"author":10,"featured_media":0,"parent":0,"menu_order":0,"comment_status":"closed","ping_status":"closed","template":"elementor_header_footer","meta":{"_acf_changed":false,"footnotes":""},"class_list":["post-5778","page","type-page","status-publish","hentry"],"acf":[],"yoast_head":"<!-- This site is optimized with the Yoast SEO plugin v27.5 - https:\/\/yoast.com\/product\/yoast-seo-wordpress\/ -->\n<title>Basica - Emsa<\/title>\n<meta name=\"robots\" content=\"index, follow, max-snippet:-1, max-image-preview:large, max-video-preview:-1\" \/>\n<link rel=\"canonical\" href=\"https:\/\/emsaquimica.com\/en\/basica\/\" \/>\n<meta property=\"og:locale\" content=\"en_US\" \/>\n<meta property=\"og:type\" content=\"article\" \/>\n<meta property=\"og:title\" content=\"Basica - Emsa\" \/>\n<meta property=\"og:description\" content=\"Lorem ipsum dolor sit Lorem ipsum dolor sit amet, consectetur adipisicing elit, sed do eiusmod tempor. Lorem ipsum dolor sit amet adipiscing consetetur 1. Pol\u00edtica de privacidad EMSA TECNOLOGIA QU\u00cdMICA, SAU informa a los usuarios del sitio web sobre su pol\u00edtica respecto del tratamiento y protecci\u00f3n de los datos de car\u00e1cter personal de los usuarios [&hellip;]\" \/>\n<meta property=\"og:url\" content=\"https:\/\/emsaquimica.com\/en\/basica\/\" \/>\n<meta property=\"og:site_name\" content=\"Emsa\" \/>\n<meta property=\"og:image\" content=\"https:\/\/epica.wp.omitsisdev.com\/wp-content\/uploads\/2021\/11\/1-1024x449.jpg\" \/>\n<meta name=\"twitter:card\" content=\"summary_large_image\" \/>\n<meta name=\"twitter:label1\" content=\"Est. reading time\" \/>\n\t<meta name=\"twitter:data1\" content=\"4 minutes\" \/>\n<script type=\"application\/ld+json\" class=\"yoast-schema-graph\">{\"@context\":\"https:\\\/\\\/schema.org\",\"@graph\":[{\"@type\":\"WebPage\",\"@id\":\"https:\\\/\\\/emsaquimica.com\\\/en\\\/basica\\\/\",\"url\":\"https:\\\/\\\/emsaquimica.com\\\/en\\\/basica\\\/\",\"name\":\"Basica - Emsa\",\"isPartOf\":{\"@id\":\"https:\\\/\\\/emsaquimica.com\\\/en\\\/#website\"},\"primaryImageOfPage\":{\"@id\":\"https:\\\/\\\/emsaquimica.com\\\/en\\\/basica\\\/#primaryimage\"},\"image\":{\"@id\":\"https:\\\/\\\/emsaquimica.com\\\/en\\\/basica\\\/#primaryimage\"},\"thumbnailUrl\":\"https:\\\/\\\/epica.wp.omitsisdev.com\\\/wp-content\\\/uploads\\\/2021\\\/11\\\/1-1024x449.jpg\",\"datePublished\":\"2021-11-16T19:52:54+00:00\",\"breadcrumb\":{\"@id\":\"https:\\\/\\\/emsaquimica.com\\\/en\\\/basica\\\/#breadcrumb\"},\"inLanguage\":\"en-US\",\"potentialAction\":[{\"@type\":\"ReadAction\",\"target\":[\"https:\\\/\\\/emsaquimica.com\\\/en\\\/basica\\\/\"]}]},{\"@type\":\"ImageObject\",\"inLanguage\":\"en-US\",\"@id\":\"https:\\\/\\\/emsaquimica.com\\\/en\\\/basica\\\/#primaryimage\",\"url\":\"https:\\\/\\\/epica.wp.omitsisdev.com\\\/wp-content\\\/uploads\\\/2021\\\/11\\\/1-1024x449.jpg\",\"contentUrl\":\"https:\\\/\\\/epica.wp.omitsisdev.com\\\/wp-content\\\/uploads\\\/2021\\\/11\\\/1-1024x449.jpg\"},{\"@type\":\"BreadcrumbList\",\"@id\":\"https:\\\/\\\/emsaquimica.com\\\/en\\\/basica\\\/#breadcrumb\",\"itemListElement\":[{\"@type\":\"ListItem\",\"position\":1,\"name\":\"Portada\",\"item\":\"https:\\\/\\\/emsaquimica.com\\\/en\\\/\"},{\"@type\":\"ListItem\",\"position\":2,\"name\":\"Basica\"}]},{\"@type\":\"WebSite\",\"@id\":\"https:\\\/\\\/emsaquimica.com\\\/en\\\/#website\",\"url\":\"https:\\\/\\\/emsaquimica.com\\\/en\\\/\",\"name\":\"Emsa\",\"description\":\"Committed Chemistry\",\"publisher\":{\"@id\":\"https:\\\/\\\/emsaquimica.com\\\/en\\\/#organization\"},\"potentialAction\":[{\"@type\":\"SearchAction\",\"target\":{\"@type\":\"EntryPoint\",\"urlTemplate\":\"https:\\\/\\\/emsaquimica.com\\\/en\\\/?s={search_term_string}\"},\"query-input\":{\"@type\":\"PropertyValueSpecification\",\"valueRequired\":true,\"valueName\":\"search_term_string\"}}],\"inLanguage\":\"en-US\"},{\"@type\":\"Organization\",\"@id\":\"https:\\\/\\\/emsaquimica.com\\\/en\\\/#organization\",\"name\":\"Emsa\",\"url\":\"https:\\\/\\\/emsaquimica.com\\\/en\\\/\",\"logo\":{\"@type\":\"ImageObject\",\"inLanguage\":\"en-US\",\"@id\":\"https:\\\/\\\/emsaquimica.com\\\/en\\\/#\\\/schema\\\/logo\\\/image\\\/\",\"url\":\"https:\\\/\\\/emsaquimica.com\\\/wp-content\\\/uploads\\\/2021\\\/11\\\/Logo-Emsa.svg\",\"contentUrl\":\"https:\\\/\\\/emsaquimica.com\\\/wp-content\\\/uploads\\\/2021\\\/11\\\/Logo-Emsa.svg\",\"width\":200,\"height\":50,\"caption\":\"Emsa\"},\"image\":{\"@id\":\"https:\\\/\\\/emsaquimica.com\\\/en\\\/#\\\/schema\\\/logo\\\/image\\\/\"}}]}<\/script>\n<!-- \/ Yoast SEO plugin. -->","yoast_head_json":{"title":"Basica - Emsa","robots":{"index":"index","follow":"follow","max-snippet":"max-snippet:-1","max-image-preview":"max-image-preview:large","max-video-preview":"max-video-preview:-1"},"canonical":"https:\/\/emsaquimica.com\/en\/basica\/","og_locale":"en_US","og_type":"article","og_title":"Basica - Emsa","og_description":"Lorem ipsum dolor sit Lorem ipsum dolor sit amet, consectetur adipisicing elit, sed do eiusmod tempor. Lorem ipsum dolor sit amet adipiscing consetetur 1. Pol\u00edtica de privacidad EMSA TECNOLOGIA QU\u00cdMICA, SAU informa a los usuarios del sitio web sobre su pol\u00edtica respecto del tratamiento y protecci\u00f3n de los datos de car\u00e1cter personal de los usuarios [&hellip;]","og_url":"https:\/\/emsaquimica.com\/en\/basica\/","og_site_name":"Emsa","og_image":[{"url":"https:\/\/epica.wp.omitsisdev.com\/wp-content\/uploads\/2021\/11\/1-1024x449.jpg","type":"","width":"","height":""}],"twitter_card":"summary_large_image","twitter_misc":{"Est. reading time":"4 minutes"},"schema":{"@context":"https:\/\/schema.org","@graph":[{"@type":"WebPage","@id":"https:\/\/emsaquimica.com\/en\/basica\/","url":"https:\/\/emsaquimica.com\/en\/basica\/","name":"Basica - Emsa","isPartOf":{"@id":"https:\/\/emsaquimica.com\/en\/#website"},"primaryImageOfPage":{"@id":"https:\/\/emsaquimica.com\/en\/basica\/#primaryimage"},"image":{"@id":"https:\/\/emsaquimica.com\/en\/basica\/#primaryimage"},"thumbnailUrl":"https:\/\/epica.wp.omitsisdev.com\/wp-content\/uploads\/2021\/11\/1-1024x449.jpg","datePublished":"2021-11-16T19:52:54+00:00","breadcrumb":{"@id":"https:\/\/emsaquimica.com\/en\/basica\/#breadcrumb"},"inLanguage":"en-US","potentialAction":[{"@type":"ReadAction","target":["https:\/\/emsaquimica.com\/en\/basica\/"]}]},{"@type":"ImageObject","inLanguage":"en-US","@id":"https:\/\/emsaquimica.com\/en\/basica\/#primaryimage","url":"https:\/\/epica.wp.omitsisdev.com\/wp-content\/uploads\/2021\/11\/1-1024x449.jpg","contentUrl":"https:\/\/epica.wp.omitsisdev.com\/wp-content\/uploads\/2021\/11\/1-1024x449.jpg"},{"@type":"BreadcrumbList","@id":"https:\/\/emsaquimica.com\/en\/basica\/#breadcrumb","itemListElement":[{"@type":"ListItem","position":1,"name":"Portada","item":"https:\/\/emsaquimica.com\/en\/"},{"@type":"ListItem","position":2,"name":"Basica"}]},{"@type":"WebSite","@id":"https:\/\/emsaquimica.com\/en\/#website","url":"https:\/\/emsaquimica.com\/en\/","name":"Emsa","description":"Committed Chemistry","publisher":{"@id":"https:\/\/emsaquimica.com\/en\/#organization"},"potentialAction":[{"@type":"SearchAction","target":{"@type":"EntryPoint","urlTemplate":"https:\/\/emsaquimica.com\/en\/?s={search_term_string}"},"query-input":{"@type":"PropertyValueSpecification","valueRequired":true,"valueName":"search_term_string"}}],"inLanguage":"en-US"},{"@type":"Organization","@id":"https:\/\/emsaquimica.com\/en\/#organization","name":"Emsa","url":"https:\/\/emsaquimica.com\/en\/","logo":{"@type":"ImageObject","inLanguage":"en-US","@id":"https:\/\/emsaquimica.com\/en\/#\/schema\/logo\/image\/","url":"https:\/\/emsaquimica.com\/wp-content\/uploads\/2021\/11\/Logo-Emsa.svg","contentUrl":"https:\/\/emsaquimica.com\/wp-content\/uploads\/2021\/11\/Logo-Emsa.svg","width":200,"height":50,"caption":"Emsa"},"image":{"@id":"https:\/\/emsaquimica.com\/en\/#\/schema\/logo\/image\/"}}]}},"_links":{"self":[{"href":"https:\/\/emsaquimica.com\/en\/wp-json\/wp\/v2\/pages\/5778","targetHints":{"allow":["GET"]}}],"collection":[{"href":"https:\/\/emsaquimica.com\/en\/wp-json\/wp\/v2\/pages"}],"about":[{"href":"https:\/\/emsaquimica.com\/en\/wp-json\/wp\/v2\/types\/page"}],"author":[{"embeddable":true,"href":"https:\/\/emsaquimica.com\/en\/wp-json\/wp\/v2\/users\/10"}],"replies":[{"embeddable":true,"href":"https:\/\/emsaquimica.com\/en\/wp-json\/wp\/v2\/comments?post=5778"}],"version-history":[{"count":0,"href":"https:\/\/emsaquimica.com\/en\/wp-json\/wp\/v2\/pages\/5778\/revisions"}],"wp:attachment":[{"href":"https:\/\/emsaquimica.com\/en\/wp-json\/wp\/v2\/media?parent=5778"}],"curies":[{"name":"wp","href":"https:\/\/api.w.org\/{rel}","templated":true}]}}