{"id":5781,"date":"2022-01-20T10:06:06","date_gmt":"2022-01-20T09:06:06","guid":{"rendered":"https:\/\/emsaquimica.com\/aviso-legal\/"},"modified":"2022-04-19T14:58:19","modified_gmt":"2022-04-19T12:58:19","slug":"aviso-legal","status":"publish","type":"page","link":"https:\/\/emsaquimica.com\/fr\/aviso-legal\/","title":{"rendered":"Aviso legal"},"content":{"rendered":"\t\t<div data-elementor-type=\"wp-page\" data-elementor-id=\"5781\" class=\"elementor elementor-5781 elementor-2702\" data-elementor-post-type=\"page\">\n\t\t\t\t\t\t<section class=\"has_ae_slider elementor-section elementor-top-section elementor-element elementor-element-8ab1c0f elementor-section-full_width elementor-section-height-min-height elementor-section-items-stretch elementor-section-height-default ae-bg-gallery-type-default\" data-id=\"8ab1c0f\" data-element_type=\"section\" data-e-type=\"section\">\n\t\t\t\t\t\t<div class=\"elementor-container elementor-column-gap-default\">\n\t\t\t\t\t<div class=\"has_ae_slider elementor-column elementor-col-100 elementor-top-column elementor-element elementor-element-6f13ba7 ae-bg-gallery-type-default\" data-id=\"6f13ba7\" data-element_type=\"column\" data-e-type=\"column\" data-settings=\"{&quot;background_background&quot;:&quot;classic&quot;}\">\n\t\t\t<div class=\"elementor-widget-wrap elementor-element-populated\">\n\t\t\t\t\t<div class=\"elementor-background-overlay\"><\/div>\n\t\t\t\t\t\t<div class=\"elementor-element elementor-element-0a7c1dd elementor-widget elementor-widget-heading\" data-id=\"0a7c1dd\" data-element_type=\"widget\" data-e-type=\"widget\" data-widget_type=\"heading.default\">\n\t\t\t\t<div class=\"elementor-widget-container\">\n\t\t\t\t\t<h2 class=\"elementor-heading-title elementor-size-default\">Avis juridique<\/h2>\t\t\t\t<\/div>\n\t\t\t\t<\/div>\n\t\t\t\t<section class=\"has_ae_slider elementor-section elementor-inner-section elementor-element elementor-element-02e2397 elementor-section-height-min-height elementor-section-boxed elementor-section-height-default ae-bg-gallery-type-default\" data-id=\"02e2397\" data-element_type=\"section\" data-e-type=\"section\">\n\t\t\t\t\t\t<div class=\"elementor-container elementor-column-gap-no\">\n\t\t\t\t\t<div class=\"has_ae_slider elementor-column elementor-col-50 elementor-inner-column elementor-element elementor-element-c7debd8 ae-bg-gallery-type-default\" data-id=\"c7debd8\" data-element_type=\"column\" data-e-type=\"column\">\n\t\t\t<div class=\"elementor-widget-wrap elementor-element-populated\">\n\t\t\t\t\t\t\t<\/div>\n\t\t<\/div>\n\t\t\t\t<div class=\"has_ae_slider elementor-column elementor-col-50 elementor-inner-column elementor-element elementor-element-55dcf17 ae-bg-gallery-type-default\" data-id=\"55dcf17\" data-element_type=\"column\" data-e-type=\"column\">\n\t\t\t<div class=\"elementor-widget-wrap\">\n\t\t\t\t\t\t\t<\/div>\n\t\t<\/div>\n\t\t\t\t\t<\/div>\n\t\t<\/section>\n\t\t\t\t\t<\/div>\n\t\t<\/div>\n\t\t\t\t\t<\/div>\n\t\t<\/section>\n\t\t\t\t<section class=\"has_ae_slider elementor-section elementor-top-section elementor-element elementor-element-5201474 elementor-section-boxed elementor-section-height-default elementor-section-height-default ae-bg-gallery-type-default\" data-id=\"5201474\" data-element_type=\"section\" data-e-type=\"section\">\n\t\t\t\t\t\t<div class=\"elementor-container elementor-column-gap-no\">\n\t\t\t\t\t<div class=\"has_ae_slider elementor-column elementor-col-100 elementor-top-column elementor-element elementor-element-2412d03 ae-bg-gallery-type-default\" data-id=\"2412d03\" data-element_type=\"column\" data-e-type=\"column\">\n\t\t\t<div class=\"elementor-widget-wrap elementor-element-populated\">\n\t\t\t\t\t\t<div class=\"elementor-element elementor-element-d17a40c elementor-widget elementor-widget-text-editor\" data-id=\"d17a40c\" data-element_type=\"widget\" data-e-type=\"widget\" data-widget_type=\"text-editor.default\">\n\t\t\t\t<div class=\"elementor-widget-container\">\n\t\t\t\t\t\t\t\t\t<p><strong>AVIS L\u00c9GAL ET CONDITIONS D&rsquo;UTILISATION DU SITE WEB D&rsquo;EMSA TECNOLOGIA QU\u00cdMICA, S.A.U.<\/strong><\/p><p>Conform\u00e9ment \u00e0 la Loi 34\/2002, du 11 juillet, sur les services de la soci\u00e9t\u00e9 de l&rsquo;information et le commerce \u00e9lectronique, EMSA TECNOLOGIA QUIMICA, S.A.U., vous informe qu&rsquo;elle est propri\u00e9taire du site web <a href=\"http:\/\/WWW.EMSAQUIMICA.COM\">WWW.EMSAQUIMICA.COM<\/a>.<\/p><p>Conform\u00e9ment aux dispositions de l&rsquo;article 10 de la Loi pr\u00e9cit\u00e9e, EMSA TECNOLOGIA QUIMICA, S.A.U., vous communique les donn\u00e9es suivantes :<\/p><p>Le propri\u00e9taire de ce site web est EMSA TECNOLOGIA QUIMICA, S.A.U., avec CIF A-08685166 et si\u00e8ge social \u00e0 Carrer Mestre Nicolau 19, 8\u00ba, 08021 Barcelone, Espagne, inscrit au Registre du Commerce de Barcelone, au volume T 37171, folio 31, feuille 88001. L&rsquo;adresse \u00e9lectronique pour contacter l&rsquo;entreprise est emsaquimica@emsaquimica.com et le num\u00e9ro de t\u00e9l\u00e9phone : +34 934 701 196.<\/p><p>\u00a0<\/p><p><strong>UTILISATEUR ET RESPONSABILIT\u00c9S<\/strong><\/p><p>La navigation, l&rsquo;acc\u00e8s et l&rsquo;utilisation du site web d&rsquo;EMSA TECNOLOGIA QUIMICA, S.A.U. conf\u00e8re la condition d&rsquo;utilisateur, par laquelle toutes les conditions d&rsquo;utilisation \u00e9tablies ici sont accept\u00e9es, sans pr\u00e9judice de l&rsquo;application des normes correspondantes de conformit\u00e9 l\u00e9gale obligatoire, le cas \u00e9ch\u00e9ant, lors de la navigation sur le site web d&rsquo;EMSA TECNOLOGIA QUIMICA, S.A.U..<\/p><p>Le site web d&rsquo;EMSA TECNOLOGIA QUIMICA, S.A.U. fournit un large \u00e9ventail d&rsquo;informations, de services et de donn\u00e9es. L&rsquo;utilisateur assume la responsabilit\u00e9 de l&rsquo;utilisation correcte du site web. Cette responsabilit\u00e9 s&rsquo;\u00e9tend \u00e0 :<\/p><p>La v\u00e9racit\u00e9 et la l\u00e9galit\u00e9 des informations fournies par l&rsquo;utilisateur sur les formulaires fournis par EMSA TECNOLOGIA QUIMICA, S.A.U., pour acc\u00e9der \u00e0 certains contenus ou services offerts par le site web. Vous serez \u00e9galement responsable de l&rsquo;utilisation que vous ferez des codes d&rsquo;acc\u00e8s que vous aurez obtenus en remplissant les formulaires susmentionn\u00e9s.<\/p><p>L&rsquo;utilisation de l&rsquo;information, des services et des donn\u00e9es offerts par EMSA TECNOLOGIA QUIMICA, S.A.U., contraire aux dispositions des pr\u00e9sentes conditions, de la Loi, de la morale, des bonnes coutumes ou de l&rsquo;ordre public, ou qui, de toute autre mani\u00e8re, peut entra\u00eener des dommages aux droits de tiers ou au fonctionnement du site web.<\/p><p>\u00a0<\/p><p><strong>POLITIQUE DE LIENS ET EXON\u00c9RATIONS DE RESPONSABILIT\u00c9<\/strong><\/p><p>EMSA TECNOLOGIA QUIMICA, S.A.U. n&rsquo;est pas responsable du contenu des pages web auxquelles l&rsquo;utilisateur peut acc\u00e9der \u00e0 travers les liens \u00e9tablis sur son site web et d\u00e9clare qu&rsquo;en aucun cas elle n&rsquo;examinera ni n&rsquo;exercera aucun type de contr\u00f4le sur le contenu des autres pages du r\u00e9seau.<\/p><p>De m\u00eame, elle ne garantit pas la disponibilit\u00e9 technique, l&rsquo;exactitude, la v\u00e9racit\u00e9, la validit\u00e9 ou la l\u00e9galit\u00e9 des pages ext\u00e9rieures \u00e0 sa propri\u00e9t\u00e9 auxquelles on peut acc\u00e9der \u00e0 travers les liens.<\/p><p>EMSA TECNOLOGIA QUIMICA, S.A.U., d\u00e9clare avoir adopt\u00e9 toutes les mesures n\u00e9cessaires pour \u00e9viter tout dommage pouvant \u00eatre caus\u00e9 aux utilisateurs de son site web suite \u00e0 la navigation sur ses pages web.<\/p><p>Par cons\u00e9quent, EMSA TECNOLOGIA QUIMICA, S.A.U., n&rsquo;assume en aucun cas la responsabilit\u00e9 des \u00e9ventuels dommages que l&rsquo;utilisateur pourrait subir suite \u00e0 la navigation sur Internet.<\/p><p><br \/><strong>ACTIONS L\u00c9GALES, L\u00c9GISLATION APPLICABLE ET JURIDICTION<\/strong><\/p><p>EMSA TECNOLOGIA QUIMICA, S.A.U., se r\u00e9serve \u00e9galement le droit d&rsquo;intenter toute action civile ou p\u00e9nale qu&rsquo;elle jugera opportune pour l&rsquo;utilisation inappropri\u00e9e de ses pages web et de ses contenus ou pour la violation de ces conditions.<\/p><p>La relation entre l&rsquo;utilisateur et EMSA TECNOLOGIA QUIMICA, S.A.U., sera r\u00e9gie par la l\u00e9gislation espagnole en vigueur et les cours ou tribunaux de la ville de Barcelone seront comp\u00e9tents pour d\u00e9cider de tout litige pouvant survenir entre l&rsquo;utilisateur et EMSA TECNOLOGIA QUIMICA, S.A.U..<\/p><p><br \/><strong>MODIFICATIONS<\/strong><\/p><p>EMSA TECNOLOGIA QUIMICA, S.A.U., se r\u00e9serve le droit d&rsquo;apporter les modifications qu&rsquo;elle juge opportunes, sans pr\u00e9avis, au contenu de son site web. Tant en ce qui concerne les contenus du site web, que dans les conditions d&rsquo;utilisation de celui-ci ou dans les conditions g\u00e9n\u00e9rales de contrat.<\/p><p>Ces modifications pourront \u00eatre effectu\u00e9es, par le biais de son site web, de toute mani\u00e8re l\u00e9galement admissible et seront contraignantes tant qu&rsquo;elles seront publi\u00e9es sur le site web et jusqu&rsquo;\u00e0 ce qu&rsquo;elles soient valablement modifi\u00e9es par des modifications ult\u00e9rieures.<\/p><p>\u00a0<\/p><p><strong>R\u00c9SERVATION DE COOKIES<\/strong><\/p><p>EMSA TECNOLOGIA QUIMICA, S.A.U., se r\u00e9serve le droit d&rsquo;utiliser des cookies dans la navigation de l&rsquo;utilisateur sur son site web pour faciliter la personnalisation et le confort de la navigation. Conform\u00e9ment \u00e0 la politique de protection des donn\u00e9es de l&rsquo;entreprise, EMSA TECNOLOGIA QUIMICA, S.A.U. informe que les cookies sont associ\u00e9s \u00e0 l&rsquo;utilisateur anonyme et \u00e0 son ordinateur, et ne fournissent pas le nom et le pr\u00e9nom de l&rsquo;utilisateur.<\/p><p>L&rsquo;utilisateur a la possibilit\u00e9 de configurer son navigateur afin d&rsquo;\u00eatre inform\u00e9 de la r\u00e9ception de cookies et peut, s&rsquo;il le souhaite, s&rsquo;opposer \u00e0 leur installation sur son disque dur. Toutefois, pour acc\u00e9der au site web d&rsquo;EMSA TECNOLOGIA QUIMICA, S.A.U., l&rsquo;installation de cookies n&rsquo;est pas obligatoire.<\/p><p><strong>PROTECTION DES DONN\u00c9ES<\/strong><\/p><p>Les aspects relatifs au traitement des donn\u00e9es personnelles des utilisateurs lors de l&rsquo;utilisation du site web sont r\u00e9glement\u00e9s dans les textes de la politique de confidentialit\u00e9 joints aux diff\u00e9rents formulaires de collecte de donn\u00e9es qui peuvent \u00eatre inclus sur le site web.<\/p><p><strong>PROPRI\u00c9T\u00c9 INTELLECTUELLE<\/strong><\/p><p>Les droits de propri\u00e9t\u00e9 intellectuelle et industrielle d\u00e9riv\u00e9s de tous les textes, images, ainsi que les moyens et formes de pr\u00e9sentation et d&rsquo;assemblage de ses pages appartiennent, par eux-m\u00eames ou en tant que cessionnaire, \u00e0 EMSA TECNOLOGIA QUIMICA, S.A.U.<\/p><p>Il s&rsquo;agit donc d&rsquo;\u0153uvres prot\u00e9g\u00e9es en tant que propri\u00e9t\u00e9 intellectuelle par l&rsquo;ordre juridique espagnol, la r\u00e9glementation espagnole et communautaire en la mati\u00e8re leur \u00e9tant applicable, ainsi que les trait\u00e9s internationaux relatifs \u00e0 la mati\u00e8re et sign\u00e9s par l&rsquo;Espagne.<\/p><p>Tous droits r\u00e9serv\u00e9s. Conform\u00e9ment \u00e0 la loi sur la propri\u00e9t\u00e9 intellectuelle, la reproduction, la distribution, la communication publique et l&rsquo;utilisation de tout ou partie du contenu de ce site Web sans le consentement expr\u00e8s d&rsquo;EMSA TECNOLOGIA QUIMICA, S.A.U. sont express\u00e9ment interdites.<\/p><p><strong>ACTIONS EN JUSTICE, L\u00c9GISLATION APPLICABLE ET JURIDICTION<\/strong><\/p><p>EMSA TECNOLOGIA QUIMICA, S.A.U. se r\u00e9serve \u00e9galement le droit d&rsquo;intenter toute action civile ou p\u00e9nale qu&rsquo;elle jugera appropri\u00e9e pour l&rsquo;utilisation inappropri\u00e9e de ses pages web et de ses contenus ou pour la violation de ces conditions.<\/p><p>La relation entre l&rsquo;utilisateur et EMSA TECNOLOGIA QUIMICA, S.A.U. sera r\u00e9gie par la l\u00e9gislation espagnole en vigueur et les tribunaux de la ville de Barcelone seront comp\u00e9tents pour trancher tout litige pouvant survenir entre l&rsquo;utilisateur et EMSA TECNOLOGIA QUIMICA, S.A.U..<\/p>\t\t\t\t\t\t\t\t<\/div>\n\t\t\t\t<\/div>\n\t\t\t\t\t<\/div>\n\t\t<\/div>\n\t\t\t\t\t<\/div>\n\t\t<\/section>\n\t\t\t\t<\/div>\n\t\t","protected":false},"excerpt":{"rendered":"<p>Avis juridique AVIS L\u00c9GAL ET CONDITIONS D&rsquo;UTILISATION DU SITE WEB D&rsquo;EMSA TECNOLOGIA QU\u00cdMICA, S.A.U. Conform\u00e9ment \u00e0 la Loi 34\/2002, du 11 juillet, sur les services de la soci\u00e9t\u00e9 de l&rsquo;information et le commerce \u00e9lectronique, EMSA TECNOLOGIA QUIMICA, S.A.U., vous informe qu&rsquo;elle est propri\u00e9taire du site web WWW.EMSAQUIMICA.COM. Conform\u00e9ment aux dispositions de l&rsquo;article 10 de la [&hellip;]<\/p>\n","protected":false},"author":2,"featured_media":0,"parent":0,"menu_order":0,"comment_status":"closed","ping_status":"closed","template":"elementor_header_footer","meta":{"_acf_changed":false,"footnotes":""},"class_list":["post-5781","page","type-page","status-publish","hentry"],"acf":[],"yoast_head":"<!-- This site is optimized with the Yoast SEO plugin v27.3 - https:\/\/yoast.com\/product\/yoast-seo-wordpress\/ -->\n<title>Aviso legal - Emsa<\/title>\n<meta name=\"robots\" content=\"index, follow, max-snippet:-1, max-image-preview:large, max-video-preview:-1\" \/>\n<link rel=\"canonical\" href=\"https:\/\/emsaquimica.com\/fr\/aviso-legal\/\" \/>\n<meta property=\"og:locale\" content=\"fr_FR\" \/>\n<meta property=\"og:type\" content=\"article\" \/>\n<meta property=\"og:title\" content=\"Aviso legal - Emsa\" \/>\n<meta property=\"og:description\" content=\"Avis juridique AVIS L\u00c9GAL ET CONDITIONS D&rsquo;UTILISATION DU SITE WEB D&rsquo;EMSA TECNOLOGIA QU\u00cdMICA, S.A.U. Conform\u00e9ment \u00e0 la Loi 34\/2002, du 11 juillet, sur les services de la soci\u00e9t\u00e9 de l&rsquo;information et le commerce \u00e9lectronique, EMSA TECNOLOGIA QUIMICA, S.A.U., vous informe qu&rsquo;elle est propri\u00e9taire du site web WWW.EMSAQUIMICA.COM. Conform\u00e9ment aux dispositions de l&rsquo;article 10 de la [&hellip;]\" \/>\n<meta property=\"og:url\" content=\"https:\/\/emsaquimica.com\/fr\/aviso-legal\/\" \/>\n<meta property=\"og:site_name\" content=\"Emsa\" \/>\n<meta property=\"article:modified_time\" content=\"2022-04-19T12:58:19+00:00\" \/>\n<meta name=\"twitter:card\" content=\"summary_large_image\" \/>\n<meta name=\"twitter:label1\" content=\"Dur\u00e9e de lecture estim\u00e9e\" \/>\n\t<meta name=\"twitter:data1\" content=\"6 minutes\" \/>\n<script type=\"application\/ld+json\" class=\"yoast-schema-graph\">{\"@context\":\"https:\\\/\\\/schema.org\",\"@graph\":[{\"@type\":\"WebPage\",\"@id\":\"https:\\\/\\\/emsaquimica.com\\\/fr\\\/aviso-legal\\\/\",\"url\":\"https:\\\/\\\/emsaquimica.com\\\/fr\\\/aviso-legal\\\/\",\"name\":\"Aviso legal - Emsa\",\"isPartOf\":{\"@id\":\"https:\\\/\\\/emsaquimica.com\\\/fr\\\/#website\"},\"datePublished\":\"2022-01-20T09:06:06+00:00\",\"dateModified\":\"2022-04-19T12:58:19+00:00\",\"breadcrumb\":{\"@id\":\"https:\\\/\\\/emsaquimica.com\\\/fr\\\/aviso-legal\\\/#breadcrumb\"},\"inLanguage\":\"fr-FR\",\"potentialAction\":[{\"@type\":\"ReadAction\",\"target\":[\"https:\\\/\\\/emsaquimica.com\\\/fr\\\/aviso-legal\\\/\"]}]},{\"@type\":\"BreadcrumbList\",\"@id\":\"https:\\\/\\\/emsaquimica.com\\\/fr\\\/aviso-legal\\\/#breadcrumb\",\"itemListElement\":[{\"@type\":\"ListItem\",\"position\":1,\"name\":\"Portada\",\"item\":\"https:\\\/\\\/emsaquimica.com\\\/fr\\\/\"},{\"@type\":\"ListItem\",\"position\":2,\"name\":\"Aviso legal\"}]},{\"@type\":\"WebSite\",\"@id\":\"https:\\\/\\\/emsaquimica.com\\\/fr\\\/#website\",\"url\":\"https:\\\/\\\/emsaquimica.com\\\/fr\\\/\",\"name\":\"Emsa\",\"description\":\"Committed Chemistry\",\"publisher\":{\"@id\":\"https:\\\/\\\/emsaquimica.com\\\/fr\\\/#organization\"},\"potentialAction\":[{\"@type\":\"SearchAction\",\"target\":{\"@type\":\"EntryPoint\",\"urlTemplate\":\"https:\\\/\\\/emsaquimica.com\\\/fr\\\/?s={search_term_string}\"},\"query-input\":{\"@type\":\"PropertyValueSpecification\",\"valueRequired\":true,\"valueName\":\"search_term_string\"}}],\"inLanguage\":\"fr-FR\"},{\"@type\":\"Organization\",\"@id\":\"https:\\\/\\\/emsaquimica.com\\\/fr\\\/#organization\",\"name\":\"Emsa\",\"url\":\"https:\\\/\\\/emsaquimica.com\\\/fr\\\/\",\"logo\":{\"@type\":\"ImageObject\",\"inLanguage\":\"fr-FR\",\"@id\":\"https:\\\/\\\/emsaquimica.com\\\/fr\\\/#\\\/schema\\\/logo\\\/image\\\/\",\"url\":\"https:\\\/\\\/emsaquimica.com\\\/wp-content\\\/uploads\\\/2021\\\/11\\\/Logo-Emsa.svg\",\"contentUrl\":\"https:\\\/\\\/emsaquimica.com\\\/wp-content\\\/uploads\\\/2021\\\/11\\\/Logo-Emsa.svg\",\"width\":200,\"height\":50,\"caption\":\"Emsa\"},\"image\":{\"@id\":\"https:\\\/\\\/emsaquimica.com\\\/fr\\\/#\\\/schema\\\/logo\\\/image\\\/\"}}]}<\/script>\n<!-- \/ Yoast SEO plugin. -->","yoast_head_json":{"title":"Aviso legal - Emsa","robots":{"index":"index","follow":"follow","max-snippet":"max-snippet:-1","max-image-preview":"max-image-preview:large","max-video-preview":"max-video-preview:-1"},"canonical":"https:\/\/emsaquimica.com\/fr\/aviso-legal\/","og_locale":"fr_FR","og_type":"article","og_title":"Aviso legal - Emsa","og_description":"Avis juridique AVIS L\u00c9GAL ET CONDITIONS D&rsquo;UTILISATION DU SITE WEB D&rsquo;EMSA TECNOLOGIA QU\u00cdMICA, S.A.U. Conform\u00e9ment \u00e0 la Loi 34\/2002, du 11 juillet, sur les services de la soci\u00e9t\u00e9 de l&rsquo;information et le commerce \u00e9lectronique, EMSA TECNOLOGIA QUIMICA, S.A.U., vous informe qu&rsquo;elle est propri\u00e9taire du site web WWW.EMSAQUIMICA.COM. Conform\u00e9ment aux dispositions de l&rsquo;article 10 de la [&hellip;]","og_url":"https:\/\/emsaquimica.com\/fr\/aviso-legal\/","og_site_name":"Emsa","article_modified_time":"2022-04-19T12:58:19+00:00","twitter_card":"summary_large_image","twitter_misc":{"Dur\u00e9e de lecture estim\u00e9e":"6 minutes"},"schema":{"@context":"https:\/\/schema.org","@graph":[{"@type":"WebPage","@id":"https:\/\/emsaquimica.com\/fr\/aviso-legal\/","url":"https:\/\/emsaquimica.com\/fr\/aviso-legal\/","name":"Aviso legal - Emsa","isPartOf":{"@id":"https:\/\/emsaquimica.com\/fr\/#website"},"datePublished":"2022-01-20T09:06:06+00:00","dateModified":"2022-04-19T12:58:19+00:00","breadcrumb":{"@id":"https:\/\/emsaquimica.com\/fr\/aviso-legal\/#breadcrumb"},"inLanguage":"fr-FR","potentialAction":[{"@type":"ReadAction","target":["https:\/\/emsaquimica.com\/fr\/aviso-legal\/"]}]},{"@type":"BreadcrumbList","@id":"https:\/\/emsaquimica.com\/fr\/aviso-legal\/#breadcrumb","itemListElement":[{"@type":"ListItem","position":1,"name":"Portada","item":"https:\/\/emsaquimica.com\/fr\/"},{"@type":"ListItem","position":2,"name":"Aviso legal"}]},{"@type":"WebSite","@id":"https:\/\/emsaquimica.com\/fr\/#website","url":"https:\/\/emsaquimica.com\/fr\/","name":"Emsa","description":"Committed Chemistry","publisher":{"@id":"https:\/\/emsaquimica.com\/fr\/#organization"},"potentialAction":[{"@type":"SearchAction","target":{"@type":"EntryPoint","urlTemplate":"https:\/\/emsaquimica.com\/fr\/?s={search_term_string}"},"query-input":{"@type":"PropertyValueSpecification","valueRequired":true,"valueName":"search_term_string"}}],"inLanguage":"fr-FR"},{"@type":"Organization","@id":"https:\/\/emsaquimica.com\/fr\/#organization","name":"Emsa","url":"https:\/\/emsaquimica.com\/fr\/","logo":{"@type":"ImageObject","inLanguage":"fr-FR","@id":"https:\/\/emsaquimica.com\/fr\/#\/schema\/logo\/image\/","url":"https:\/\/emsaquimica.com\/wp-content\/uploads\/2021\/11\/Logo-Emsa.svg","contentUrl":"https:\/\/emsaquimica.com\/wp-content\/uploads\/2021\/11\/Logo-Emsa.svg","width":200,"height":50,"caption":"Emsa"},"image":{"@id":"https:\/\/emsaquimica.com\/fr\/#\/schema\/logo\/image\/"}}]}},"_links":{"self":[{"href":"https:\/\/emsaquimica.com\/fr\/wp-json\/wp\/v2\/pages\/5781","targetHints":{"allow":["GET"]}}],"collection":[{"href":"https:\/\/emsaquimica.com\/fr\/wp-json\/wp\/v2\/pages"}],"about":[{"href":"https:\/\/emsaquimica.com\/fr\/wp-json\/wp\/v2\/types\/page"}],"author":[{"embeddable":true,"href":"https:\/\/emsaquimica.com\/fr\/wp-json\/wp\/v2\/users\/2"}],"replies":[{"embeddable":true,"href":"https:\/\/emsaquimica.com\/fr\/wp-json\/wp\/v2\/comments?post=5781"}],"version-history":[{"count":3,"href":"https:\/\/emsaquimica.com\/fr\/wp-json\/wp\/v2\/pages\/5781\/revisions"}],"predecessor-version":[{"id":6329,"href":"https:\/\/emsaquimica.com\/fr\/wp-json\/wp\/v2\/pages\/5781\/revisions\/6329"}],"wp:attachment":[{"href":"https:\/\/emsaquimica.com\/fr\/wp-json\/wp\/v2\/media?parent=5781"}],"curies":[{"name":"wp","href":"https:\/\/api.w.org\/{rel}","templated":true}]}}