{"id":5784,"date":"2022-01-14T16:16:34","date_gmt":"2022-01-14T15:16:34","guid":{"rendered":"https:\/\/emsaquimica.com\/politica-cookies\/"},"modified":"2022-04-19T15:40:04","modified_gmt":"2022-04-19T13:40:04","slug":"politica-cookies","status":"publish","type":"page","link":"https:\/\/emsaquimica.com\/fr\/politica-cookies\/","title":{"rendered":"Pol\u00edtica de cookies"},"content":{"rendered":"\t\t<div data-elementor-type=\"wp-page\" data-elementor-id=\"5784\" class=\"elementor elementor-5784 elementor-2534\" data-elementor-post-type=\"page\">\n\t\t\t\t\t\t<section class=\"has_ae_slider elementor-section elementor-top-section elementor-element elementor-element-8ab1c0f elementor-section-full_width elementor-section-height-min-height elementor-section-items-stretch elementor-section-height-default ae-bg-gallery-type-default\" data-id=\"8ab1c0f\" data-element_type=\"section\" data-e-type=\"section\">\n\t\t\t\t\t\t<div class=\"elementor-container elementor-column-gap-default\">\n\t\t\t\t\t<div class=\"has_ae_slider elementor-column elementor-col-100 elementor-top-column elementor-element elementor-element-6f13ba7 ae-bg-gallery-type-default\" data-id=\"6f13ba7\" data-element_type=\"column\" data-e-type=\"column\" data-settings=\"{&quot;background_background&quot;:&quot;classic&quot;}\">\n\t\t\t<div class=\"elementor-widget-wrap elementor-element-populated\">\n\t\t\t\t\t<div class=\"elementor-background-overlay\"><\/div>\n\t\t\t\t\t\t<div class=\"elementor-element elementor-element-0a7c1dd elementor-widget elementor-widget-heading\" data-id=\"0a7c1dd\" data-element_type=\"widget\" data-e-type=\"widget\" data-widget_type=\"heading.default\">\n\t\t\t\t<div class=\"elementor-widget-container\">\n\t\t\t\t\t<h2 class=\"elementor-heading-title elementor-size-default\">Politique de cookies<\/h2>\t\t\t\t<\/div>\n\t\t\t\t<\/div>\n\t\t\t\t<section class=\"has_ae_slider elementor-section elementor-inner-section elementor-element elementor-element-0f16499 elementor-section-height-min-height elementor-section-boxed elementor-section-height-default ae-bg-gallery-type-default\" data-id=\"0f16499\" data-element_type=\"section\" data-e-type=\"section\">\n\t\t\t\t\t\t<div class=\"elementor-container elementor-column-gap-no\">\n\t\t\t\t\t<div class=\"has_ae_slider elementor-column elementor-col-50 elementor-inner-column elementor-element elementor-element-b5adf5c ae-bg-gallery-type-default\" data-id=\"b5adf5c\" data-element_type=\"column\" data-e-type=\"column\">\n\t\t\t<div class=\"elementor-widget-wrap elementor-element-populated\">\n\t\t\t\t\t\t\t<\/div>\n\t\t<\/div>\n\t\t\t\t<div class=\"has_ae_slider elementor-column elementor-col-50 elementor-inner-column elementor-element elementor-element-7b7f25a ae-bg-gallery-type-default\" data-id=\"7b7f25a\" data-element_type=\"column\" data-e-type=\"column\">\n\t\t\t<div class=\"elementor-widget-wrap\">\n\t\t\t\t\t\t\t<\/div>\n\t\t<\/div>\n\t\t\t\t\t<\/div>\n\t\t<\/section>\n\t\t\t\t\t<\/div>\n\t\t<\/div>\n\t\t\t\t\t<\/div>\n\t\t<\/section>\n\t\t\t\t<section class=\"has_ae_slider elementor-section elementor-top-section elementor-element elementor-element-5201474 elementor-section-boxed elementor-section-height-default elementor-section-height-default ae-bg-gallery-type-default\" data-id=\"5201474\" data-element_type=\"section\" data-e-type=\"section\">\n\t\t\t\t\t\t<div class=\"elementor-container elementor-column-gap-no\">\n\t\t\t\t\t<div class=\"has_ae_slider elementor-column elementor-col-100 elementor-top-column elementor-element elementor-element-2412d03 ae-bg-gallery-type-default\" data-id=\"2412d03\" data-element_type=\"column\" data-e-type=\"column\">\n\t\t\t<div class=\"elementor-widget-wrap elementor-element-populated\">\n\t\t\t\t\t\t<div class=\"elementor-element elementor-element-d17a40c elementor-widget elementor-widget-text-editor\" data-id=\"d17a40c\" data-element_type=\"widget\" data-e-type=\"widget\" data-widget_type=\"text-editor.default\">\n\t\t\t\t<div class=\"elementor-widget-container\">\n\t\t\t\t\t\t\t\t\t<p><strong>Est-ce que EMSA TECNOLOGIA QU\u00cdMICA, S.A.U. utilise des cookies?<\/strong><\/p><p>EMSA TECNOLOGIA QUIMICA, S.A.U. utilise des cookies internes et de tiers uniquement si vous avez donn\u00e9 votre consentement conform\u00e9ment \u00e0 ce qui est indiqu\u00e9 dans la fen\u00eatre pop-up de votre navigateur lorsque vous acc\u00e9dez \u00e0 notre site web pour la premi\u00e8re fois.<\/p><p><strong>1. Qu\u2019est-ce qu\u2019un cookie ?<\/strong><\/p><p>Un cookie est fichier qui se t\u00e9l\u00e9charge dans votre ordinateur en acc\u00e9dant \u00e0 certains sites web. Les cookies permettent \u00e0 un site web, notamment, de stocker et r\u00e9cup\u00e9rer des informations sur les habitudes de navigation d\u2019un utilisateur ou de son \u00e9quipement et, selon les informations qu\u2019ils contiennent et de la mani\u00e8re dont votre terminal est utilis\u00e9, ils peuvent \u00eatre employ\u00e9s pour reconna\u00eetre l\u2019utilisateur.<\/p><p>Les cookies sont essentiels pour le fonctionnement d\u2019internet, apportant de nombreux avantages dans la prestation de services interactifs, facilitant la navigation et l\u2019utilisation sur notre site web.<\/p><p>Les informations que nous vous fournissons ci-apr\u00e8s vous aideront \u00e0 comprendre les diff\u00e9rents types de cookies :<\/p><p><strong>2.\u202fQuels types de cookies ce site web utilise-t-il ?<\/strong><\/p><p style=\"padding-left: 40px;\"><strong>a)\u202f\u202f\u202f\u202fEn fonction de l\u2019organisme qui les g\u00e8re :<\/strong><\/p><p style=\"padding-left: 40px;\">Cookies internes : Ce sont des cookies qui sont envoy\u00e9s \u00e0 l\u2019appareil terminal de l\u2019utilisateur depuis un appareil ou domaine g\u00e9r\u00e9 par EMSA TECNOLOGIA QUIMICA, S.A.U., et \u00e0 partir duquel le service demand\u00e9 par l\u2019utilisateur est fourni.<\/p><p style=\"padding-left: 40px;\">Cookies de tiers : Ce sont des cookies qui sont envoy\u00e9s \u00e0 l\u2019appareil terminal de l\u2019utilisateur depuis un appareil ou domaine non g\u00e9r\u00e9 par EMSA TECNOLOGIA QUIMICA, S.A.U., mais par un autre organisme qui traite les donn\u00e9es obtenues \u00e0 travers les cookies.<\/p><p style=\"padding-left: 40px;\"><strong>b) En fonction de la dur\u00e9e qu\u2019ils restent activ\u00e9s :<\/strong><\/p><p style=\"padding-left: 40px;\">Cookies de session : Ce sont des cookies con\u00e7us pour compiler et stocker des donn\u00e9es pendant que l\u2019utilisateur acc\u00e8de \u00e0 un site web.<\/p><p style=\"padding-left: 40px;\">Cookies persistants : Ce sont des cookies dans lesquels les donn\u00e9es sont encore stock\u00e9es dans le terminal et peuvent \u00eatre consult\u00e9es et trait\u00e9es pendant une p\u00e9riode d\u00e9finie par le responsable du cookie, qui peut aller de quelques minutes \u00e0 plusieurs ann\u00e9es.<\/p><p style=\"padding-left: 40px;\"><strong>c) En fonction de la finalit\u00e9 pour laquelle ils sont trait\u00e9s :<\/strong><\/p><p style=\"padding-left: 40px;\"><strong>Cookies d\u2019analyse:<\/strong> Ce sont ceux qui, bien trait\u00e9s par nous-m\u00eames ou par des tiers, nous permettent de quantifier le nombre d\u2019utilisateurs et ainsi r\u00e9aliser la mesure et l\u2019analyse statistique de l\u2019utilisation r\u00e9alis\u00e9e par les usagers du service propos\u00e9. Pour cela, votre navigation est analys\u00e9e sur notre site web ou application afin d\u2019am\u00e9liorer l\u2019offre de produits ou services que nous vous proposons.<\/p><p style=\"padding-left: 40px;\"><strong>Cookies techniques:<\/strong> Ce sont ceux qui, trait\u00e9s par nous-m\u00eames ou par des tiers, permettent \u00e0 l\u2019utilisateur de naviguer sur notre site web et d\u2019utiliser les diff\u00e9rentes options ou services de celui-ci, tels que les plug-ins pour \u00e9changer des contenus sociaux, l\u2019authentification ou l\u2019identification de l\u2019utilisateur ou les sessions de lecteur multim\u00e9dia.<\/p><p style=\"padding-left: 40px;\"><strong>Cookies de personnalisation:<\/strong> Ce sont ceux qui, trait\u00e9s par nous-m\u00eames ou par des tiers, permettent \u00e0 l\u2019utilisateur d\u2019acc\u00e9der au service avec certaines caract\u00e9ristiques g\u00e9n\u00e9rales pr\u00e9d\u00e9finies selon une s\u00e9rie de crit\u00e8res dans le terminal de l\u2019utilisateur, comme la langue pr\u00e9d\u00e9finie dans laquelle le site web est affich\u00e9.<\/p><p style=\"padding-left: 40px;\"><strong>Cookies publicitaires:<\/strong> Ils permettent \u00e0 l\u2019\u00e9diteur d\u2019inclure des espaces publicitaires sur le site web, selon son contenu.<\/p><p style=\"padding-left: 40px;\"><strong>Cookies de g\u00e9olocalisation:<\/strong> Ces cookies sont utilis\u00e9s pour des programmes qui tentent de localiser g\u00e9ographiquement l\u2019emplacement de l\u2019ordinateur, le smartphone, la tablette ou la t\u00e9l\u00e9vision connect\u00e9e.<\/p><p><strong>3. D\u00e9sactivation ou suppression des cookies<\/strong><\/p><p>Vous pouvez permettre de bloquer ou de supprimer les cookies install\u00e9s dans votre appareil par le biais de la configuration des options du navigateur install\u00e9 dans votre ordinateur\/tablette\/smartphone.<\/p><p>Pour plus d\u2019informations sur Internet Explorer, <a href=\"https:\/\/support.microsoft.com\/es-es\/windows\/cambiar-o-restablecer-la-configuraci%C3%B3n-de-internet-explorer-2d4bac50-5762-91c5-a057-a922533f77d5#1TC=windows-7\">cliquez ici<\/a>. <br \/>Pour plus d\u2019informations sur Google Chrome, <a href=\"https:\/\/support.google.com\/chrome\/?p=help&amp;ctx=settings#topic=9796470\">cliquez ici<\/a>. <br \/>Pour plus d\u2019informations sur Firefox, <a href=\"https:\/\/support.mozilla.org\/es\/products\/firefox\/privacy-and-security\">cliquez ici<\/a>. <br \/>Pour plus d\u2019informations sur Safari, <a href=\"https:\/\/support.apple.com\/es-es\/HT201265\">cliquez ici<\/a>. <br \/>Pour plus d\u2019informations sur Opera, <a href=\"https:\/\/help.opera.com\/en\/latest\/web-preferences\/\">cliquez ici<\/a>.<\/p><p><br \/><strong>4. Utilisation des cookies<\/strong><\/p><p>Sur ce site web, nous utilisons \u00e9galement des cookies de tiers pour analyser les informations de navigation, permettre le partage de contenus sur les r\u00e9seaux sociaux et la lecture de vid\u00e9os h\u00e9berg\u00e9es sur un autre site web. En cliquant sur les liens suivants, vous pouvez consulter la politique de cookies de chacune de ces entit\u00e9s :<\/p><p>Google Analytics : <br \/><a href=\"https:\/\/developers.google.com\/analytics\/devguides\/collection\/analyticsjs\/cookie-usage\">https:\/\/developers.google.com\/analytics\/devguides\/collection\/analyticsjs\/cookie-usage<\/a> <br \/><a href=\"https:\/\/www.google.com\/analytics\/learn\/privacy.html\">https:\/\/www.google.com\/analytics\/learn\/privacy.html<\/a> <br \/><a href=\"http:\/\/www.google.com\/intl\/en-US\/policies\/technologies\/cookies\/\">http:\/\/www.google.com\/intl\/en-US\/policies\/technologies\/cookies\/ <\/a><br \/><a href=\"http:\/\/Twitter :\u202fhttps:\/\/twitter.com\/privacy\" data-wplink-url-error=\"true\">Twitter :\u202fhttps:\/\/twitter.com\/privacy<\/a><\/p><p><br \/><strong>5. Consentement<\/strong><\/p><p>En naviguant sur notre site web ou en acc\u00e9dant \u00e0 notre application, vous acceptez l\u2019installation et l\u2019utilisation des cookies.<\/p><p>Vous pouvez \u00e0 tout moment retirer votre consentement pr\u00e9c\u00e9demment accord\u00e9 en supprimant les cookies install\u00e9s sur votre ordinateur via la configuration des options de votre navigateur, comme indiqu\u00e9 dans la section \u00ab d\u00e9sactivation ou suppression des cookies \u00bb. N\u00e9anmoins, nous vous informons que cela peut avoir un impact sur les fonctionnalit\u00e9s du site web ou de l\u2019application, rendant votre exp\u00e9rience utilisateur moins satisfaisante.<\/p>\t\t\t\t\t\t\t\t<\/div>\n\t\t\t\t<\/div>\n\t\t\t\t\t<\/div>\n\t\t<\/div>\n\t\t\t\t\t<\/div>\n\t\t<\/section>\n\t\t\t\t<\/div>\n\t\t","protected":false},"excerpt":{"rendered":"<p>Politique de cookies Est-ce que EMSA TECNOLOGIA QU\u00cdMICA, S.A.U. utilise des cookies? EMSA TECNOLOGIA QUIMICA, S.A.U. utilise des cookies internes et de tiers uniquement si vous avez donn\u00e9 votre consentement conform\u00e9ment \u00e0 ce qui est indiqu\u00e9 dans la fen\u00eatre pop-up de votre navigateur lorsque vous acc\u00e9dez \u00e0 notre site web pour la premi\u00e8re fois. 1. [&hellip;]<\/p>\n","protected":false},"author":2,"featured_media":0,"parent":0,"menu_order":0,"comment_status":"closed","ping_status":"closed","template":"elementor_header_footer","meta":{"_acf_changed":false,"footnotes":""},"class_list":["post-5784","page","type-page","status-publish","hentry"],"acf":[],"yoast_head":"<!-- This site is optimized with the Yoast SEO plugin v27.3 - https:\/\/yoast.com\/product\/yoast-seo-wordpress\/ -->\n<title>Pol\u00edtica de cookies - Emsa<\/title>\n<meta name=\"robots\" content=\"index, follow, max-snippet:-1, max-image-preview:large, max-video-preview:-1\" \/>\n<link rel=\"canonical\" href=\"https:\/\/emsaquimica.com\/fr\/politica-cookies\/\" \/>\n<meta property=\"og:locale\" content=\"fr_FR\" \/>\n<meta property=\"og:type\" content=\"article\" \/>\n<meta property=\"og:title\" content=\"Pol\u00edtica de cookies - Emsa\" \/>\n<meta property=\"og:description\" content=\"Politique de cookies Est-ce que EMSA TECNOLOGIA QU\u00cdMICA, S.A.U. utilise des cookies? EMSA TECNOLOGIA QUIMICA, S.A.U. utilise des cookies internes et de tiers uniquement si vous avez donn\u00e9 votre consentement conform\u00e9ment \u00e0 ce qui est indiqu\u00e9 dans la fen\u00eatre pop-up de votre navigateur lorsque vous acc\u00e9dez \u00e0 notre site web pour la premi\u00e8re fois. 1. [&hellip;]\" \/>\n<meta property=\"og:url\" content=\"https:\/\/emsaquimica.com\/fr\/politica-cookies\/\" \/>\n<meta property=\"og:site_name\" content=\"Emsa\" \/>\n<meta property=\"article:modified_time\" content=\"2022-04-19T13:40:04+00:00\" \/>\n<meta name=\"twitter:card\" content=\"summary_large_image\" \/>\n<meta name=\"twitter:label1\" content=\"Dur\u00e9e de lecture estim\u00e9e\" \/>\n\t<meta name=\"twitter:data1\" content=\"4 minutes\" \/>\n<script type=\"application\/ld+json\" class=\"yoast-schema-graph\">{\"@context\":\"https:\\\/\\\/schema.org\",\"@graph\":[{\"@type\":\"WebPage\",\"@id\":\"https:\\\/\\\/emsaquimica.com\\\/fr\\\/politica-cookies\\\/\",\"url\":\"https:\\\/\\\/emsaquimica.com\\\/fr\\\/politica-cookies\\\/\",\"name\":\"Pol\u00edtica de cookies - Emsa\",\"isPartOf\":{\"@id\":\"https:\\\/\\\/emsaquimica.com\\\/fr\\\/#website\"},\"datePublished\":\"2022-01-14T15:16:34+00:00\",\"dateModified\":\"2022-04-19T13:40:04+00:00\",\"breadcrumb\":{\"@id\":\"https:\\\/\\\/emsaquimica.com\\\/fr\\\/politica-cookies\\\/#breadcrumb\"},\"inLanguage\":\"fr-FR\",\"potentialAction\":[{\"@type\":\"ReadAction\",\"target\":[\"https:\\\/\\\/emsaquimica.com\\\/fr\\\/politica-cookies\\\/\"]}]},{\"@type\":\"BreadcrumbList\",\"@id\":\"https:\\\/\\\/emsaquimica.com\\\/fr\\\/politica-cookies\\\/#breadcrumb\",\"itemListElement\":[{\"@type\":\"ListItem\",\"position\":1,\"name\":\"Portada\",\"item\":\"https:\\\/\\\/emsaquimica.com\\\/fr\\\/\"},{\"@type\":\"ListItem\",\"position\":2,\"name\":\"Pol\u00edtica de cookies\"}]},{\"@type\":\"WebSite\",\"@id\":\"https:\\\/\\\/emsaquimica.com\\\/fr\\\/#website\",\"url\":\"https:\\\/\\\/emsaquimica.com\\\/fr\\\/\",\"name\":\"Emsa\",\"description\":\"Committed Chemistry\",\"publisher\":{\"@id\":\"https:\\\/\\\/emsaquimica.com\\\/fr\\\/#organization\"},\"potentialAction\":[{\"@type\":\"SearchAction\",\"target\":{\"@type\":\"EntryPoint\",\"urlTemplate\":\"https:\\\/\\\/emsaquimica.com\\\/fr\\\/?s={search_term_string}\"},\"query-input\":{\"@type\":\"PropertyValueSpecification\",\"valueRequired\":true,\"valueName\":\"search_term_string\"}}],\"inLanguage\":\"fr-FR\"},{\"@type\":\"Organization\",\"@id\":\"https:\\\/\\\/emsaquimica.com\\\/fr\\\/#organization\",\"name\":\"Emsa\",\"url\":\"https:\\\/\\\/emsaquimica.com\\\/fr\\\/\",\"logo\":{\"@type\":\"ImageObject\",\"inLanguage\":\"fr-FR\",\"@id\":\"https:\\\/\\\/emsaquimica.com\\\/fr\\\/#\\\/schema\\\/logo\\\/image\\\/\",\"url\":\"https:\\\/\\\/emsaquimica.com\\\/wp-content\\\/uploads\\\/2021\\\/11\\\/Logo-Emsa.svg\",\"contentUrl\":\"https:\\\/\\\/emsaquimica.com\\\/wp-content\\\/uploads\\\/2021\\\/11\\\/Logo-Emsa.svg\",\"width\":200,\"height\":50,\"caption\":\"Emsa\"},\"image\":{\"@id\":\"https:\\\/\\\/emsaquimica.com\\\/fr\\\/#\\\/schema\\\/logo\\\/image\\\/\"}}]}<\/script>\n<!-- \/ Yoast SEO plugin. -->","yoast_head_json":{"title":"Pol\u00edtica de cookies - Emsa","robots":{"index":"index","follow":"follow","max-snippet":"max-snippet:-1","max-image-preview":"max-image-preview:large","max-video-preview":"max-video-preview:-1"},"canonical":"https:\/\/emsaquimica.com\/fr\/politica-cookies\/","og_locale":"fr_FR","og_type":"article","og_title":"Pol\u00edtica de cookies - Emsa","og_description":"Politique de cookies Est-ce que EMSA TECNOLOGIA QU\u00cdMICA, S.A.U. utilise des cookies? EMSA TECNOLOGIA QUIMICA, S.A.U. utilise des cookies internes et de tiers uniquement si vous avez donn\u00e9 votre consentement conform\u00e9ment \u00e0 ce qui est indiqu\u00e9 dans la fen\u00eatre pop-up de votre navigateur lorsque vous acc\u00e9dez \u00e0 notre site web pour la premi\u00e8re fois. 1. [&hellip;]","og_url":"https:\/\/emsaquimica.com\/fr\/politica-cookies\/","og_site_name":"Emsa","article_modified_time":"2022-04-19T13:40:04+00:00","twitter_card":"summary_large_image","twitter_misc":{"Dur\u00e9e de lecture estim\u00e9e":"4 minutes"},"schema":{"@context":"https:\/\/schema.org","@graph":[{"@type":"WebPage","@id":"https:\/\/emsaquimica.com\/fr\/politica-cookies\/","url":"https:\/\/emsaquimica.com\/fr\/politica-cookies\/","name":"Pol\u00edtica de cookies - Emsa","isPartOf":{"@id":"https:\/\/emsaquimica.com\/fr\/#website"},"datePublished":"2022-01-14T15:16:34+00:00","dateModified":"2022-04-19T13:40:04+00:00","breadcrumb":{"@id":"https:\/\/emsaquimica.com\/fr\/politica-cookies\/#breadcrumb"},"inLanguage":"fr-FR","potentialAction":[{"@type":"ReadAction","target":["https:\/\/emsaquimica.com\/fr\/politica-cookies\/"]}]},{"@type":"BreadcrumbList","@id":"https:\/\/emsaquimica.com\/fr\/politica-cookies\/#breadcrumb","itemListElement":[{"@type":"ListItem","position":1,"name":"Portada","item":"https:\/\/emsaquimica.com\/fr\/"},{"@type":"ListItem","position":2,"name":"Pol\u00edtica de cookies"}]},{"@type":"WebSite","@id":"https:\/\/emsaquimica.com\/fr\/#website","url":"https:\/\/emsaquimica.com\/fr\/","name":"Emsa","description":"Committed Chemistry","publisher":{"@id":"https:\/\/emsaquimica.com\/fr\/#organization"},"potentialAction":[{"@type":"SearchAction","target":{"@type":"EntryPoint","urlTemplate":"https:\/\/emsaquimica.com\/fr\/?s={search_term_string}"},"query-input":{"@type":"PropertyValueSpecification","valueRequired":true,"valueName":"search_term_string"}}],"inLanguage":"fr-FR"},{"@type":"Organization","@id":"https:\/\/emsaquimica.com\/fr\/#organization","name":"Emsa","url":"https:\/\/emsaquimica.com\/fr\/","logo":{"@type":"ImageObject","inLanguage":"fr-FR","@id":"https:\/\/emsaquimica.com\/fr\/#\/schema\/logo\/image\/","url":"https:\/\/emsaquimica.com\/wp-content\/uploads\/2021\/11\/Logo-Emsa.svg","contentUrl":"https:\/\/emsaquimica.com\/wp-content\/uploads\/2021\/11\/Logo-Emsa.svg","width":200,"height":50,"caption":"Emsa"},"image":{"@id":"https:\/\/emsaquimica.com\/fr\/#\/schema\/logo\/image\/"}}]}},"_links":{"self":[{"href":"https:\/\/emsaquimica.com\/fr\/wp-json\/wp\/v2\/pages\/5784","targetHints":{"allow":["GET"]}}],"collection":[{"href":"https:\/\/emsaquimica.com\/fr\/wp-json\/wp\/v2\/pages"}],"about":[{"href":"https:\/\/emsaquimica.com\/fr\/wp-json\/wp\/v2\/types\/page"}],"author":[{"embeddable":true,"href":"https:\/\/emsaquimica.com\/fr\/wp-json\/wp\/v2\/users\/2"}],"replies":[{"embeddable":true,"href":"https:\/\/emsaquimica.com\/fr\/wp-json\/wp\/v2\/comments?post=5784"}],"version-history":[{"count":6,"href":"https:\/\/emsaquimica.com\/fr\/wp-json\/wp\/v2\/pages\/5784\/revisions"}],"predecessor-version":[{"id":6433,"href":"https:\/\/emsaquimica.com\/fr\/wp-json\/wp\/v2\/pages\/5784\/revisions\/6433"}],"wp:attachment":[{"href":"https:\/\/emsaquimica.com\/fr\/wp-json\/wp\/v2\/media?parent=5784"}],"curies":[{"name":"wp","href":"https:\/\/api.w.org\/{rel}","templated":true}]}}