{"id":5787,"date":"2022-01-14T16:12:13","date_gmt":"2022-01-14T15:12:13","guid":{"rendered":"https:\/\/emsaquimica.com\/politica-privacidad\/"},"modified":"2022-04-19T15:43:54","modified_gmt":"2022-04-19T13:43:54","slug":"politica-privacidad","status":"publish","type":"page","link":"https:\/\/emsaquimica.com\/fr\/politica-privacidad\/","title":{"rendered":"Pol\u00edtica de Privacidad"},"content":{"rendered":"\t\t<div data-elementor-type=\"wp-page\" data-elementor-id=\"5787\" class=\"elementor elementor-5787 elementor-2529\" data-elementor-post-type=\"page\">\n\t\t\t\t\t\t<section class=\"has_ae_slider elementor-section elementor-top-section elementor-element elementor-element-8ab1c0f elementor-section-full_width elementor-section-height-min-height elementor-section-items-stretch elementor-section-height-default ae-bg-gallery-type-default\" data-id=\"8ab1c0f\" data-element_type=\"section\" data-e-type=\"section\">\n\t\t\t\t\t\t<div class=\"elementor-container elementor-column-gap-default\">\n\t\t\t\t\t<div class=\"has_ae_slider elementor-column elementor-col-100 elementor-top-column elementor-element elementor-element-6f13ba7 ae-bg-gallery-type-default\" data-id=\"6f13ba7\" data-element_type=\"column\" data-e-type=\"column\" data-settings=\"{&quot;background_background&quot;:&quot;classic&quot;}\">\n\t\t\t<div class=\"elementor-widget-wrap elementor-element-populated\">\n\t\t\t\t\t<div class=\"elementor-background-overlay\"><\/div>\n\t\t\t\t\t\t<div class=\"elementor-element elementor-element-0a7c1dd elementor-widget elementor-widget-heading\" data-id=\"0a7c1dd\" data-element_type=\"widget\" data-e-type=\"widget\" data-widget_type=\"heading.default\">\n\t\t\t\t<div class=\"elementor-widget-container\">\n\t\t\t\t\t<h2 class=\"elementor-heading-title elementor-size-default\">Politique de confidentialit\u00e9<\/h2>\t\t\t\t<\/div>\n\t\t\t\t<\/div>\n\t\t\t\t<section class=\"has_ae_slider elementor-section elementor-inner-section elementor-element elementor-element-8c9de9a elementor-section-height-min-height elementor-section-boxed elementor-section-height-default ae-bg-gallery-type-default\" data-id=\"8c9de9a\" data-element_type=\"section\" data-e-type=\"section\">\n\t\t\t\t\t\t<div class=\"elementor-container elementor-column-gap-no\">\n\t\t\t\t\t<div class=\"has_ae_slider elementor-column elementor-col-50 elementor-inner-column elementor-element elementor-element-d0d1ce4 ae-bg-gallery-type-default\" data-id=\"d0d1ce4\" data-element_type=\"column\" data-e-type=\"column\">\n\t\t\t<div class=\"elementor-widget-wrap elementor-element-populated\">\n\t\t\t\t\t\t\t<\/div>\n\t\t<\/div>\n\t\t\t\t<div class=\"has_ae_slider elementor-column elementor-col-50 elementor-inner-column elementor-element elementor-element-c599ce3 ae-bg-gallery-type-default\" data-id=\"c599ce3\" data-element_type=\"column\" data-e-type=\"column\">\n\t\t\t<div class=\"elementor-widget-wrap\">\n\t\t\t\t\t\t\t<\/div>\n\t\t<\/div>\n\t\t\t\t\t<\/div>\n\t\t<\/section>\n\t\t\t\t\t<\/div>\n\t\t<\/div>\n\t\t\t\t\t<\/div>\n\t\t<\/section>\n\t\t\t\t<section class=\"has_ae_slider elementor-section elementor-top-section elementor-element elementor-element-5201474 elementor-section-boxed elementor-section-height-default elementor-section-height-default ae-bg-gallery-type-default\" data-id=\"5201474\" data-element_type=\"section\" data-e-type=\"section\">\n\t\t\t\t\t\t<div class=\"elementor-container elementor-column-gap-no\">\n\t\t\t\t\t<div class=\"has_ae_slider elementor-column elementor-col-100 elementor-top-column elementor-element elementor-element-2412d03 ae-bg-gallery-type-default\" data-id=\"2412d03\" data-element_type=\"column\" data-e-type=\"column\">\n\t\t\t<div class=\"elementor-widget-wrap elementor-element-populated\">\n\t\t\t\t\t\t<div class=\"elementor-element elementor-element-d17a40c elementor-widget elementor-widget-text-editor\" data-id=\"d17a40c\" data-element_type=\"widget\" data-e-type=\"widget\" data-widget_type=\"text-editor.default\">\n\t\t\t\t<div class=\"elementor-widget-container\">\n\t\t\t\t\t\t\t\t\t<p>La pr\u00e9sente politique de confidentialit\u00e9 a pour objet de vous informer sur le traitement de vos donn\u00e9es et vos droits conform\u00e9ment \u00e0 la r\u00e9glementation applicable en mati\u00e8re de protection des donn\u00e9es personnelles, au r\u00e8glement g\u00e9n\u00e9ral (UE) 2016\/679 du 27 avril 2016, de protection des donn\u00e9es (RGPD) et \u00e0 la loi organique 3\/2018 du 5 d\u00e9cembre, relative \u00e0 la protection des donn\u00e9es personnelles et \u00e0 la garantie des droits num\u00e9riques.<\/p><p><strong>3. Qui est le responsable du traitement?<\/strong><\/p><p>EMSA TECNOLOGIA QUIMICA, S.A.U. doit informer les utilisateurs de son site web de la collecte de donn\u00e9es personnelles qui peut \u00eatre effectu\u00e9e, soit en envoyant un courrier \u00e9lectronique, soit en remplissant les formulaires inclus sur le site web. En ce sens, EMSA TECNOLOGIA QUIMICA, S.A.U. sera consid\u00e9r\u00e9 comme responsable du traitement des donn\u00e9es collect\u00e9es via les moyens d\u00e9cris pr\u00e9c\u00e9demment.<\/p><p>RESPONSABLE DU TRAITEMENT : EMSA TECNOLOGIA QUIMICA, S.A.U., dont le domicile social est rue Mestre Nicolau 19, 8\u00ba, 08021 &#8211; Barcelone, Espagne et le C.I.F. est le A-08685166, t\u00e9l\u00e9phone : +34 934 701 196. E-mail :\u202femsaquimica@emsaquimica.com<\/p><p><strong>2. Dans quel but traitons-nous vos donn\u00e9es personnelles?<\/strong><\/p><p>Les donn\u00e9es que vous nous fournissez seront trait\u00e9es aux fins suivantes : Le traitement des demandes formul\u00e9es par les utilisateurs, l\u2019inclusion dans l\u2019agenda de contact, la prestation de services et la gestion de la relation commerciale, ainsi que l\u2019envoi d\u2019informations et d\u2019offres similaires aux informations demand\u00e9es.<\/p><p><strong>3. Quelle est la l\u00e9gitimation du traitement de vos donn\u00e9es?<\/strong><\/p><p>La base l\u00e9gale pour le traitement de vos donn\u00e9es est votre consentement donn\u00e9 de mani\u00e8re explicite via le formulaire de souscription.<\/p><p><strong>4. \u00c0 quels destinataires vos donn\u00e9es seront-elles communiqu\u00e9es ?<\/strong><\/p><p>EMSA TECNOLOGIA QUIMICA, S.A.U. informe que vos donn\u00e9es personnelles ne seront pas c\u00e9d\u00e9es \u00e0 des tiers, sauf s\u2019il existe une obligation l\u00e9gale ou une base juridique l\u00e9gitimant cette cession.<\/p><p>D\u2019autre part, les prestataires de services d\u2019EMSA TECNOLOGIA QUIMICA, S.A.U., qui exercent des fonctions li\u00e9es aux finalit\u00e9s du traitement d\u00e9crit, pourront avoir acc\u00e8s \u00e0 vos donn\u00e9es personnelles en tant que responsables du traitement, pour lesquels EMSA TECNOLOGIA QUIMICA, S.A.U. garantit qu\u2019ils adopteront les politiques et mesures de protection des donn\u00e9es personnelles n\u00e9cessaires au traitement correct de celles-ci.<\/p><p>Vos donn\u00e9es seront d\u00fbment conserv\u00e9es et prot\u00e9g\u00e9es contre la perte ou l\u2019alt\u00e9ration de l\u2019information et l\u2019acc\u00e8s non autoris\u00e9 tant que la relation commerciale existe et pendant la p\u00e9riode l\u00e9galement \u00e9tablie, sauf indication contraire de votre part et \u00e0 condition que la r\u00e9glementation en vigueur permette la suppression des donn\u00e9es.<\/p><p><strong>5. Combien de temps conserverons-nous vos donn\u00e9es?<\/strong><\/p><p>EMSA TECNOLOGIA QUIMICA, S.A.U. conservera vos donn\u00e9es personnelles seulement pendant le temps n\u00e9cessaire aux fins pour lesquelles elles ont \u00e9t\u00e9 collect\u00e9es, du moment que vous n\u2019annuliez pas le consentement donn\u00e9 \u00e0 cet effet.<\/p><p><strong>6. Quels sont vos droits quand vous nous fournissez vos donn\u00e9es personnelles?<\/strong><\/p><p>Vous aurez la possibilit\u00e9 d\u2019exercer les droits d\u2019acc\u00e8s, qui vous permettent en tant qu\u2019internaute de savoir quelles sont les donn\u00e9es personnelles dont dispose l\u2019administrateur de ce site et dans ce cas, il r\u00e9pondra dans un d\u00e9lai d\u2019un mois, \u00e0 condition que vous conserviez les donn\u00e9es; les droits de rectification, qui vous permettent de corriger les erreurs, de modifier les donn\u00e9es inexactes ou incompl\u00e8tes et de garantir l\u2019exactitude des informations ; les droits d\u2019opposition, par lesquels vous pouvez demander et obtenir que le traitement des donn\u00e9es ne soit pas effectu\u00e9; les droits de suppression, qui vous permettent de supprimer les donn\u00e9es inappropri\u00e9es ou excessives ; les droits de limitation qui vous permettent de demander que le traitement de vos donn\u00e9es soit limit\u00e9 lorsque vous avez exerc\u00e9 votre droit de rectification de vos donn\u00e9es personnelles ; et les droits de portabilit\u00e9, par lesquels vous pouvez obtenir une copie des donn\u00e9es personnelles fournies sur le site web afin de pouvoir les transmettre \u00e0 d\u2019autres services.<\/p><p>Pour faire valoir ces droits, l\u2019utilisateur doit adresser un courrier \u00e0 : EMSA TECNOLOGIA QUIMICA, S.A.U., Mestre Nicolau 19, 8\u00ba, 08021 Barcelone, Espagne, ou envoyer un courrier \u00e9lectronique \u00e0:\u202femsaquimica@emsaquimica.com, en fournissant une photocopie d\u2019une pi\u00e8ce d\u2019identit\u00e9 (carte d\u2019identit\u00e9 ou passeport) dans les deux cas.<\/p><p>Cette communication doit comporter les informations suivantes : Pr\u00e9nom et nom de l\u2019utilisateur, le domicile et les donn\u00e9es justificatives, ainsi que la demande du droit qu\u2019il souhaite exercer.<\/p><p>L\u2019exercice des droits devra \u00eatre r\u00e9alis\u00e9 par le propre utilisateur, son h\u00e9ritier ou par une personne autoris\u00e9e en tant que repr\u00e9sentant l\u00e9gal. Dans ce cas, il devra fournir les documents justifiant cette repr\u00e9sentation de la personne concern\u00e9e, l\u2019acceptation de l\u2019h\u00e9ritage ou des pouvoirs.<\/p><p>Nous vous informons \u00e9galement que vous pouvez pr\u00e9senter une r\u00e9clamation aupr\u00e8s de l\u2019Agence espagnole de protection des donn\u00e9es si vous consid\u00e9rez que vos droits ont \u00e9t\u00e9 enfreints.<\/p><p>Sauf indication contraire de votre part, nous comprenons que vos donn\u00e9es n\u2019ont pas \u00e9t\u00e9 modifi\u00e9es, que vous vous engagez \u00e0 nous notifier tout changement et que nous avons votre consentement pour les utiliser aux fins mentionn\u00e9es.<\/p><p>La personne concern\u00e9e peut, \u00e0 tout moment, retirer son consentement donn\u00e9 au pr\u00e9alable. Si vous r\u00e9voquez votre consentement \u00e0 la conservation et au traitement de vos donn\u00e9es, EMSA TECNOLOGIA QUIMICA, S.A.U. ne sera pas en mesure de vous fournir certains services.<\/p><p>EMSA TECNOLOGIA QUIMICA, S.A.U. informe qu\u2019elle traitera les donn\u00e9es de mani\u00e8re l\u00e9gale, loyale, transparente, ad\u00e9quate, pertinente, limit\u00e9e, exacte et actualis\u00e9e. C\u2019est pourquoi EMSA TECNOLOGIA QUIMICA, S.A.U. s\u2019engage \u00e0 adopter toutes les mesures raisonnables afin que celles-ci soient supprim\u00e9es ou rectifi\u00e9es imm\u00e9diatement quand elles sont inexactes.<\/p><p>Pour envoyer vos donn\u00e9es via le(s) formulaire(s) de notre site web, vous devrez avoir lu\/accept\u00e9 la politique de confidentialit\u00e9, en cochant la case obligatoire au bas du formulaire.<\/p><p>EMSA TECNOLOGIA QUIMICA, S.A.U. s\u2019engage \u00e0 respecter son obligation de secret des donn\u00e9es personnelles et son devoir de les traiter en toute confidentialit\u00e9, et adoptera, \u00e0 ces fins, les mesures n\u00e9cessaires pour \u00e9viter leur alt\u00e9ration, perte, traitement ou acc\u00e8s non autoris\u00e9.<\/p><p><strong>7. Quelles sont les mesures de s\u00e9curit\u00e9 adopt\u00e9es par EMSA<\/strong> TECNOLOGIA QU\u00cdMICA, S.A.U. sur vos donn\u00e9es personnelles ?<\/p><p>Afin de prot\u00e9ger vos donn\u00e9es personnelles, EMSA TECNOLOGIA QUIMICA, S.A.U. vous informe qu\u2019elle a implant\u00e9 et applique les mesures de s\u00e9curit\u00e9 techniques et organisationnelles n\u00e9cessaires pour \u00e9viter leur perte, manipulation, diffusion ou alt\u00e9ration, en les adaptant toujours aux exigences \u00e9tablies dans la r\u00e9glementation applicable en mati\u00e8re de protection des donn\u00e9es personnelles.<\/p><p><strong>8. Politique de confidentialit\u00e9 des r\u00e9seaux sociaux<\/strong><\/p><p>Conform\u00e9ment au r\u00e8glement UE 2016\/679 du Parlement et du Conseil de l\u2019Europe sur la protection des donn\u00e9es personnelles, du 27 avril 2016, \u00e0 la loi organique 3\/2018, du 5 d\u00e9cembre, sur la protection des donn\u00e9es personnelles et la garantie des droits num\u00e9riques, \u00e0 la loi 34\/2002, sur les services de la soci\u00e9t\u00e9 de l\u2019information et du commerce \u00e9lectronique, EMSA TECNOLOGIA QUIMICA, S.A.U. informe les utilisateurs qu\u2019elle a cr\u00e9\u00e9 un profil sur le r\u00e9seau social LinkedIn, dans le but principal de faire de la publicit\u00e9 pour ses produits et services.<\/p><p>L\u2019utilisateur qui a un profil sur le r\u00e9seau social susmentionn\u00e9 et qui a d\u00e9cid\u00e9 de rejoindre la page cr\u00e9\u00e9e par EMSA TECNOLOGIA QU\u00cdMICA, S.A.U., manifestant ainsi son int\u00e9r\u00eat pour les informations publi\u00e9es sur le r\u00e9seau, nous donne son consentement pour le traitement des donn\u00e9es personnelles publi\u00e9es sur son profil.<\/p><p>L&rsquo;utilisateur peut acc\u00e9der \u00e0 tout moment aux politiques de confidentialit\u00e9 du propre r\u00e9seau social, ainsi que configurer son profil pour garantir sa vie priv\u00e9e. <\/p><p>EMSA TECNOLOGIA QUIMICA, S.A.U. a acc\u00e8s et traite ces informations publiques de l\u2019utilisateur, en particulier son nom de contact. Ces donn\u00e9es ne sont utilis\u00e9es que dans le propre r\u00e9seau social et ne sont int\u00e9gr\u00e9es dans aucun fichier.<\/p><p>En ce qui concerne les droits d\u2019acc\u00e8s, de rectification, d\u2019annulation, d\u2019opposition, de limitation du traitement et de portabilit\u00e9 que vous pouvez exercer devant EMSA TECNOLOGIA QUIMICA, S.A.U., vous devez tenir compte des nuances suivantes :<\/p><p>\u2013 Droit d\u2019acc\u00e8s : il sera d\u00e9fini par la fonctionnalit\u00e9 du r\u00e9seau social et la possibilit\u00e9 d\u2019acc\u00e8s aux informations des profils des utilisateurs.<\/p><p>\u2013 Droit de rectification : ce droit ne peut \u00eatre satisfait que pour les informations qui sont sous le contr\u00f4le d\u2019EMSA TECNOLOGIA QUIMICA, S.A.U.<\/p><p>Normalement, ce droit doit \u00eatre exerc\u00e9 devant le r\u00e9seau social.<\/p><p>\u2013 Droits d\u2019annulation, d\u2019opposition, de limitation et de portabilit\u00e9 : comme pour le cas pr\u00e9c\u00e9dent, ils ne pourront \u00eatre satisfaits que pour les informations sous le contr\u00f4le d\u2019EMSA TECNOLOGIA QUIMICA, S.A.U., par exemple, ne plus \u00eatre abonn\u00e9 au profil.<\/p><p>En outre, l\u2019utilisateur peut toujours contr\u00f4ler ses connexions, supprimer les contenus qui ne l\u2019int\u00e9ressent plus et restreindre le partage de ses interactions en acc\u00e9dant \u00e0 ses param\u00e8tres de confidentialit\u00e9.<\/p><p>Pour sa part, EMSA TECNOLOGIA QUIMICA, S.A.U. pourra r\u00e9aliser les actions suivantes :<\/p><p>\u2013 Acc\u00e8s aux informations publiques du profil. <br \/>\u2013 Publication sur le profil de l\u2019utilisateur de toutes les informations d\u00e9j\u00e0 publi\u00e9es sur la page de EMSA TECNOLOGIA QUIMICA, S.A.U. <br \/>\u2013 Envoi de messages personnels et individuels par l\u2019interm\u00e9diaire du r\u00e9seau social. <br \/>\u2013 Mises \u00e0 jour de l\u2019\u00e9tat de la page qui seront publi\u00e9es sur le profil de l\u2019utilisateur.<\/p><p><strong>Publications<\/strong><\/p><p>En suivant la page d\u2019EMSA TECNOLOGIA QUIMICA, S.A.U., l\u2019utilisateur pourra y publier des commentaires, des liens, des images ou des photographies ou tout autre type de contenu multim\u00e9dia compatible avec le r\u00e9seau social.<\/p><p>L&rsquo;utilisateur, dans tous les cas, doit \u00eatre le propri\u00e9taire de ceux-ci, pour disposer des droits d&rsquo;auteur et de propri\u00e9t\u00e9 intellectuelle ou pour avoir le consentement des tiers concern\u00e9s.<\/p><p>Toute publication sur la page, qu&rsquo;il s&rsquo;agisse de textes, de graphiques, de photographies, de vid\u00e9os, etc., qui portent atteinte ou sont susceptibles de porter atteinte \u00e0 la morale, \u00e0 l&rsquo;\u00e9thique, aux bonnes m\u0153urs ou au respect, et\/ou qui transgressent, violent ou enfreignent les droits de propri\u00e9t\u00e9 intellectuelle ou industrielle, le droit \u00e0 l&rsquo;image ou la loi, est express\u00e9ment interdite.<\/p><p>Dans ce cas, EMSA TECNOLOGIA QUIMICA, S.A.U. se r\u00e9serve le droit de retirer imm\u00e9diatement le contenu, et peut demander le blocage permanent de l\u2019utilisateur. EMSA TECNOLOGIA QUIMICA, S.A.U. d\u00e9cline toute responsabilit\u00e9 des contenus publi\u00e9s librement par un utilisateur.<\/p><p>L\u2019utilisateur doit \u00eatre conscient que ses publications seront vues par les autres utilisateurs, et qu\u2019il est donc le principal responsable de sa vie priv\u00e9e.<\/p><p>Les images qui peuvent \u00eatre publi\u00e9es sur la page ne seront stock\u00e9es dans aucun fichier par EMSA TECNOLOGIA QUIMICA, S.A.U., mais elles resteront dans le r\u00e9seau social.<\/p><p><strong>Publicit\u00e9<\/strong><\/p><p>EMSA TECNOLOGIA QUIMICA, S.A.U. utilisera le r\u00e9seau social pour faire de la publicit\u00e9 sur ses produits et services. En tout \u00e9tat de cause, si elle d\u00e9cide de traiter vos donn\u00e9es de contact pour r\u00e9aliser des actions directes de prospection commerciale, ce sera toujours en se conformant aux exigences l\u00e9gales de la LOPD et de la LSSI-CE.<\/p><p>Le fait de recommander le site web d\u2019EMSA TECNOLOGIA QUIMICA, S.A.U. \u00e0 d\u2019autres utilisateurs, pour qu\u2019ils puissent eux aussi profiter des promotions ou \u00eatre inform\u00e9s de son activit\u00e9, ne sera pas consid\u00e9r\u00e9 comme de la publicit\u00e9.<\/p><p>Nous indiquons ci-apr\u00e8s le lien de la politique de confidentialit\u00e9 du r\u00e9seau social : <a href=\"http:\/\/www.linkedin.com\/legal\/privacy-policy?trk=hb_ft_priv\">\u202fhttp:\/\/www.linkedin.com\/legal\/privacy-policy?trk=hb_ft_priv<\/a><\/p>\t\t\t\t\t\t\t\t<\/div>\n\t\t\t\t<\/div>\n\t\t\t\t\t<\/div>\n\t\t<\/div>\n\t\t\t\t\t<\/div>\n\t\t<\/section>\n\t\t\t\t<\/div>\n\t\t","protected":false},"excerpt":{"rendered":"<p>Politique de confidentialit\u00e9 La pr\u00e9sente politique de confidentialit\u00e9 a pour objet de vous informer sur le traitement de vos donn\u00e9es et vos droits conform\u00e9ment \u00e0 la r\u00e9glementation applicable en mati\u00e8re de protection des donn\u00e9es personnelles, au r\u00e8glement g\u00e9n\u00e9ral (UE) 2016\/679 du 27 avril 2016, de protection des donn\u00e9es (RGPD) et \u00e0 la loi organique 3\/2018 [&hellip;]<\/p>\n","protected":false},"author":2,"featured_media":0,"parent":0,"menu_order":0,"comment_status":"closed","ping_status":"closed","template":"elementor_header_footer","meta":{"_acf_changed":false,"footnotes":""},"class_list":["post-5787","page","type-page","status-publish","hentry"],"acf":[],"yoast_head":"<!-- This site is optimized with the Yoast SEO plugin v27.3 - https:\/\/yoast.com\/product\/yoast-seo-wordpress\/ -->\n<title>Pol\u00edtica de Privacidad - Emsa<\/title>\n<meta name=\"robots\" content=\"index, follow, max-snippet:-1, max-image-preview:large, max-video-preview:-1\" \/>\n<link rel=\"canonical\" href=\"https:\/\/emsaquimica.com\/fr\/politica-privacidad\/\" \/>\n<meta property=\"og:locale\" content=\"fr_FR\" \/>\n<meta property=\"og:type\" content=\"article\" \/>\n<meta property=\"og:title\" content=\"Pol\u00edtica de Privacidad - Emsa\" \/>\n<meta property=\"og:description\" content=\"Politique de confidentialit\u00e9 La pr\u00e9sente politique de confidentialit\u00e9 a pour objet de vous informer sur le traitement de vos donn\u00e9es et vos droits conform\u00e9ment \u00e0 la r\u00e9glementation applicable en mati\u00e8re de protection des donn\u00e9es personnelles, au r\u00e8glement g\u00e9n\u00e9ral (UE) 2016\/679 du 27 avril 2016, de protection des donn\u00e9es (RGPD) et \u00e0 la loi organique 3\/2018 [&hellip;]\" \/>\n<meta property=\"og:url\" content=\"https:\/\/emsaquimica.com\/fr\/politica-privacidad\/\" \/>\n<meta property=\"og:site_name\" content=\"Emsa\" \/>\n<meta property=\"article:modified_time\" content=\"2022-04-19T13:43:54+00:00\" \/>\n<meta name=\"twitter:card\" content=\"summary_large_image\" \/>\n<meta name=\"twitter:label1\" content=\"Dur\u00e9e de lecture estim\u00e9e\" \/>\n\t<meta name=\"twitter:data1\" content=\"10 minutes\" \/>\n<script type=\"application\/ld+json\" class=\"yoast-schema-graph\">{\"@context\":\"https:\\\/\\\/schema.org\",\"@graph\":[{\"@type\":\"WebPage\",\"@id\":\"https:\\\/\\\/emsaquimica.com\\\/fr\\\/politica-privacidad\\\/\",\"url\":\"https:\\\/\\\/emsaquimica.com\\\/fr\\\/politica-privacidad\\\/\",\"name\":\"Pol\u00edtica de Privacidad - Emsa\",\"isPartOf\":{\"@id\":\"https:\\\/\\\/emsaquimica.com\\\/fr\\\/#website\"},\"datePublished\":\"2022-01-14T15:12:13+00:00\",\"dateModified\":\"2022-04-19T13:43:54+00:00\",\"breadcrumb\":{\"@id\":\"https:\\\/\\\/emsaquimica.com\\\/fr\\\/politica-privacidad\\\/#breadcrumb\"},\"inLanguage\":\"fr-FR\",\"potentialAction\":[{\"@type\":\"ReadAction\",\"target\":[\"https:\\\/\\\/emsaquimica.com\\\/fr\\\/politica-privacidad\\\/\"]}]},{\"@type\":\"BreadcrumbList\",\"@id\":\"https:\\\/\\\/emsaquimica.com\\\/fr\\\/politica-privacidad\\\/#breadcrumb\",\"itemListElement\":[{\"@type\":\"ListItem\",\"position\":1,\"name\":\"Portada\",\"item\":\"https:\\\/\\\/emsaquimica.com\\\/fr\\\/\"},{\"@type\":\"ListItem\",\"position\":2,\"name\":\"Pol\u00edtica de Privacidad\"}]},{\"@type\":\"WebSite\",\"@id\":\"https:\\\/\\\/emsaquimica.com\\\/fr\\\/#website\",\"url\":\"https:\\\/\\\/emsaquimica.com\\\/fr\\\/\",\"name\":\"Emsa\",\"description\":\"Committed Chemistry\",\"publisher\":{\"@id\":\"https:\\\/\\\/emsaquimica.com\\\/fr\\\/#organization\"},\"potentialAction\":[{\"@type\":\"SearchAction\",\"target\":{\"@type\":\"EntryPoint\",\"urlTemplate\":\"https:\\\/\\\/emsaquimica.com\\\/fr\\\/?s={search_term_string}\"},\"query-input\":{\"@type\":\"PropertyValueSpecification\",\"valueRequired\":true,\"valueName\":\"search_term_string\"}}],\"inLanguage\":\"fr-FR\"},{\"@type\":\"Organization\",\"@id\":\"https:\\\/\\\/emsaquimica.com\\\/fr\\\/#organization\",\"name\":\"Emsa\",\"url\":\"https:\\\/\\\/emsaquimica.com\\\/fr\\\/\",\"logo\":{\"@type\":\"ImageObject\",\"inLanguage\":\"fr-FR\",\"@id\":\"https:\\\/\\\/emsaquimica.com\\\/fr\\\/#\\\/schema\\\/logo\\\/image\\\/\",\"url\":\"https:\\\/\\\/emsaquimica.com\\\/wp-content\\\/uploads\\\/2021\\\/11\\\/Logo-Emsa.svg\",\"contentUrl\":\"https:\\\/\\\/emsaquimica.com\\\/wp-content\\\/uploads\\\/2021\\\/11\\\/Logo-Emsa.svg\",\"width\":200,\"height\":50,\"caption\":\"Emsa\"},\"image\":{\"@id\":\"https:\\\/\\\/emsaquimica.com\\\/fr\\\/#\\\/schema\\\/logo\\\/image\\\/\"}}]}<\/script>\n<!-- \/ Yoast SEO plugin. -->","yoast_head_json":{"title":"Pol\u00edtica de Privacidad - Emsa","robots":{"index":"index","follow":"follow","max-snippet":"max-snippet:-1","max-image-preview":"max-image-preview:large","max-video-preview":"max-video-preview:-1"},"canonical":"https:\/\/emsaquimica.com\/fr\/politica-privacidad\/","og_locale":"fr_FR","og_type":"article","og_title":"Pol\u00edtica de Privacidad - Emsa","og_description":"Politique de confidentialit\u00e9 La pr\u00e9sente politique de confidentialit\u00e9 a pour objet de vous informer sur le traitement de vos donn\u00e9es et vos droits conform\u00e9ment \u00e0 la r\u00e9glementation applicable en mati\u00e8re de protection des donn\u00e9es personnelles, au r\u00e8glement g\u00e9n\u00e9ral (UE) 2016\/679 du 27 avril 2016, de protection des donn\u00e9es (RGPD) et \u00e0 la loi organique 3\/2018 [&hellip;]","og_url":"https:\/\/emsaquimica.com\/fr\/politica-privacidad\/","og_site_name":"Emsa","article_modified_time":"2022-04-19T13:43:54+00:00","twitter_card":"summary_large_image","twitter_misc":{"Dur\u00e9e de lecture estim\u00e9e":"10 minutes"},"schema":{"@context":"https:\/\/schema.org","@graph":[{"@type":"WebPage","@id":"https:\/\/emsaquimica.com\/fr\/politica-privacidad\/","url":"https:\/\/emsaquimica.com\/fr\/politica-privacidad\/","name":"Pol\u00edtica de Privacidad - Emsa","isPartOf":{"@id":"https:\/\/emsaquimica.com\/fr\/#website"},"datePublished":"2022-01-14T15:12:13+00:00","dateModified":"2022-04-19T13:43:54+00:00","breadcrumb":{"@id":"https:\/\/emsaquimica.com\/fr\/politica-privacidad\/#breadcrumb"},"inLanguage":"fr-FR","potentialAction":[{"@type":"ReadAction","target":["https:\/\/emsaquimica.com\/fr\/politica-privacidad\/"]}]},{"@type":"BreadcrumbList","@id":"https:\/\/emsaquimica.com\/fr\/politica-privacidad\/#breadcrumb","itemListElement":[{"@type":"ListItem","position":1,"name":"Portada","item":"https:\/\/emsaquimica.com\/fr\/"},{"@type":"ListItem","position":2,"name":"Pol\u00edtica de Privacidad"}]},{"@type":"WebSite","@id":"https:\/\/emsaquimica.com\/fr\/#website","url":"https:\/\/emsaquimica.com\/fr\/","name":"Emsa","description":"Committed Chemistry","publisher":{"@id":"https:\/\/emsaquimica.com\/fr\/#organization"},"potentialAction":[{"@type":"SearchAction","target":{"@type":"EntryPoint","urlTemplate":"https:\/\/emsaquimica.com\/fr\/?s={search_term_string}"},"query-input":{"@type":"PropertyValueSpecification","valueRequired":true,"valueName":"search_term_string"}}],"inLanguage":"fr-FR"},{"@type":"Organization","@id":"https:\/\/emsaquimica.com\/fr\/#organization","name":"Emsa","url":"https:\/\/emsaquimica.com\/fr\/","logo":{"@type":"ImageObject","inLanguage":"fr-FR","@id":"https:\/\/emsaquimica.com\/fr\/#\/schema\/logo\/image\/","url":"https:\/\/emsaquimica.com\/wp-content\/uploads\/2021\/11\/Logo-Emsa.svg","contentUrl":"https:\/\/emsaquimica.com\/wp-content\/uploads\/2021\/11\/Logo-Emsa.svg","width":200,"height":50,"caption":"Emsa"},"image":{"@id":"https:\/\/emsaquimica.com\/fr\/#\/schema\/logo\/image\/"}}]}},"_links":{"self":[{"href":"https:\/\/emsaquimica.com\/fr\/wp-json\/wp\/v2\/pages\/5787","targetHints":{"allow":["GET"]}}],"collection":[{"href":"https:\/\/emsaquimica.com\/fr\/wp-json\/wp\/v2\/pages"}],"about":[{"href":"https:\/\/emsaquimica.com\/fr\/wp-json\/wp\/v2\/types\/page"}],"author":[{"embeddable":true,"href":"https:\/\/emsaquimica.com\/fr\/wp-json\/wp\/v2\/users\/2"}],"replies":[{"embeddable":true,"href":"https:\/\/emsaquimica.com\/fr\/wp-json\/wp\/v2\/comments?post=5787"}],"version-history":[{"count":3,"href":"https:\/\/emsaquimica.com\/fr\/wp-json\/wp\/v2\/pages\/5787\/revisions"}],"predecessor-version":[{"id":6436,"href":"https:\/\/emsaquimica.com\/fr\/wp-json\/wp\/v2\/pages\/5787\/revisions\/6436"}],"wp:attachment":[{"href":"https:\/\/emsaquimica.com\/fr\/wp-json\/wp\/v2\/media?parent=5787"}],"curies":[{"name":"wp","href":"https:\/\/api.w.org\/{rel}","templated":true}]}}