{"id":5801,"date":"2022-01-19T11:24:50","date_gmt":"2022-01-19T10:24:50","guid":{"rendered":"https:\/\/emsaquimica.com\/politica-compliance-emsa\/"},"modified":"2026-03-20T11:05:10","modified_gmt":"2026-03-20T10:05:10","slug":"politica-compliance-emsa","status":"publish","type":"page","link":"https:\/\/emsaquimica.com\/fr\/politica-compliance-emsa\/","title":{"rendered":"Pol\u00edtica de Compliance"},"content":{"rendered":"\t\t<div data-elementor-type=\"wp-page\" data-elementor-id=\"5801\" class=\"elementor elementor-5801 elementor-2618\" data-elementor-post-type=\"page\">\n\t\t\t\t\t\t<section class=\"has_ae_slider elementor-section elementor-top-section elementor-element elementor-element-8ab1c0f elementor-section-full_width elementor-section-height-min-height elementor-section-items-stretch elementor-section-height-default ae-bg-gallery-type-default\" data-id=\"8ab1c0f\" data-element_type=\"section\" data-e-type=\"section\" data-settings=\"{&quot;background_background&quot;:&quot;slideshow&quot;,&quot;background_slideshow_gallery&quot;:[{&quot;id&quot;:5351,&quot;url&quot;:&quot;https:\\\/\\\/emsaquimica.com\\\/wp-content\\\/uploads\\\/2022\\\/01\\\/charles-forerunner-3fPXt37X6UQ-unsplash.png&quot;}],&quot;background_slideshow_loop&quot;:&quot;yes&quot;,&quot;background_slideshow_slide_duration&quot;:5000,&quot;background_slideshow_slide_transition&quot;:&quot;fade&quot;,&quot;background_slideshow_transition_duration&quot;:500}\">\n\t\t\t\t\t\t<div class=\"elementor-container elementor-column-gap-default\">\n\t\t\t\t\t<div class=\"has_ae_slider elementor-column elementor-col-100 elementor-top-column elementor-element elementor-element-6f13ba7 ae-bg-gallery-type-default\" data-id=\"6f13ba7\" data-element_type=\"column\" data-e-type=\"column\" data-settings=\"{&quot;background_background&quot;:&quot;classic&quot;}\">\n\t\t\t<div class=\"elementor-widget-wrap elementor-element-populated\">\n\t\t\t\t\t<div class=\"elementor-background-overlay\"><\/div>\n\t\t\t\t\t\t<div class=\"elementor-element elementor-element-0a7c1dd elementor-widget elementor-widget-heading\" data-id=\"0a7c1dd\" data-element_type=\"widget\" data-e-type=\"widget\" data-widget_type=\"heading.default\">\n\t\t\t\t<div class=\"elementor-widget-container\">\n\t\t\t\t\t<h2 class=\"elementor-heading-title elementor-size-default\">Compliance<\/h2>\t\t\t\t<\/div>\n\t\t\t\t<\/div>\n\t\t\t\t<section class=\"has_ae_slider elementor-section elementor-inner-section elementor-element elementor-element-7a2cf1f elementor-section-height-min-height elementor-section-boxed elementor-section-height-default ae-bg-gallery-type-default\" data-id=\"7a2cf1f\" data-element_type=\"section\" data-e-type=\"section\">\n\t\t\t\t\t\t<div class=\"elementor-container elementor-column-gap-no\">\n\t\t\t\t\t<div class=\"has_ae_slider elementor-column elementor-col-50 elementor-inner-column elementor-element elementor-element-972b1a2 ae-bg-gallery-type-default\" data-id=\"972b1a2\" data-element_type=\"column\" data-e-type=\"column\">\n\t\t\t<div class=\"elementor-widget-wrap elementor-element-populated\">\n\t\t\t\t\t\t\t<\/div>\n\t\t<\/div>\n\t\t\t\t<div class=\"has_ae_slider elementor-column elementor-col-50 elementor-inner-column elementor-element elementor-element-92d2910 ae-bg-gallery-type-default\" data-id=\"92d2910\" data-element_type=\"column\" data-e-type=\"column\">\n\t\t\t<div class=\"elementor-widget-wrap\">\n\t\t\t\t\t\t\t<\/div>\n\t\t<\/div>\n\t\t\t\t\t<\/div>\n\t\t<\/section>\n\t\t\t\t\t<\/div>\n\t\t<\/div>\n\t\t\t\t\t<\/div>\n\t\t<\/section>\n\t\t\t\t<section class=\"has_ae_slider elementor-section elementor-top-section elementor-element elementor-element-5201474 elementor-section-boxed elementor-section-height-default elementor-section-height-default ae-bg-gallery-type-default\" data-id=\"5201474\" data-element_type=\"section\" data-e-type=\"section\">\n\t\t\t\t\t\t<div class=\"elementor-container elementor-column-gap-no\">\n\t\t\t\t\t<div class=\"has_ae_slider elementor-column elementor-col-100 elementor-top-column elementor-element elementor-element-2412d03 ae-bg-gallery-type-default\" data-id=\"2412d03\" data-element_type=\"column\" data-e-type=\"column\">\n\t\t\t<div class=\"elementor-widget-wrap elementor-element-populated\">\n\t\t\t\t\t\t<div class=\"elementor-element elementor-element-d17a40c elementor-widget elementor-widget-text-editor\" data-id=\"d17a40c\" data-element_type=\"widget\" data-e-type=\"widget\" data-widget_type=\"text-editor.default\">\n\t\t\t\t<div class=\"elementor-widget-container\">\n\t\t\t\t\t\t\t\t\t<h2><span style=\"font-size: 36px; text-align: center; color: #0057b7;\">Programme de<\/span><span style=\"color: #ffffff; font-size: 36px; text-align: center;\">\u00a0<\/span><span style=\"font-size: 36px; text-align: center; color: #62b5e5;\">Compliance<\/span>\u00a0<\/h2><div>\u00a0<\/div><p>En nous engageant \u00e0 continuer de mener notre activit\u00e9 de mani\u00e8re \u00e9thique et toujours sur la base des<strong> r\u00e9glementations applicables, nous avons mis en \u0153uvre un programme de Compliance<\/strong>.<\/p><p>L\u2019objectif de ce programme est de d\u00e9velopper une culture d\u2019entreprise de la conformit\u00e9 et un <strong>mod\u00e8le de gestion bas\u00e9s sur l\u2019engagement \u00e9thique de l\u2019organisation \u00e0 respecter les r\u00e9glementations l\u00e9gales<\/strong> et ses propres engagements volontairement assum\u00e9s.<\/p><p>Depuis la cr\u00e9ation d\u2019Emsa, l\u2019\u00e9thique, l\u2019int\u00e9grit\u00e9 et la responsabilit\u00e9 ont caract\u00e9ris\u00e9 notre culture et notre mod\u00e8le d\u2019entreprise. Tous les membres de l\u2019entreprise partagent la conviction que ce sont ces valeurs qui nous ont permis d\u2019arriver jusqu\u2019ici et qui, de la m\u00eame mani\u00e8re, nous permettront de continuer \u00e0 cr\u00e9er de la valeur pour nos clients et pour la soci\u00e9t\u00e9.<\/p><ul><li><strong><a href=\"https:\/\/emsaquimica.com\/wp-content\/uploads\/2026\/03\/AF_CodigoEtico-EMSA-2021-Digital-EN.pdf\" target=\"_blank\" rel=\"noopener\">T\u00e9l\u00e9charger Code de conduite d\u2019Emsa<\/a><\/strong><\/li><\/ul>\t\t\t\t\t\t\t\t<\/div>\n\t\t\t\t<\/div>\n\t\t\t\t\t<\/div>\n\t\t<\/div>\n\t\t\t\t\t<\/div>\n\t\t<\/section>\n\t\t\t\t<\/div>\n\t\t","protected":false},"excerpt":{"rendered":"<p>Compliance Programme de\u00a0Compliance\u00a0 \u00a0 En nous engageant \u00e0 continuer de mener notre activit\u00e9 de mani\u00e8re \u00e9thique et toujours sur la base des r\u00e9glementations applicables, nous avons mis en \u0153uvre un programme de Compliance. L\u2019objectif de ce programme est de d\u00e9velopper une culture d\u2019entreprise de la conformit\u00e9 et un mod\u00e8le de gestion bas\u00e9s sur l\u2019engagement \u00e9thique [&hellip;]<\/p>\n","protected":false},"author":2,"featured_media":0,"parent":0,"menu_order":0,"comment_status":"closed","ping_status":"closed","template":"elementor_header_footer","meta":{"_acf_changed":false,"footnotes":""},"class_list":["post-5801","page","type-page","status-publish","hentry"],"acf":[],"yoast_head":"<!-- This site is optimized with the Yoast SEO plugin v27.3 - https:\/\/yoast.com\/product\/yoast-seo-wordpress\/ -->\n<title>Pol\u00edtica de Compliance - Emsa<\/title>\n<meta name=\"robots\" content=\"index, follow, max-snippet:-1, max-image-preview:large, max-video-preview:-1\" \/>\n<link rel=\"canonical\" href=\"https:\/\/emsaquimica.com\/fr\/politica-compliance-emsa\/\" \/>\n<meta property=\"og:locale\" content=\"fr_FR\" \/>\n<meta property=\"og:type\" content=\"article\" \/>\n<meta property=\"og:title\" content=\"Pol\u00edtica de Compliance - Emsa\" \/>\n<meta property=\"og:description\" content=\"Compliance Programme de\u00a0Compliance\u00a0 \u00a0 En nous engageant \u00e0 continuer de mener notre activit\u00e9 de mani\u00e8re \u00e9thique et toujours sur la base des r\u00e9glementations applicables, nous avons mis en \u0153uvre un programme de Compliance. L\u2019objectif de ce programme est de d\u00e9velopper une culture d\u2019entreprise de la conformit\u00e9 et un mod\u00e8le de gestion bas\u00e9s sur l\u2019engagement \u00e9thique [&hellip;]\" \/>\n<meta property=\"og:url\" content=\"https:\/\/emsaquimica.com\/fr\/politica-compliance-emsa\/\" \/>\n<meta property=\"og:site_name\" content=\"Emsa\" \/>\n<meta property=\"article:modified_time\" content=\"2026-03-20T10:05:10+00:00\" \/>\n<meta name=\"twitter:card\" content=\"summary_large_image\" \/>\n<meta name=\"twitter:label1\" content=\"Dur\u00e9e de lecture estim\u00e9e\" \/>\n\t<meta name=\"twitter:data1\" content=\"1 minute\" \/>\n<script type=\"application\/ld+json\" class=\"yoast-schema-graph\">{\"@context\":\"https:\\\/\\\/schema.org\",\"@graph\":[{\"@type\":\"WebPage\",\"@id\":\"https:\\\/\\\/emsaquimica.com\\\/fr\\\/politica-compliance-emsa\\\/\",\"url\":\"https:\\\/\\\/emsaquimica.com\\\/fr\\\/politica-compliance-emsa\\\/\",\"name\":\"Pol\u00edtica de Compliance - Emsa\",\"isPartOf\":{\"@id\":\"https:\\\/\\\/emsaquimica.com\\\/fr\\\/#website\"},\"datePublished\":\"2022-01-19T10:24:50+00:00\",\"dateModified\":\"2026-03-20T10:05:10+00:00\",\"breadcrumb\":{\"@id\":\"https:\\\/\\\/emsaquimica.com\\\/fr\\\/politica-compliance-emsa\\\/#breadcrumb\"},\"inLanguage\":\"fr-FR\",\"potentialAction\":[{\"@type\":\"ReadAction\",\"target\":[\"https:\\\/\\\/emsaquimica.com\\\/fr\\\/politica-compliance-emsa\\\/\"]}]},{\"@type\":\"BreadcrumbList\",\"@id\":\"https:\\\/\\\/emsaquimica.com\\\/fr\\\/politica-compliance-emsa\\\/#breadcrumb\",\"itemListElement\":[{\"@type\":\"ListItem\",\"position\":1,\"name\":\"Portada\",\"item\":\"https:\\\/\\\/emsaquimica.com\\\/fr\\\/\"},{\"@type\":\"ListItem\",\"position\":2,\"name\":\"Pol\u00edtica de Compliance\"}]},{\"@type\":\"WebSite\",\"@id\":\"https:\\\/\\\/emsaquimica.com\\\/fr\\\/#website\",\"url\":\"https:\\\/\\\/emsaquimica.com\\\/fr\\\/\",\"name\":\"Emsa\",\"description\":\"Committed Chemistry\",\"publisher\":{\"@id\":\"https:\\\/\\\/emsaquimica.com\\\/fr\\\/#organization\"},\"potentialAction\":[{\"@type\":\"SearchAction\",\"target\":{\"@type\":\"EntryPoint\",\"urlTemplate\":\"https:\\\/\\\/emsaquimica.com\\\/fr\\\/?s={search_term_string}\"},\"query-input\":{\"@type\":\"PropertyValueSpecification\",\"valueRequired\":true,\"valueName\":\"search_term_string\"}}],\"inLanguage\":\"fr-FR\"},{\"@type\":\"Organization\",\"@id\":\"https:\\\/\\\/emsaquimica.com\\\/fr\\\/#organization\",\"name\":\"Emsa\",\"url\":\"https:\\\/\\\/emsaquimica.com\\\/fr\\\/\",\"logo\":{\"@type\":\"ImageObject\",\"inLanguage\":\"fr-FR\",\"@id\":\"https:\\\/\\\/emsaquimica.com\\\/fr\\\/#\\\/schema\\\/logo\\\/image\\\/\",\"url\":\"https:\\\/\\\/emsaquimica.com\\\/wp-content\\\/uploads\\\/2021\\\/11\\\/Logo-Emsa.svg\",\"contentUrl\":\"https:\\\/\\\/emsaquimica.com\\\/wp-content\\\/uploads\\\/2021\\\/11\\\/Logo-Emsa.svg\",\"width\":200,\"height\":50,\"caption\":\"Emsa\"},\"image\":{\"@id\":\"https:\\\/\\\/emsaquimica.com\\\/fr\\\/#\\\/schema\\\/logo\\\/image\\\/\"}}]}<\/script>\n<!-- \/ Yoast SEO plugin. -->","yoast_head_json":{"title":"Pol\u00edtica de Compliance - Emsa","robots":{"index":"index","follow":"follow","max-snippet":"max-snippet:-1","max-image-preview":"max-image-preview:large","max-video-preview":"max-video-preview:-1"},"canonical":"https:\/\/emsaquimica.com\/fr\/politica-compliance-emsa\/","og_locale":"fr_FR","og_type":"article","og_title":"Pol\u00edtica de Compliance - Emsa","og_description":"Compliance Programme de\u00a0Compliance\u00a0 \u00a0 En nous engageant \u00e0 continuer de mener notre activit\u00e9 de mani\u00e8re \u00e9thique et toujours sur la base des r\u00e9glementations applicables, nous avons mis en \u0153uvre un programme de Compliance. L\u2019objectif de ce programme est de d\u00e9velopper une culture d\u2019entreprise de la conformit\u00e9 et un mod\u00e8le de gestion bas\u00e9s sur l\u2019engagement \u00e9thique [&hellip;]","og_url":"https:\/\/emsaquimica.com\/fr\/politica-compliance-emsa\/","og_site_name":"Emsa","article_modified_time":"2026-03-20T10:05:10+00:00","twitter_card":"summary_large_image","twitter_misc":{"Dur\u00e9e de lecture estim\u00e9e":"1 minute"},"schema":{"@context":"https:\/\/schema.org","@graph":[{"@type":"WebPage","@id":"https:\/\/emsaquimica.com\/fr\/politica-compliance-emsa\/","url":"https:\/\/emsaquimica.com\/fr\/politica-compliance-emsa\/","name":"Pol\u00edtica de Compliance - Emsa","isPartOf":{"@id":"https:\/\/emsaquimica.com\/fr\/#website"},"datePublished":"2022-01-19T10:24:50+00:00","dateModified":"2026-03-20T10:05:10+00:00","breadcrumb":{"@id":"https:\/\/emsaquimica.com\/fr\/politica-compliance-emsa\/#breadcrumb"},"inLanguage":"fr-FR","potentialAction":[{"@type":"ReadAction","target":["https:\/\/emsaquimica.com\/fr\/politica-compliance-emsa\/"]}]},{"@type":"BreadcrumbList","@id":"https:\/\/emsaquimica.com\/fr\/politica-compliance-emsa\/#breadcrumb","itemListElement":[{"@type":"ListItem","position":1,"name":"Portada","item":"https:\/\/emsaquimica.com\/fr\/"},{"@type":"ListItem","position":2,"name":"Pol\u00edtica de Compliance"}]},{"@type":"WebSite","@id":"https:\/\/emsaquimica.com\/fr\/#website","url":"https:\/\/emsaquimica.com\/fr\/","name":"Emsa","description":"Committed Chemistry","publisher":{"@id":"https:\/\/emsaquimica.com\/fr\/#organization"},"potentialAction":[{"@type":"SearchAction","target":{"@type":"EntryPoint","urlTemplate":"https:\/\/emsaquimica.com\/fr\/?s={search_term_string}"},"query-input":{"@type":"PropertyValueSpecification","valueRequired":true,"valueName":"search_term_string"}}],"inLanguage":"fr-FR"},{"@type":"Organization","@id":"https:\/\/emsaquimica.com\/fr\/#organization","name":"Emsa","url":"https:\/\/emsaquimica.com\/fr\/","logo":{"@type":"ImageObject","inLanguage":"fr-FR","@id":"https:\/\/emsaquimica.com\/fr\/#\/schema\/logo\/image\/","url":"https:\/\/emsaquimica.com\/wp-content\/uploads\/2021\/11\/Logo-Emsa.svg","contentUrl":"https:\/\/emsaquimica.com\/wp-content\/uploads\/2021\/11\/Logo-Emsa.svg","width":200,"height":50,"caption":"Emsa"},"image":{"@id":"https:\/\/emsaquimica.com\/fr\/#\/schema\/logo\/image\/"}}]}},"_links":{"self":[{"href":"https:\/\/emsaquimica.com\/fr\/wp-json\/wp\/v2\/pages\/5801","targetHints":{"allow":["GET"]}}],"collection":[{"href":"https:\/\/emsaquimica.com\/fr\/wp-json\/wp\/v2\/pages"}],"about":[{"href":"https:\/\/emsaquimica.com\/fr\/wp-json\/wp\/v2\/types\/page"}],"author":[{"embeddable":true,"href":"https:\/\/emsaquimica.com\/fr\/wp-json\/wp\/v2\/users\/2"}],"replies":[{"embeddable":true,"href":"https:\/\/emsaquimica.com\/fr\/wp-json\/wp\/v2\/comments?post=5801"}],"version-history":[{"count":12,"href":"https:\/\/emsaquimica.com\/fr\/wp-json\/wp\/v2\/pages\/5801\/revisions"}],"predecessor-version":[{"id":15473,"href":"https:\/\/emsaquimica.com\/fr\/wp-json\/wp\/v2\/pages\/5801\/revisions\/15473"}],"wp:attachment":[{"href":"https:\/\/emsaquimica.com\/fr\/wp-json\/wp\/v2\/media?parent=5801"}],"curies":[{"name":"wp","href":"https:\/\/api.w.org\/{rel}","templated":true}]}}