{"id":5785,"date":"2022-01-14T16:16:34","date_gmt":"2022-01-14T15:16:34","guid":{"rendered":"https:\/\/emsaquimica.com\/politica-cookies\/"},"modified":"2022-04-20T12:00:03","modified_gmt":"2022-04-20T10:00:03","slug":"politica-cookies","status":"publish","type":"page","link":"https:\/\/emsaquimica.com\/pt-pt\/politica-cookies\/","title":{"rendered":"Pol\u00edtica de cookies"},"content":{"rendered":"\t\t<div data-elementor-type=\"wp-page\" data-elementor-id=\"5785\" class=\"elementor elementor-5785 elementor-2534\" data-elementor-post-type=\"page\">\n\t\t\t\t\t\t<section class=\"has_ae_slider elementor-section elementor-top-section elementor-element elementor-element-8ab1c0f elementor-section-full_width elementor-section-height-min-height elementor-section-items-stretch elementor-section-height-default ae-bg-gallery-type-default\" data-id=\"8ab1c0f\" data-element_type=\"section\" data-e-type=\"section\">\n\t\t\t\t\t\t<div class=\"elementor-container elementor-column-gap-default\">\n\t\t\t\t\t<div class=\"has_ae_slider elementor-column elementor-col-100 elementor-top-column elementor-element elementor-element-6f13ba7 ae-bg-gallery-type-default\" data-id=\"6f13ba7\" data-element_type=\"column\" data-e-type=\"column\" data-settings=\"{&quot;background_background&quot;:&quot;classic&quot;}\">\n\t\t\t<div class=\"elementor-widget-wrap elementor-element-populated\">\n\t\t\t\t\t<div class=\"elementor-background-overlay\"><\/div>\n\t\t\t\t\t\t<div class=\"elementor-element elementor-element-0a7c1dd elementor-widget elementor-widget-heading\" data-id=\"0a7c1dd\" data-element_type=\"widget\" data-e-type=\"widget\" data-widget_type=\"heading.default\">\n\t\t\t\t<div class=\"elementor-widget-container\">\n\t\t\t\t\t<h2 class=\"elementor-heading-title elementor-size-default\">Pol\u00edtica de Cookies<\/h2>\t\t\t\t<\/div>\n\t\t\t\t<\/div>\n\t\t\t\t<section class=\"has_ae_slider elementor-section elementor-inner-section elementor-element elementor-element-0f16499 elementor-section-height-min-height elementor-section-boxed elementor-section-height-default ae-bg-gallery-type-default\" data-id=\"0f16499\" data-element_type=\"section\" data-e-type=\"section\">\n\t\t\t\t\t\t<div class=\"elementor-container elementor-column-gap-no\">\n\t\t\t\t\t<div class=\"has_ae_slider elementor-column elementor-col-50 elementor-inner-column elementor-element elementor-element-b5adf5c ae-bg-gallery-type-default\" data-id=\"b5adf5c\" data-element_type=\"column\" data-e-type=\"column\">\n\t\t\t<div class=\"elementor-widget-wrap elementor-element-populated\">\n\t\t\t\t\t\t\t<\/div>\n\t\t<\/div>\n\t\t\t\t<div class=\"has_ae_slider elementor-column elementor-col-50 elementor-inner-column elementor-element elementor-element-7b7f25a ae-bg-gallery-type-default\" data-id=\"7b7f25a\" data-element_type=\"column\" data-e-type=\"column\">\n\t\t\t<div class=\"elementor-widget-wrap\">\n\t\t\t\t\t\t\t<\/div>\n\t\t<\/div>\n\t\t\t\t\t<\/div>\n\t\t<\/section>\n\t\t\t\t\t<\/div>\n\t\t<\/div>\n\t\t\t\t\t<\/div>\n\t\t<\/section>\n\t\t\t\t<section class=\"has_ae_slider elementor-section elementor-top-section elementor-element elementor-element-5201474 elementor-section-boxed elementor-section-height-default elementor-section-height-default ae-bg-gallery-type-default\" data-id=\"5201474\" data-element_type=\"section\" data-e-type=\"section\">\n\t\t\t\t\t\t<div class=\"elementor-container elementor-column-gap-no\">\n\t\t\t\t\t<div class=\"has_ae_slider elementor-column elementor-col-100 elementor-top-column elementor-element elementor-element-2412d03 ae-bg-gallery-type-default\" data-id=\"2412d03\" data-element_type=\"column\" data-e-type=\"column\">\n\t\t\t<div class=\"elementor-widget-wrap elementor-element-populated\">\n\t\t\t\t\t\t<div class=\"elementor-element elementor-element-d17a40c elementor-widget elementor-widget-text-editor\" data-id=\"d17a40c\" data-element_type=\"widget\" data-e-type=\"widget\" data-widget_type=\"text-editor.default\">\n\t\t\t\t<div class=\"elementor-widget-container\">\n\t\t\t\t\t\t\t\t\t<p><strong>A EMSA TECNOLOGIA QU\u00cdMICA, S.A.U. utiliza cookies?<\/strong><\/p><p>A EMSA TECNOLOGIA QUIMICA, S.A.U. utiliza cookies pr\u00f3prios e de terceiros apenas no caso de ter dado o seu consentimento de acordo com o indicado na janela pop-up do seu navegador quando aceder ao nosso site pela primeira vez.<\/p><p><strong>1. O que \u00e9 um cookie?<\/strong><\/p><p>Um cookie \u00e9 um ficheiro que \u00e9 descarregado para o seu computador quando acede a determinadas p\u00e1ginas Web. Os cookies permitem que uma p\u00e1gina Web, entre outras coisas, armazene e recupere informa\u00e7\u00e3o sobre os h\u00e1bitos de navega\u00e7\u00e3o de um utilizador ou do seu equipamento e, dependendo da informa\u00e7\u00e3o que cont\u00e9m e da forma como utiliza o seu equipamento, podem ser utilizados para reconhecer o utilizador.<\/p><p>Os cookies s\u00e3o essenciais para o funcionamento da internet, proporcionando in\u00fameras vantagens na presta\u00e7\u00e3o de servi\u00e7os interativos, facilitando a navega\u00e7\u00e3o e a usabilidade da nossa p\u00e1gina Web.<\/p><p>As informa\u00e7\u00f5es que fornecemos abaixo ajudar\u00e3o a entender os diferentes tipos de cookies:<\/p><p><strong>2.\u202fQue tipos de cookies utiliza esta p\u00e1gina Web?<\/strong><\/p><p style=\"padding-left: 40px;\"><strong>a) Consoante a entidade que os gere:<\/strong><\/p><p style=\"padding-left: 40px;\">Cookies pr\u00f3prios: S\u00e3o aqueles que s\u00e3o enviados para o equipamento terminal do utilizador a partir de um equipamento ou dom\u00ednio gerido pela EMSA TECNOLOGIA QUIMICA, S.A.U.e a partir do qual \u00e9 prestado o servi\u00e7o solicitado pelo utilizador.<\/p><p style=\"padding-left: 40px;\">Cookies de terceiros: S\u00e3o aqueles que s\u00e3o enviados para o equipamento terminal do utilizador a partir de um equipamento ou dom\u00ednio que n\u00e3o \u00e9 gerido pela EMSA TECNOLOGIA QUIMICA, S.A.U., mas sim por outra entidade que trata os dados obtidos atrav\u00e9s de cookies.<\/p><p style=\"padding-left: 40px;\"><strong>b) Dependendo do prazo, permanecem ativados:<\/strong><\/p><p style=\"padding-left: 40px;\"><strong>Cookies de sess\u00e3o:<\/strong> S\u00e3o um tipo de cookies criados para recolher e armazenar dados enquanto o utilizador est\u00e1 na nossa p\u00e1gina Web.<\/p><p style=\"padding-left: 40px;\"><strong>Cookies persistentes:<\/strong> S\u00e3o um tipo de cookies em que os dados continuam armazenados no terminal e podem ser acedidos e processados por um per\u00edodo definido pelo respons\u00e1vel pelo cookie, e que pode durar de alguns minutos a v\u00e1rios anos.<\/p><p style=\"padding-left: 40px;\"><strong>c) De acordo com a finalidade a que se destinam:<\/strong><\/p><p style=\"padding-left: 40px;\"><strong>Cookies de an\u00e1lise:<\/strong> S\u00e3o aqueles que, tratados por n\u00f3s ou por terceiros, nos permitem quantificar o n\u00famero de utilizadores e assim realizar a medi\u00e7\u00e3o e a an\u00e1lise estat\u00edstica do uso feito pelos utilizadores do servi\u00e7o oferecido. Para isso, a sua navega\u00e7\u00e3o na nossa p\u00e1gina Web ou aplica\u00e7\u00e3o \u00e9 analisada de forma a melhorar a oferta de produtos ou servi\u00e7os que lhe oferecemos.<\/p><p style=\"padding-left: 40px;\"><strong>Cookies t\u00e9cnicos:<\/strong> Estes s\u00e3o aqueles que, quer processados por n\u00f3s ou por terceiros, permitem ao utilizador navegar na nossa p\u00e1gina Web e utilizar as diferentes op\u00e7\u00f5es ou servi\u00e7os das mesma, tais como complementos (plug-ins) para interc\u00e2mbio de conte\u00fados sociais, autentica\u00e7\u00e3o ou identifica\u00e7\u00e3o do utilizador ou sess\u00f5es de leitor multim\u00e9dia.<\/p><p style=\"padding-left: 40px;\"><strong>Cookies de personaliza\u00e7\u00e3o:<\/strong> S\u00e3o aqueles que, tratados por n\u00f3s ou por terceiros, permitem ao utilizador aceder ao servi\u00e7o com algumas caracter\u00edsticas gerais pr\u00e9-definidas em fun\u00e7\u00e3o de uma s\u00e9rie de crit\u00e9rios no terminal do utilizador, como o idioma pr\u00e9-estabelecido em que a p\u00e1gina Web \u00e9 mostrada.<\/p><p style=\"padding-left: 40px;\"><strong>Cookies de publicidade:<\/strong> Permitem ao editor incluir espa\u00e7os publicit\u00e1rios na p\u00e1gina Web, de acordo com o conte\u00fado da pr\u00f3pria.<\/p><p style=\"padding-left: 40px;\"><strong>Cookies de geolocaliza\u00e7\u00e3o:<\/strong> Estes cookies s\u00e3o usados por programas que tentam determinar geograficamente a localiza\u00e7\u00e3o do computador, Smartphone, tablet ou televis\u00e3o conectada.<\/p><p><strong>3. Desativa\u00e7\u00e3o ou exclus\u00e3o de cookies<\/strong><\/p><p>Pode permitir, bloquear ou eliminar os cookies instalados no seu computador, configurando as op\u00e7\u00f5es do navegador instalado no seu computador\/tablet\/smartphone.<\/p><p>Para mais informa\u00e7\u00f5es sobre o Internet Explorer, clique<span data-contrast=\"none\">\u202f<\/span><a href=\"http:\/\/windows.microsoft.com\/es-es\/windows\/change-internet-explorer-security-settings#1TC=windows-7\"><span data-contrast=\"none\">aqui<\/span><\/a><span data-contrast=\"none\">.<\/span><span data-ccp-props=\"{&quot;335551550&quot;:6,&quot;335551620&quot;:6,&quot;335559739&quot;:300,&quot;335559740&quot;:276}\">\u00a0<\/span><br \/>Para mais informa\u00e7\u00f5es sobre o Google Chrome, clique <a href=\"https:\/\/support.google.com\/chrome\/?p=help&amp;ctx=settings#topic=3421433\"><span data-contrast=\"none\">aqui<\/span><\/a><span data-contrast=\"none\">.<\/span><span data-ccp-props=\"{&quot;335551550&quot;:6,&quot;335551620&quot;:6,&quot;335559739&quot;:300,&quot;335559740&quot;:276}\">\u00a0<\/span><br \/>Para mais informa\u00e7\u00f5es sobre o Firefox, clique <a href=\"https:\/\/support.mozilla.org\/es\/products\/firefox\/privacy-and-security\"><span data-contrast=\"none\">aqui<\/span><\/a>. <br \/>Para mais informa\u00e7\u00f5es sobre o Safari, clique <a href=\"http:\/\/support.apple.com\/es-es\/ht1677\"><span data-contrast=\"none\">aqu\u00ed<\/span><\/a>. <br \/>Para mais informa\u00e7\u00f5es sobre o Opera, clique <span data-contrast=\"none\">\u202f<\/span><a href=\"http:\/\/www.opera.com\/help\/tutorials\/security\/privacy\/\"><span data-contrast=\"none\">aqui<\/span><\/a>.<\/p><p><br \/><strong>4. Utiliza\u00e7\u00e3o dos cookies<\/strong><\/p><p>Neste site tamb\u00e9m usamos cookies de terceiros para analisar informa\u00e7\u00f5es de navega\u00e7\u00e3o, permitir a partilha de conte\u00fado nas redes sociais e a reprodu\u00e7\u00e3o de v\u00eddeos hospedados noutro site. Nos links seguintes, pode consultar a pol\u00edtica de cookies de cada uma dessas entidades:<\/p><ul><li data-leveltext=\"\uf0b7\" data-font=\"Symbol\" data-listid=\"56\" aria-setsize=\"-1\" data-aria-posinset=\"1\" data-aria-level=\"1\"><b><span data-contrast=\"none\">Google Analytics<\/span><\/b><span data-contrast=\"none\">:<\/span><span data-ccp-props=\"{&quot;134233117&quot;:true,&quot;134233118&quot;:true,&quot;335551550&quot;:6,&quot;335551620&quot;:6,&quot;335559739&quot;:160,&quot;335559740&quot;:276}\">\u00a0<\/span><\/li><\/ul><ul><li data-leveltext=\"o\" data-font=\"Courier New\" data-listid=\"56\" aria-setsize=\"-1\" data-aria-posinset=\"1\" data-aria-level=\"2\"><a href=\"https:\/\/developers.google.com\/analytics\/devguides\/collection\/analyticsjs\/cookie-usage\"><span data-contrast=\"none\">https:\/\/developers.google.com\/analytics\/devguides\/collection\/analyticsjs\/cookie-usage<\/span><\/a><span data-ccp-props=\"{&quot;134233117&quot;:true,&quot;134233118&quot;:true,&quot;335551550&quot;:6,&quot;335551620&quot;:6,&quot;335559739&quot;:160,&quot;335559740&quot;:276}\">\u00a0<\/span><\/li><li data-leveltext=\"o\" data-font=\"Courier New\" data-listid=\"56\" aria-setsize=\"-1\" data-aria-posinset=\"2\" data-aria-level=\"2\"><a href=\"https:\/\/www.google.com\/analytics\/learn\/privacy.html\"><span data-contrast=\"none\">https:\/\/www.google.com\/analytics\/learn\/privacy.html<\/span><\/a><span data-ccp-props=\"{&quot;134233117&quot;:true,&quot;134233118&quot;:true,&quot;335551550&quot;:6,&quot;335551620&quot;:6,&quot;335559739&quot;:160,&quot;335559740&quot;:276}\">\u00a0<\/span><\/li><li data-leveltext=\"o\" data-font=\"Courier New\" data-listid=\"56\" aria-setsize=\"-1\" data-aria-posinset=\"3\" data-aria-level=\"2\"><a href=\"http:\/\/www.google.com\/intl\/en-US\/policies\/technologies\/cookies\/\"><span data-contrast=\"none\">http:\/\/www.google.com\/intl\/en-US\/policies\/technologies\/cookies\/<\/span><\/a><span data-ccp-props=\"{&quot;134233117&quot;:true,&quot;134233118&quot;:true,&quot;335551550&quot;:6,&quot;335551620&quot;:6,&quot;335559739&quot;:160,&quot;335559740&quot;:276}\">\u00a0<\/span><\/li><\/ul><ul><li data-leveltext=\"\uf0b7\" data-font=\"Symbol\" data-listid=\"57\" aria-setsize=\"-1\" data-aria-posinset=\"1\" data-aria-level=\"1\"><b><span data-contrast=\"none\">Twitter<\/span><\/b><span data-contrast=\"none\">:\u202f<\/span><a href=\"https:\/\/twitter.com\/privacy\"><span data-contrast=\"none\">https:\/\/twitter.com\/privacy<\/span><\/a><span data-ccp-props=\"{&quot;134233117&quot;:true,&quot;134233118&quot;:true,&quot;335551550&quot;:6,&quot;335551620&quot;:6,&quot;335559739&quot;:160,&quot;335559740&quot;:276}\">\u00a0<\/span><\/li><\/ul><p><strong>5. Consentimento<\/strong><\/p><p>Ao navegar no nosso site ou ao aceder \u00e0 nossa app, aceita a instala\u00e7\u00e3o e uso de cookies.<\/p><p>Pode retirar o seu consentimento previamente concedido a qualquer momento, eliminando os cookies instalados no seu computador, configurando as op\u00e7\u00f5es do seu navegador, conforme indicado na sec\u00e7\u00e3o &#8220;Desativa\u00e7\u00e3o ou elimina\u00e7\u00e3o de cookies&#8221;. No entanto, informamos que isso pode ter influ\u00eancia nas funcionalidades do site ou da app, tornando a sua experi\u00eancia de utilizador menos satisfat\u00f3ria.<\/p><p><span data-ccp-props=\"{&quot;335551550&quot;:6,&quot;335551620&quot;:6,&quot;335559739&quot;:300,&quot;335559740&quot;:276}\">\u00a0<\/span><\/p>\t\t\t\t\t\t\t\t<\/div>\n\t\t\t\t<\/div>\n\t\t\t\t\t<\/div>\n\t\t<\/div>\n\t\t\t\t\t<\/div>\n\t\t<\/section>\n\t\t\t\t<\/div>\n\t\t","protected":false},"excerpt":{"rendered":"<p>Pol\u00edtica de Cookies A EMSA TECNOLOGIA QU\u00cdMICA, S.A.U. utiliza cookies? A EMSA TECNOLOGIA QUIMICA, S.A.U. utiliza cookies pr\u00f3prios e de terceiros apenas no caso de ter dado o seu consentimento de acordo com o indicado na janela pop-up do seu navegador quando aceder ao nosso site pela primeira vez. 1. O que \u00e9 um cookie? [&hellip;]<\/p>\n","protected":false},"author":2,"featured_media":0,"parent":0,"menu_order":0,"comment_status":"closed","ping_status":"closed","template":"elementor_header_footer","meta":{"_acf_changed":false,"footnotes":""},"class_list":["post-5785","page","type-page","status-publish","hentry"],"acf":[],"yoast_head":"<!-- This site is optimized with the Yoast SEO plugin v27.3 - https:\/\/yoast.com\/product\/yoast-seo-wordpress\/ -->\n<title>Pol\u00edtica de cookies - Emsa<\/title>\n<meta name=\"robots\" content=\"index, follow, max-snippet:-1, max-image-preview:large, max-video-preview:-1\" \/>\n<link rel=\"canonical\" href=\"https:\/\/emsaquimica.com\/pt-pt\/politica-cookies\/\" \/>\n<meta property=\"og:locale\" content=\"pt_PT\" \/>\n<meta property=\"og:type\" content=\"article\" \/>\n<meta property=\"og:title\" content=\"Pol\u00edtica de cookies - Emsa\" \/>\n<meta property=\"og:description\" content=\"Pol\u00edtica de Cookies A EMSA TECNOLOGIA QU\u00cdMICA, S.A.U. utiliza cookies? A EMSA TECNOLOGIA QUIMICA, S.A.U. utiliza cookies pr\u00f3prios e de terceiros apenas no caso de ter dado o seu consentimento de acordo com o indicado na janela pop-up do seu navegador quando aceder ao nosso site pela primeira vez. 1. O que \u00e9 um cookie? [&hellip;]\" \/>\n<meta property=\"og:url\" content=\"https:\/\/emsaquimica.com\/pt-pt\/politica-cookies\/\" \/>\n<meta property=\"og:site_name\" content=\"Emsa\" \/>\n<meta property=\"article:modified_time\" content=\"2022-04-20T10:00:03+00:00\" \/>\n<meta name=\"twitter:card\" content=\"summary_large_image\" \/>\n<meta name=\"twitter:label1\" content=\"Tempo estimado de leitura\" \/>\n\t<meta name=\"twitter:data1\" content=\"4 minutos\" \/>\n<script type=\"application\/ld+json\" class=\"yoast-schema-graph\">{\"@context\":\"https:\\\/\\\/schema.org\",\"@graph\":[{\"@type\":\"WebPage\",\"@id\":\"https:\\\/\\\/emsaquimica.com\\\/pt-pt\\\/politica-cookies\\\/\",\"url\":\"https:\\\/\\\/emsaquimica.com\\\/pt-pt\\\/politica-cookies\\\/\",\"name\":\"Pol\u00edtica de cookies - Emsa\",\"isPartOf\":{\"@id\":\"https:\\\/\\\/emsaquimica.com\\\/pt-pt\\\/#website\"},\"datePublished\":\"2022-01-14T15:16:34+00:00\",\"dateModified\":\"2022-04-20T10:00:03+00:00\",\"breadcrumb\":{\"@id\":\"https:\\\/\\\/emsaquimica.com\\\/pt-pt\\\/politica-cookies\\\/#breadcrumb\"},\"inLanguage\":\"pt-PT\",\"potentialAction\":[{\"@type\":\"ReadAction\",\"target\":[\"https:\\\/\\\/emsaquimica.com\\\/pt-pt\\\/politica-cookies\\\/\"]}]},{\"@type\":\"BreadcrumbList\",\"@id\":\"https:\\\/\\\/emsaquimica.com\\\/pt-pt\\\/politica-cookies\\\/#breadcrumb\",\"itemListElement\":[{\"@type\":\"ListItem\",\"position\":1,\"name\":\"Portada\",\"item\":\"https:\\\/\\\/emsaquimica.com\\\/pt-pt\\\/\"},{\"@type\":\"ListItem\",\"position\":2,\"name\":\"Pol\u00edtica de cookies\"}]},{\"@type\":\"WebSite\",\"@id\":\"https:\\\/\\\/emsaquimica.com\\\/pt-pt\\\/#website\",\"url\":\"https:\\\/\\\/emsaquimica.com\\\/pt-pt\\\/\",\"name\":\"Emsa\",\"description\":\"Committed Chemistry\",\"publisher\":{\"@id\":\"https:\\\/\\\/emsaquimica.com\\\/pt-pt\\\/#organization\"},\"potentialAction\":[{\"@type\":\"SearchAction\",\"target\":{\"@type\":\"EntryPoint\",\"urlTemplate\":\"https:\\\/\\\/emsaquimica.com\\\/pt-pt\\\/?s={search_term_string}\"},\"query-input\":{\"@type\":\"PropertyValueSpecification\",\"valueRequired\":true,\"valueName\":\"search_term_string\"}}],\"inLanguage\":\"pt-PT\"},{\"@type\":\"Organization\",\"@id\":\"https:\\\/\\\/emsaquimica.com\\\/pt-pt\\\/#organization\",\"name\":\"Emsa\",\"url\":\"https:\\\/\\\/emsaquimica.com\\\/pt-pt\\\/\",\"logo\":{\"@type\":\"ImageObject\",\"inLanguage\":\"pt-PT\",\"@id\":\"https:\\\/\\\/emsaquimica.com\\\/pt-pt\\\/#\\\/schema\\\/logo\\\/image\\\/\",\"url\":\"https:\\\/\\\/emsaquimica.com\\\/wp-content\\\/uploads\\\/2021\\\/11\\\/Logo-Emsa.svg\",\"contentUrl\":\"https:\\\/\\\/emsaquimica.com\\\/wp-content\\\/uploads\\\/2021\\\/11\\\/Logo-Emsa.svg\",\"width\":200,\"height\":50,\"caption\":\"Emsa\"},\"image\":{\"@id\":\"https:\\\/\\\/emsaquimica.com\\\/pt-pt\\\/#\\\/schema\\\/logo\\\/image\\\/\"}}]}<\/script>\n<!-- \/ Yoast SEO plugin. -->","yoast_head_json":{"title":"Pol\u00edtica de cookies - Emsa","robots":{"index":"index","follow":"follow","max-snippet":"max-snippet:-1","max-image-preview":"max-image-preview:large","max-video-preview":"max-video-preview:-1"},"canonical":"https:\/\/emsaquimica.com\/pt-pt\/politica-cookies\/","og_locale":"pt_PT","og_type":"article","og_title":"Pol\u00edtica de cookies - Emsa","og_description":"Pol\u00edtica de Cookies A EMSA TECNOLOGIA QU\u00cdMICA, S.A.U. utiliza cookies? A EMSA TECNOLOGIA QUIMICA, S.A.U. utiliza cookies pr\u00f3prios e de terceiros apenas no caso de ter dado o seu consentimento de acordo com o indicado na janela pop-up do seu navegador quando aceder ao nosso site pela primeira vez. 1. O que \u00e9 um cookie? [&hellip;]","og_url":"https:\/\/emsaquimica.com\/pt-pt\/politica-cookies\/","og_site_name":"Emsa","article_modified_time":"2022-04-20T10:00:03+00:00","twitter_card":"summary_large_image","twitter_misc":{"Tempo estimado de leitura":"4 minutos"},"schema":{"@context":"https:\/\/schema.org","@graph":[{"@type":"WebPage","@id":"https:\/\/emsaquimica.com\/pt-pt\/politica-cookies\/","url":"https:\/\/emsaquimica.com\/pt-pt\/politica-cookies\/","name":"Pol\u00edtica de cookies - Emsa","isPartOf":{"@id":"https:\/\/emsaquimica.com\/pt-pt\/#website"},"datePublished":"2022-01-14T15:16:34+00:00","dateModified":"2022-04-20T10:00:03+00:00","breadcrumb":{"@id":"https:\/\/emsaquimica.com\/pt-pt\/politica-cookies\/#breadcrumb"},"inLanguage":"pt-PT","potentialAction":[{"@type":"ReadAction","target":["https:\/\/emsaquimica.com\/pt-pt\/politica-cookies\/"]}]},{"@type":"BreadcrumbList","@id":"https:\/\/emsaquimica.com\/pt-pt\/politica-cookies\/#breadcrumb","itemListElement":[{"@type":"ListItem","position":1,"name":"Portada","item":"https:\/\/emsaquimica.com\/pt-pt\/"},{"@type":"ListItem","position":2,"name":"Pol\u00edtica de cookies"}]},{"@type":"WebSite","@id":"https:\/\/emsaquimica.com\/pt-pt\/#website","url":"https:\/\/emsaquimica.com\/pt-pt\/","name":"Emsa","description":"Committed Chemistry","publisher":{"@id":"https:\/\/emsaquimica.com\/pt-pt\/#organization"},"potentialAction":[{"@type":"SearchAction","target":{"@type":"EntryPoint","urlTemplate":"https:\/\/emsaquimica.com\/pt-pt\/?s={search_term_string}"},"query-input":{"@type":"PropertyValueSpecification","valueRequired":true,"valueName":"search_term_string"}}],"inLanguage":"pt-PT"},{"@type":"Organization","@id":"https:\/\/emsaquimica.com\/pt-pt\/#organization","name":"Emsa","url":"https:\/\/emsaquimica.com\/pt-pt\/","logo":{"@type":"ImageObject","inLanguage":"pt-PT","@id":"https:\/\/emsaquimica.com\/pt-pt\/#\/schema\/logo\/image\/","url":"https:\/\/emsaquimica.com\/wp-content\/uploads\/2021\/11\/Logo-Emsa.svg","contentUrl":"https:\/\/emsaquimica.com\/wp-content\/uploads\/2021\/11\/Logo-Emsa.svg","width":200,"height":50,"caption":"Emsa"},"image":{"@id":"https:\/\/emsaquimica.com\/pt-pt\/#\/schema\/logo\/image\/"}}]}},"_links":{"self":[{"href":"https:\/\/emsaquimica.com\/pt-pt\/wp-json\/wp\/v2\/pages\/5785","targetHints":{"allow":["GET"]}}],"collection":[{"href":"https:\/\/emsaquimica.com\/pt-pt\/wp-json\/wp\/v2\/pages"}],"about":[{"href":"https:\/\/emsaquimica.com\/pt-pt\/wp-json\/wp\/v2\/types\/page"}],"author":[{"embeddable":true,"href":"https:\/\/emsaquimica.com\/pt-pt\/wp-json\/wp\/v2\/users\/2"}],"replies":[{"embeddable":true,"href":"https:\/\/emsaquimica.com\/pt-pt\/wp-json\/wp\/v2\/comments?post=5785"}],"version-history":[{"count":3,"href":"https:\/\/emsaquimica.com\/pt-pt\/wp-json\/wp\/v2\/pages\/5785\/revisions"}],"predecessor-version":[{"id":6673,"href":"https:\/\/emsaquimica.com\/pt-pt\/wp-json\/wp\/v2\/pages\/5785\/revisions\/6673"}],"wp:attachment":[{"href":"https:\/\/emsaquimica.com\/pt-pt\/wp-json\/wp\/v2\/media?parent=5785"}],"curies":[{"name":"wp","href":"https:\/\/api.w.org\/{rel}","templated":true}]}}