{"id":5788,"date":"2022-01-14T16:12:13","date_gmt":"2022-01-14T15:12:13","guid":{"rendered":"https:\/\/emsaquimica.com\/politica-privacidad\/"},"modified":"2022-04-20T12:59:13","modified_gmt":"2022-04-20T10:59:13","slug":"politica-privacidad","status":"publish","type":"page","link":"https:\/\/emsaquimica.com\/pt-pt\/politica-privacidad\/","title":{"rendered":"Pol\u00edtica de Privacidad"},"content":{"rendered":"\t\t<div data-elementor-type=\"wp-page\" data-elementor-id=\"5788\" class=\"elementor elementor-5788 elementor-2529\" data-elementor-post-type=\"page\">\n\t\t\t\t\t\t<section class=\"has_ae_slider elementor-section elementor-top-section elementor-element elementor-element-8ab1c0f elementor-section-full_width elementor-section-height-min-height elementor-section-items-stretch elementor-section-height-default ae-bg-gallery-type-default\" data-id=\"8ab1c0f\" data-element_type=\"section\" data-e-type=\"section\">\n\t\t\t\t\t\t<div class=\"elementor-container elementor-column-gap-default\">\n\t\t\t\t\t<div class=\"has_ae_slider elementor-column elementor-col-100 elementor-top-column elementor-element elementor-element-6f13ba7 ae-bg-gallery-type-default\" data-id=\"6f13ba7\" data-element_type=\"column\" data-e-type=\"column\" data-settings=\"{&quot;background_background&quot;:&quot;classic&quot;}\">\n\t\t\t<div class=\"elementor-widget-wrap elementor-element-populated\">\n\t\t\t\t\t<div class=\"elementor-background-overlay\"><\/div>\n\t\t\t\t\t\t<div class=\"elementor-element elementor-element-0a7c1dd elementor-widget elementor-widget-heading\" data-id=\"0a7c1dd\" data-element_type=\"widget\" data-e-type=\"widget\" data-widget_type=\"heading.default\">\n\t\t\t\t<div class=\"elementor-widget-container\">\n\t\t\t\t\t<h2 class=\"elementor-heading-title elementor-size-default\">Pol\u00edtica de privacidade<\/h2>\t\t\t\t<\/div>\n\t\t\t\t<\/div>\n\t\t\t\t<section class=\"has_ae_slider elementor-section elementor-inner-section elementor-element elementor-element-8c9de9a elementor-section-height-min-height elementor-section-boxed elementor-section-height-default ae-bg-gallery-type-default\" data-id=\"8c9de9a\" data-element_type=\"section\" data-e-type=\"section\">\n\t\t\t\t\t\t<div class=\"elementor-container elementor-column-gap-no\">\n\t\t\t\t\t<div class=\"has_ae_slider elementor-column elementor-col-50 elementor-inner-column elementor-element elementor-element-d0d1ce4 ae-bg-gallery-type-default\" data-id=\"d0d1ce4\" data-element_type=\"column\" data-e-type=\"column\">\n\t\t\t<div class=\"elementor-widget-wrap elementor-element-populated\">\n\t\t\t\t\t\t\t<\/div>\n\t\t<\/div>\n\t\t\t\t<div class=\"has_ae_slider elementor-column elementor-col-50 elementor-inner-column elementor-element elementor-element-c599ce3 ae-bg-gallery-type-default\" data-id=\"c599ce3\" data-element_type=\"column\" data-e-type=\"column\">\n\t\t\t<div class=\"elementor-widget-wrap\">\n\t\t\t\t\t\t\t<\/div>\n\t\t<\/div>\n\t\t\t\t\t<\/div>\n\t\t<\/section>\n\t\t\t\t\t<\/div>\n\t\t<\/div>\n\t\t\t\t\t<\/div>\n\t\t<\/section>\n\t\t\t\t<section class=\"has_ae_slider elementor-section elementor-top-section elementor-element elementor-element-5201474 elementor-section-boxed elementor-section-height-default elementor-section-height-default ae-bg-gallery-type-default\" data-id=\"5201474\" data-element_type=\"section\" data-e-type=\"section\">\n\t\t\t\t\t\t<div class=\"elementor-container elementor-column-gap-no\">\n\t\t\t\t\t<div class=\"has_ae_slider elementor-column elementor-col-100 elementor-top-column elementor-element elementor-element-2412d03 ae-bg-gallery-type-default\" data-id=\"2412d03\" data-element_type=\"column\" data-e-type=\"column\">\n\t\t\t<div class=\"elementor-widget-wrap elementor-element-populated\">\n\t\t\t\t\t\t<div class=\"elementor-element elementor-element-d17a40c elementor-widget elementor-widget-text-editor\" data-id=\"d17a40c\" data-element_type=\"widget\" data-e-type=\"widget\" data-widget_type=\"text-editor.default\">\n\t\t\t\t<div class=\"elementor-widget-container\">\n\t\t\t\t\t\t\t\t\t<p><b>POL\u00cdTICA DE PRIVACIDADE<\/b><\/p>\n<p>O objetivo desta pol\u00edtica de privacidade \u00e9 informar sobre o processamento dos seus dados e os direitos que lhe correspondem de acordo com a regulamenta\u00e7\u00e3o aplic\u00e1vel em termos de prote\u00e7\u00e3o de dados pessoais, e especialmente de acordo com o regulamento (UE) 2016\/679 de 27 de abril 2016, Prote\u00e7\u00e3o Geral de Dados (RGPD) e Lei Org\u00e2nica 3\/2018 de 5 de dezembro, sobre prote\u00e7\u00e3o de dados pessoais e garantia de direitos digitais.<\/p>\n<p><strong>3. Quem \u00e9 o respons\u00e1vel pelo processamento dos dados?<\/strong><\/p>\n<p>A EMSA TECNOLOGIA QUIMICA, S.A.U., tem o dever de informar os utilizadores da sua p\u00e1gina Web sobre a recolha de dados pessoais que pode ocorrer, quer atrav\u00e9s do envio de um e-mail ou atrav\u00e9s do preenchimento dos formul\u00e1rios inclu\u00eddos na p\u00e1gina Web. Neste sentido, a EMSA TECNOLOGIA QUIMICA, S.A.U., ser\u00e1 considerada a Respons\u00e1vel pelo processamento dos dados recolhidos atrav\u00e9s dos meios acima descritos.<\/p>\n<p><strong>RESPONS\u00c1VEL PELO PROCESSAMENTO:<\/strong> EMSA TECNOLOGIA QUIMICA, S.A.U, com sede na Calle Mestre Nicolau 19, 8\u00ba, 08021 em Barcelona, Espanha e o CIF A-08685166, Telefone: +34 934 701 196. E-Mail:\u202f<a href=\"mailto:emsaquimica@emsaquimica.com\">emsaquimica@emsaquimica.com<\/a><\/p>\n<p><strong>2. Para que finalidade processamos os seus dados pessoais?<\/strong><\/p>\n<p>Os dados que nos fornecer ser\u00e3o processados para as seguintes finalidades: O atendimento das solicita\u00e7\u00f5es feitas pelos utilizadores, a inclus\u00e3o na lista de contactos, a presta\u00e7\u00e3o de servi\u00e7os e a gest\u00e3o da rela\u00e7\u00e3o comercial, bem como o envio de informa\u00e7\u00f5es e ofertas que sejam equiparadas \u00e0s informa\u00e7\u00f5es solicitadas.<\/p>\n<p><strong>3. Qual \u00e9 a legitimidade do processamento dos seus dados?<\/strong><\/p>\n<p>A base legal para o processamento dos seus dados \u00e9 o seu consentimento dado explicitamente atrav\u00e9s do formul\u00e1rio de subscri\u00e7\u00e3o.<\/p>\n<p><strong>4. A que destinat\u00e1rios ser\u00e3o comunicados os seus dados?<\/strong><\/p>\n<p>A EMSA TECNOLOGIA QUIMICA, S.A.U. informa que os seus dados pessoais n\u00e3o ser\u00e3o cedidos a terceiros, exceto se existir uma obriga\u00e7\u00e3o legal ou uma base jur\u00eddica que legitime tal transfer\u00eancia.<\/p>\n<p>Por outro lado, os prestadores de servi\u00e7os da EMSA TECNOLOGIA QUIMICA, S.A.U. que desempenharem fun\u00e7\u00f5es relacionadas com as finalidades de processamento descritas poder\u00e3o ter acesso aos seus dados pessoais como encarregados pelo processamento, pelo que a EMSA TECNOLOGIA QUIMICA, S.A.U., garante que adotar\u00e1 as pol\u00edticas de prote\u00e7\u00e3o de dados pessoais e as medidas necess\u00e1rias ao seu correto processamento.<\/p>\n<p>Os seus dados ser\u00e3o devidamente conservados e protegidos contra a perda ou altera\u00e7\u00e3o de informa\u00e7\u00e3o e o acesso n\u00e3o autorizado enquanto existir a rela\u00e7\u00e3o comercial e durante o per\u00edodo legalmente estabelecido, exceto indica\u00e7\u00e3o em contr\u00e1rio e desde que as normas vigentes permitam a elimina\u00e7\u00e3o dos dados.<\/p>\n<p><strong>5. Por quanto tempo manteremos os seus dados?<\/strong><\/p>\n<p>A EMSA TECNOLOGIA QUIMICA, S.A.U. conservar\u00e1 os seus dados pessoais apenas pelo tempo necess\u00e1rio \u00e0 realiza\u00e7\u00e3o das finalidades para as quais foram recolhidos, desde que n\u00e3o revogue o consentimento concedido para o efeito.<\/p>\n<p><strong>6. Quais s\u00e3o os seus direitos quando nos fornece os seus dados pessoais?<\/strong><\/p>\n<p>Ter\u00e1 a possibilidade de exercer os direitos de acesso, o que permite ao utilizador da Web saber que dados pessoais tem o administrador desta p\u00e1gina e, neste caso, responder no prazo de um m\u00eas, desde que mantenha os dados, retifica\u00e7\u00e3o, o que lhe permite corrigir erros, modificar dados inexactos ou incompletos e assegurar a exatid\u00e3o das informa\u00e7\u00f5es, oposi\u00e7\u00e3o, que pode solicitar e conseguir que o processamento de dados n\u00e3o seja efetuado,\u202felimina\u00e7\u00e3o, que permite a remo\u00e7\u00e3o de dados inadequados ou excessivos, limita\u00e7\u00e3o, atrav\u00e9s da qual pode solicitar que o processamento dos seus dados seja limitado quando tiver exercido o seu direito de retifica\u00e7\u00e3o dos seus dados pessoais, e portabilidade, para que possa obter uma c\u00f3pia dos dados pessoais que forneceu na p\u00e1gina Web, a fim de poder transmiti-los a outros servi\u00e7os.<\/p>\n<p>Para fazer uso do exerc\u00edcio desses direitos, o utilizador deve escrever para o seguinte endere\u00e7o: EMSA TECNOLOGIA QUIMICA, S.A.U., Mestre Nicolau 19, 8\u00ba, 08021 em Barcelona, Espanha, ou enviando um e-mail para emsaquimica@emsaquimica.com, fornecendo fotoc\u00f3pia da documenta\u00e7\u00e3o que comprove a sua identidade (CC ou passaporte) em ambos os casos .<\/p>\n<p>A referida comunica\u00e7\u00e3o deve refletir as seguintes informa\u00e7\u00f5es: Nome e apelidos do utilizador, morada e dados de suporte e o pedido do direito que pretende exercer.<\/p>\n<p>O exerc\u00edcio dos direitos deve ser realizado pelo pr\u00f3prio utilizador, pelo seu herdeiro ou por uma pessoa autorizada como representante legal da pessoa autorizada. Neste caso, dever\u00e1 ser fornecida a documenta\u00e7\u00e3o que comprove esta representa\u00e7\u00e3o do interessado, aceita\u00e7\u00e3o da heran\u00e7a ou procura\u00e7\u00f5es.<\/p>\n<p>Informamos tamb\u00e9m que pode apresentar uma reclama\u00e7\u00e3o junto da Ag\u00eancia Espanhola de Prote\u00e7\u00e3o de Dados se considerar que os seus direitos foram violados.<\/p>\n<p>Se n\u00e3o nos notificar do contr\u00e1rio, entenderemos que os seus dados n\u00e3o foram modificados, que concorda com notificar-nos de qualquer altera\u00e7\u00e3o e que temos o seu consentimento para us\u00e1-los para os fins mencionados.<\/p>\n<p>O interessado poder\u00e1, a qualquer momento, revogar o consentimento previamente concedido. Se revogar o seu consentimento para armazenar e processar os seus dados, a EMSA TECNOLOGIA QUIMICA, S.A.U. n\u00e3o poder\u00e1 prestar-lhe determinados servi\u00e7os.<\/p>\n<p><\/p>\n<p>A EMSA TECNOLOGIA QUIMICA, SAU, informa que proceder\u00e1 ao tratamento dos dados de forma l\u00edcita, leal, transparente, adequada, pertinente, limitada, exata e atualizada. \u00c9 por isso que a EMSA TECNOLOGIA QUIMICA, S.A.U., se compromete a adoptar todas as medidas razo\u00e1veis para que sejam apagados ou retificados sem demora quando forem inexatos.<\/p>\n<p>O envio dos seus dados atrav\u00e9s do(s) formul\u00e1rio(s) da nossa p\u00e1gina Web estar\u00e1 sujeita ao facto de ter lido\/aceite a Pol\u00edtica de Privacidade, atrav\u00e9s de uma caixa de verifica\u00e7\u00e3o obrigat\u00f3ria no final do formul\u00e1rio.<\/p>\n<p>A EMSA TECNOLOGIA QUIMICA, S.A.U. compromete-se a cumprir a sua obriga\u00e7\u00e3o de manter o sigilo dos dados pessoais e o seu dever de os tratar com confidencialidade, e adotar\u00e1, para estes fins, as medidas necess\u00e1rias para evitar a sua altera\u00e7\u00e3o, perda, tratamento ou acesso n\u00e3o autorizado.<\/p>\n<p><strong>7. Que medidas de seguran\u00e7a a EMSA TECNOLOGIA QU\u00cdMICA, S.A.U. adota em rela\u00e7\u00e3o aos seus dados pessoais?<\/strong><\/p>\n<p>A EMSA TECNOLOGIA QUIMICA, S.A.U., para proteger os seus dados pessoais, informa-o que implementou e aplica as medidas de seguran\u00e7a t\u00e9cnica e organizativa necess\u00e1rias para evitar a sua perda, manipula\u00e7\u00e3o, divulga\u00e7\u00e3o ou altera\u00e7\u00e3o, sempre, e em qualquer caso, adaptando-os aos requisitos estabelecidos nos regulamentos aplic\u00e1veis em termos de prote\u00e7\u00e3o de dados pessoais.<\/p>\n<p><strong>8. Pol\u00edtica de privacidade para redes sociais<\/strong><\/p>\n<p>Em conformidade com o Regulamento da UE 2016\/679 do Parlamento Europeu e do Conselho da Europa sobre a Prote\u00e7\u00e3o de Dados Pessoais, de 27 de abril de 2016, a Lei Org\u00e2nica 3\/2018, de 5 de dezembro, sobre a prote\u00e7\u00e3o de dados pessoais e garantia dos direitos digitais, e a Lei 34\/2002, sobre Servi\u00e7os da Sociedade da Informa\u00e7\u00e3o e Com\u00e9rcio Eletr\u00f3nico, a EMSA TECNOLOGIA QUIMICA, S.A.U. informa os utilizadores de que criou um perfil na Rede Social LinkedIn, com o objetivo principal de publicitar os seus produtos e servi\u00e7os.<\/p>\n<p>O utilizador que tiver um perfil na referida Rede Social e tiver decidido aderir \u00e0 p\u00e1gina criada pela EMSA TECNOLOGIA QU\u00cdMICA, S.A.U., manifestando assim interesse pela informa\u00e7\u00e3o que \u00e9 publicada na Rede, d\u00e1-nos o seu consentimento para o processamento dos dados pessoais publicados no seu perfil.<\/p>\n<p>O utilizador pode aceder \u00e0s pol\u00edticas de privacidade da Rede Social em qualquer altura, bem como configurar o seu perfil para garantir a sua privacidade. <\/p>\n<p>A EMSA TECNOLOGIA QUIMICA, S.A.U. tem acesso e trata a informa\u00e7\u00e3o p\u00fablica do utilizador, nomeadamente o seu nome de contacto. Esses dados s\u00e3o utilizados apenas dentro da pr\u00f3pria Rede Social, n\u00e3o sendo inclu\u00eddos em nenhum ficheiro.<\/p>\n<p>Em rela\u00e7\u00e3o aos direitos de acesso, retifica\u00e7\u00e3o, cancelamento, oposi\u00e7\u00e3o, limita\u00e7\u00e3o de processamento e portabilidade que podem ser exercidos por si perante a EMSA TECNOLOGIA QUIMICA, SAU, deve ter em conta os seguintes pontos:<\/p>\n<p>\u2013 Direito de Acesso: ser\u00e1 definido pela funcionalidade da Rede Social e pela possibilidade de acesso \u00e0s informa\u00e7\u00f5es dos perfis dos utilizadores.<\/p>\n<p>\u2013 Direito de Retifica\u00e7\u00e3o: s\u00f3 pode ser cumprido em rela\u00e7\u00e3o \u00e0 informa\u00e7\u00e3o que seja controlada pela EMSA TECNOLOGIA QUIMICA, S.A.U. Normalmente, este direito deve ser exercido perante a Rede Social.<\/p>\n<p>\u2013 Direitos de Cancelamento, Oposi\u00e7\u00e3o, Limita\u00e7\u00e3o e Portabilidade: como no caso anterior, s\u00f3 podem ser cumpridos em rela\u00e7\u00e3o \u00e0 informa\u00e7\u00e3o que for controlada pela EMSA TECNOLOGIA QUIMICA, S.A.U. como, por exemplo, deixar de estar unido ao perfil.<\/p>\n<p>Da mesma forma, o utilizador poder\u00e1 sempre controlar as suas conex\u00f5es, eliminar conte\u00fados que deixem de lhe interessar e restringir com quem partilha as suas conex\u00f5es, devendo, para isso, ir \u00e0s suas configura\u00e7\u00f5es de privacidade.<\/p>\n<p>Por seu lado, a EMSA TECNOLOGIA QUIMICA, S.A.U. poder\u00e1 realizar as seguintes a\u00e7\u00f5es:<\/p>\n<p>\u2013 Acesso a informa\u00e7\u00f5es p\u00fablicas do perfil. <br>\u2013 Publica\u00e7\u00e3o no perfil do utilizador de toda a informa\u00e7\u00e3o j\u00e1 publicada na p\u00e1gina da EMSA TECNOLOGIA QUIMICA, S.A.U. <br>\u2013 Envio de mensagens pessoais e individuais atrav\u00e9s dos canais da Rede Social. <br>\u2013 Atualiza\u00e7\u00f5es do estado da p\u00e1gina a serem publicadas no perfil do utilizador.<\/p>\n<p><strong>Publica\u00e7\u00f5es<\/strong><\/p>\n<p>O utilizador, depois de estar ligado \u00e0 p\u00e1gina da EMSA TECNOLOGIA QUIMICA, S.A.U., pode publicar nesta \u00faltima coment\u00e1rios, links, imagens ou fotografias ou qualquer outro tipo de conte\u00fados multim\u00e9dia suportados pela Rede Social.<\/p>\n<p>O utilizador deve, em todos os casos, ser o propriet\u00e1rio dos direitos de autor e dos direitos de propriedade intelectual ou ter o consentimento dos terceiros interessados.<\/p>\n<p>\u00c9 expressamente proibida qualquer publica\u00e7\u00e3o na p\u00e1gina Web, quer seja de textos, gr\u00e1ficos, fotografias, v\u00eddeos, etc., que violem ou sejam suscept\u00edveis de violar a moral, a \u00e9tica, o bom gosto ou o decoro, e\/ou que infrinjam, violem ou corrompam os direitos de propriedade intelectual ou industrial, o direito \u00e0 imagem ou a lei.<\/p>\n<p>Nestes casos, a EMSA TECNOLOGIA QUIMICA, S.A.U. <br>reserva-se o direito de remover imediatamente o conte\u00fado, podendo solicitar o bloqueio permanente do utilizador, e a EMSA TECNOLOGIA QUIMICA, S.A.U. n\u00e3o ser\u00e1 considerada respons\u00e1vel pelo conte\u00fado livremente publicado por um utilizador.<\/p>\n<p>O utilizador deve ter em mente que as suas publica\u00e7\u00f5es ser\u00e3o conhecidas por outros utilizadores, pelos quais ele pr\u00f3prio \u00e9 o principal respons\u00e1vel pela sua privacidade.<\/p>\n<p>As imagens que possam ser publicadas na p\u00e1gina n\u00e3o ser\u00e3o armazenadas em nenhum ficheiro pela EMSA TECNOLOGIA QUIMICA, S.A.U. mas permanecer\u00e3o na Rede Social.<\/p>\n<p><strong>Publicidade<\/strong><\/p>\n<p>A EMSA TECNOLOGIA QUIMICA, S.A.U. utilizar\u00e1 a Rede Social para publicitar os seus produtos e servi\u00e7os; em qualquer caso, se decidir processar os os seus dados de contacto para realizar a\u00e7\u00f5es diretas de prospe\u00e7\u00e3o comercial, estar\u00e1 sempre em conformidade com os requisitos legais da LOPD e da LSSI-CE.<\/p>\n<p>Recomendar a p\u00e1gina da EMSA TECNOLOGIA QUIMICA, S.A.U. a outros utilizadores para que tamb\u00e9m possam usufruir das promo\u00e7\u00f5es ou serem informados sobre a sua atividade n\u00e3o ser\u00e1 considerado publicidade.<\/p>\n<p>A seguir, indicamos o link para a pol\u00edtica de privacidade da Rede Social:&nbsp;<\/p>\n<p><span data-contrast=\"none\"> \u202f<\/span><a href=\"http:\/\/www.linkedin.com\/legal\/privacy-policy?trk=hb_ft_priv\"><span data-contrast=\"none\">http:\/\/www.linkedin.com\/legal\/privacy-policy?trk=hb_ft_priv<\/span><\/a><span data-ccp-props=\"{\">&nbsp;<\/span><\/p>\t\t\t\t\t\t\t\t<\/div>\n\t\t\t\t<\/div>\n\t\t\t\t\t<\/div>\n\t\t<\/div>\n\t\t\t\t\t<\/div>\n\t\t<\/section>\n\t\t\t\t<\/div>\n\t\t","protected":false},"excerpt":{"rendered":"<p>Pol\u00edtica de privacidade POL\u00cdTICA DE PRIVACIDADE O objetivo desta pol\u00edtica de privacidade \u00e9 informar sobre o processamento dos seus dados e os direitos que lhe correspondem de acordo com a regulamenta\u00e7\u00e3o aplic\u00e1vel em termos de prote\u00e7\u00e3o de dados pessoais, e especialmente de acordo com o regulamento (UE) 2016\/679 de 27 de abril 2016, Prote\u00e7\u00e3o Geral [&hellip;]<\/p>\n","protected":false},"author":2,"featured_media":0,"parent":0,"menu_order":0,"comment_status":"closed","ping_status":"closed","template":"elementor_header_footer","meta":{"_acf_changed":false,"footnotes":""},"class_list":["post-5788","page","type-page","status-publish","hentry"],"acf":[],"yoast_head":"<!-- This site is optimized with the Yoast SEO plugin v27.3 - https:\/\/yoast.com\/product\/yoast-seo-wordpress\/ -->\n<title>Pol\u00edtica de Privacidad - Emsa<\/title>\n<meta name=\"robots\" content=\"index, follow, max-snippet:-1, max-image-preview:large, max-video-preview:-1\" \/>\n<link rel=\"canonical\" href=\"https:\/\/emsaquimica.com\/pt-pt\/politica-privacidad\/\" \/>\n<meta property=\"og:locale\" content=\"pt_PT\" \/>\n<meta property=\"og:type\" content=\"article\" \/>\n<meta property=\"og:title\" content=\"Pol\u00edtica de Privacidad - Emsa\" \/>\n<meta property=\"og:description\" content=\"Pol\u00edtica de privacidade POL\u00cdTICA DE PRIVACIDADE O objetivo desta pol\u00edtica de privacidade \u00e9 informar sobre o processamento dos seus dados e os direitos que lhe correspondem de acordo com a regulamenta\u00e7\u00e3o aplic\u00e1vel em termos de prote\u00e7\u00e3o de dados pessoais, e especialmente de acordo com o regulamento (UE) 2016\/679 de 27 de abril 2016, Prote\u00e7\u00e3o Geral [&hellip;]\" \/>\n<meta property=\"og:url\" content=\"https:\/\/emsaquimica.com\/pt-pt\/politica-privacidad\/\" \/>\n<meta property=\"og:site_name\" content=\"Emsa\" \/>\n<meta property=\"article:modified_time\" content=\"2022-04-20T10:59:13+00:00\" \/>\n<meta name=\"twitter:card\" content=\"summary_large_image\" \/>\n<meta name=\"twitter:label1\" content=\"Tempo estimado de leitura\" \/>\n\t<meta name=\"twitter:data1\" content=\"10 minutos\" \/>\n<script type=\"application\/ld+json\" class=\"yoast-schema-graph\">{\"@context\":\"https:\\\/\\\/schema.org\",\"@graph\":[{\"@type\":\"WebPage\",\"@id\":\"https:\\\/\\\/emsaquimica.com\\\/pt-pt\\\/politica-privacidad\\\/\",\"url\":\"https:\\\/\\\/emsaquimica.com\\\/pt-pt\\\/politica-privacidad\\\/\",\"name\":\"Pol\u00edtica de Privacidad - Emsa\",\"isPartOf\":{\"@id\":\"https:\\\/\\\/emsaquimica.com\\\/pt-pt\\\/#website\"},\"datePublished\":\"2022-01-14T15:12:13+00:00\",\"dateModified\":\"2022-04-20T10:59:13+00:00\",\"breadcrumb\":{\"@id\":\"https:\\\/\\\/emsaquimica.com\\\/pt-pt\\\/politica-privacidad\\\/#breadcrumb\"},\"inLanguage\":\"pt-PT\",\"potentialAction\":[{\"@type\":\"ReadAction\",\"target\":[\"https:\\\/\\\/emsaquimica.com\\\/pt-pt\\\/politica-privacidad\\\/\"]}]},{\"@type\":\"BreadcrumbList\",\"@id\":\"https:\\\/\\\/emsaquimica.com\\\/pt-pt\\\/politica-privacidad\\\/#breadcrumb\",\"itemListElement\":[{\"@type\":\"ListItem\",\"position\":1,\"name\":\"Portada\",\"item\":\"https:\\\/\\\/emsaquimica.com\\\/pt-pt\\\/\"},{\"@type\":\"ListItem\",\"position\":2,\"name\":\"Pol\u00edtica de Privacidad\"}]},{\"@type\":\"WebSite\",\"@id\":\"https:\\\/\\\/emsaquimica.com\\\/pt-pt\\\/#website\",\"url\":\"https:\\\/\\\/emsaquimica.com\\\/pt-pt\\\/\",\"name\":\"Emsa\",\"description\":\"Committed Chemistry\",\"publisher\":{\"@id\":\"https:\\\/\\\/emsaquimica.com\\\/pt-pt\\\/#organization\"},\"potentialAction\":[{\"@type\":\"SearchAction\",\"target\":{\"@type\":\"EntryPoint\",\"urlTemplate\":\"https:\\\/\\\/emsaquimica.com\\\/pt-pt\\\/?s={search_term_string}\"},\"query-input\":{\"@type\":\"PropertyValueSpecification\",\"valueRequired\":true,\"valueName\":\"search_term_string\"}}],\"inLanguage\":\"pt-PT\"},{\"@type\":\"Organization\",\"@id\":\"https:\\\/\\\/emsaquimica.com\\\/pt-pt\\\/#organization\",\"name\":\"Emsa\",\"url\":\"https:\\\/\\\/emsaquimica.com\\\/pt-pt\\\/\",\"logo\":{\"@type\":\"ImageObject\",\"inLanguage\":\"pt-PT\",\"@id\":\"https:\\\/\\\/emsaquimica.com\\\/pt-pt\\\/#\\\/schema\\\/logo\\\/image\\\/\",\"url\":\"https:\\\/\\\/emsaquimica.com\\\/wp-content\\\/uploads\\\/2021\\\/11\\\/Logo-Emsa.svg\",\"contentUrl\":\"https:\\\/\\\/emsaquimica.com\\\/wp-content\\\/uploads\\\/2021\\\/11\\\/Logo-Emsa.svg\",\"width\":200,\"height\":50,\"caption\":\"Emsa\"},\"image\":{\"@id\":\"https:\\\/\\\/emsaquimica.com\\\/pt-pt\\\/#\\\/schema\\\/logo\\\/image\\\/\"}}]}<\/script>\n<!-- \/ Yoast SEO plugin. -->","yoast_head_json":{"title":"Pol\u00edtica de Privacidad - Emsa","robots":{"index":"index","follow":"follow","max-snippet":"max-snippet:-1","max-image-preview":"max-image-preview:large","max-video-preview":"max-video-preview:-1"},"canonical":"https:\/\/emsaquimica.com\/pt-pt\/politica-privacidad\/","og_locale":"pt_PT","og_type":"article","og_title":"Pol\u00edtica de Privacidad - Emsa","og_description":"Pol\u00edtica de privacidade POL\u00cdTICA DE PRIVACIDADE O objetivo desta pol\u00edtica de privacidade \u00e9 informar sobre o processamento dos seus dados e os direitos que lhe correspondem de acordo com a regulamenta\u00e7\u00e3o aplic\u00e1vel em termos de prote\u00e7\u00e3o de dados pessoais, e especialmente de acordo com o regulamento (UE) 2016\/679 de 27 de abril 2016, Prote\u00e7\u00e3o Geral [&hellip;]","og_url":"https:\/\/emsaquimica.com\/pt-pt\/politica-privacidad\/","og_site_name":"Emsa","article_modified_time":"2022-04-20T10:59:13+00:00","twitter_card":"summary_large_image","twitter_misc":{"Tempo estimado de leitura":"10 minutos"},"schema":{"@context":"https:\/\/schema.org","@graph":[{"@type":"WebPage","@id":"https:\/\/emsaquimica.com\/pt-pt\/politica-privacidad\/","url":"https:\/\/emsaquimica.com\/pt-pt\/politica-privacidad\/","name":"Pol\u00edtica de Privacidad - Emsa","isPartOf":{"@id":"https:\/\/emsaquimica.com\/pt-pt\/#website"},"datePublished":"2022-01-14T15:12:13+00:00","dateModified":"2022-04-20T10:59:13+00:00","breadcrumb":{"@id":"https:\/\/emsaquimica.com\/pt-pt\/politica-privacidad\/#breadcrumb"},"inLanguage":"pt-PT","potentialAction":[{"@type":"ReadAction","target":["https:\/\/emsaquimica.com\/pt-pt\/politica-privacidad\/"]}]},{"@type":"BreadcrumbList","@id":"https:\/\/emsaquimica.com\/pt-pt\/politica-privacidad\/#breadcrumb","itemListElement":[{"@type":"ListItem","position":1,"name":"Portada","item":"https:\/\/emsaquimica.com\/pt-pt\/"},{"@type":"ListItem","position":2,"name":"Pol\u00edtica de Privacidad"}]},{"@type":"WebSite","@id":"https:\/\/emsaquimica.com\/pt-pt\/#website","url":"https:\/\/emsaquimica.com\/pt-pt\/","name":"Emsa","description":"Committed Chemistry","publisher":{"@id":"https:\/\/emsaquimica.com\/pt-pt\/#organization"},"potentialAction":[{"@type":"SearchAction","target":{"@type":"EntryPoint","urlTemplate":"https:\/\/emsaquimica.com\/pt-pt\/?s={search_term_string}"},"query-input":{"@type":"PropertyValueSpecification","valueRequired":true,"valueName":"search_term_string"}}],"inLanguage":"pt-PT"},{"@type":"Organization","@id":"https:\/\/emsaquimica.com\/pt-pt\/#organization","name":"Emsa","url":"https:\/\/emsaquimica.com\/pt-pt\/","logo":{"@type":"ImageObject","inLanguage":"pt-PT","@id":"https:\/\/emsaquimica.com\/pt-pt\/#\/schema\/logo\/image\/","url":"https:\/\/emsaquimica.com\/wp-content\/uploads\/2021\/11\/Logo-Emsa.svg","contentUrl":"https:\/\/emsaquimica.com\/wp-content\/uploads\/2021\/11\/Logo-Emsa.svg","width":200,"height":50,"caption":"Emsa"},"image":{"@id":"https:\/\/emsaquimica.com\/pt-pt\/#\/schema\/logo\/image\/"}}]}},"_links":{"self":[{"href":"https:\/\/emsaquimica.com\/pt-pt\/wp-json\/wp\/v2\/pages\/5788","targetHints":{"allow":["GET"]}}],"collection":[{"href":"https:\/\/emsaquimica.com\/pt-pt\/wp-json\/wp\/v2\/pages"}],"about":[{"href":"https:\/\/emsaquimica.com\/pt-pt\/wp-json\/wp\/v2\/types\/page"}],"author":[{"embeddable":true,"href":"https:\/\/emsaquimica.com\/pt-pt\/wp-json\/wp\/v2\/users\/2"}],"replies":[{"embeddable":true,"href":"https:\/\/emsaquimica.com\/pt-pt\/wp-json\/wp\/v2\/comments?post=5788"}],"version-history":[{"count":6,"href":"https:\/\/emsaquimica.com\/pt-pt\/wp-json\/wp\/v2\/pages\/5788\/revisions"}],"predecessor-version":[{"id":6786,"href":"https:\/\/emsaquimica.com\/pt-pt\/wp-json\/wp\/v2\/pages\/5788\/revisions\/6786"}],"wp:attachment":[{"href":"https:\/\/emsaquimica.com\/pt-pt\/wp-json\/wp\/v2\/media?parent=5788"}],"curies":[{"name":"wp","href":"https:\/\/api.w.org\/{rel}","templated":true}]}}