{"id":5802,"date":"2022-01-19T11:24:50","date_gmt":"2022-01-19T10:24:50","guid":{"rendered":"https:\/\/emsaquimica.com\/politica-compliance-emsa\/"},"modified":"2026-03-20T11:06:05","modified_gmt":"2026-03-20T10:06:05","slug":"politica-compliance-emsa","status":"publish","type":"page","link":"https:\/\/emsaquimica.com\/pt-pt\/politica-compliance-emsa\/","title":{"rendered":"Pol\u00edtica de Compliance"},"content":{"rendered":"\t\t<div data-elementor-type=\"wp-page\" data-elementor-id=\"5802\" class=\"elementor elementor-5802 elementor-2618\" data-elementor-post-type=\"page\">\n\t\t\t\t\t\t<section class=\"has_ae_slider elementor-section elementor-top-section elementor-element elementor-element-8ab1c0f elementor-section-full_width elementor-section-height-min-height elementor-section-items-stretch elementor-section-height-default ae-bg-gallery-type-default\" data-id=\"8ab1c0f\" data-element_type=\"section\" data-e-type=\"section\" data-settings=\"{&quot;background_background&quot;:&quot;slideshow&quot;,&quot;background_slideshow_gallery&quot;:[{&quot;id&quot;:5352,&quot;url&quot;:&quot;https:\\\/\\\/emsaquimica.com\\\/wp-content\\\/uploads\\\/2022\\\/01\\\/charles-forerunner-3fPXt37X6UQ-unsplash.png&quot;}],&quot;background_slideshow_loop&quot;:&quot;yes&quot;,&quot;background_slideshow_slide_duration&quot;:5000,&quot;background_slideshow_slide_transition&quot;:&quot;fade&quot;,&quot;background_slideshow_transition_duration&quot;:500}\">\n\t\t\t\t\t\t<div class=\"elementor-container elementor-column-gap-default\">\n\t\t\t\t\t<div class=\"has_ae_slider elementor-column elementor-col-100 elementor-top-column elementor-element elementor-element-6f13ba7 ae-bg-gallery-type-default\" data-id=\"6f13ba7\" data-element_type=\"column\" data-e-type=\"column\" data-settings=\"{&quot;background_background&quot;:&quot;classic&quot;}\">\n\t\t\t<div class=\"elementor-widget-wrap elementor-element-populated\">\n\t\t\t\t\t<div class=\"elementor-background-overlay\"><\/div>\n\t\t\t\t\t\t<div class=\"elementor-element elementor-element-0a7c1dd elementor-widget elementor-widget-heading\" data-id=\"0a7c1dd\" data-element_type=\"widget\" data-e-type=\"widget\" data-widget_type=\"heading.default\">\n\t\t\t\t<div class=\"elementor-widget-container\">\n\t\t\t\t\t<h2 class=\"elementor-heading-title elementor-size-default\">Compliance<\/h2>\t\t\t\t<\/div>\n\t\t\t\t<\/div>\n\t\t\t\t<section class=\"has_ae_slider elementor-section elementor-inner-section elementor-element elementor-element-7a2cf1f elementor-section-height-min-height elementor-section-boxed elementor-section-height-default ae-bg-gallery-type-default\" data-id=\"7a2cf1f\" data-element_type=\"section\" data-e-type=\"section\">\n\t\t\t\t\t\t<div class=\"elementor-container elementor-column-gap-no\">\n\t\t\t\t\t<div class=\"has_ae_slider elementor-column elementor-col-50 elementor-inner-column elementor-element elementor-element-972b1a2 ae-bg-gallery-type-default\" data-id=\"972b1a2\" data-element_type=\"column\" data-e-type=\"column\">\n\t\t\t<div class=\"elementor-widget-wrap elementor-element-populated\">\n\t\t\t\t\t\t\t<\/div>\n\t\t<\/div>\n\t\t\t\t<div class=\"has_ae_slider elementor-column elementor-col-50 elementor-inner-column elementor-element elementor-element-92d2910 ae-bg-gallery-type-default\" data-id=\"92d2910\" data-element_type=\"column\" data-e-type=\"column\">\n\t\t\t<div class=\"elementor-widget-wrap\">\n\t\t\t\t\t\t\t<\/div>\n\t\t<\/div>\n\t\t\t\t\t<\/div>\n\t\t<\/section>\n\t\t\t\t\t<\/div>\n\t\t<\/div>\n\t\t\t\t\t<\/div>\n\t\t<\/section>\n\t\t\t\t<section class=\"has_ae_slider elementor-section elementor-top-section elementor-element elementor-element-5201474 elementor-section-boxed elementor-section-height-default elementor-section-height-default ae-bg-gallery-type-default\" data-id=\"5201474\" data-element_type=\"section\" data-e-type=\"section\">\n\t\t\t\t\t\t<div class=\"elementor-container elementor-column-gap-no\">\n\t\t\t\t\t<div class=\"has_ae_slider elementor-column elementor-col-100 elementor-top-column elementor-element elementor-element-2412d03 ae-bg-gallery-type-default\" data-id=\"2412d03\" data-element_type=\"column\" data-e-type=\"column\">\n\t\t\t<div class=\"elementor-widget-wrap elementor-element-populated\">\n\t\t\t\t\t\t<div class=\"elementor-element elementor-element-d17a40c elementor-widget elementor-widget-text-editor\" data-id=\"d17a40c\" data-element_type=\"widget\" data-e-type=\"widget\" data-widget_type=\"text-editor.default\">\n\t\t\t\t<div class=\"elementor-widget-container\">\n\t\t\t\t\t\t\t\t\t<h2><span style=\"font-size: 36px; text-align: center; color: #0057b7;\">Programa de<\/span><span style=\"color: #ffffff; font-size: 36px; text-align: center;\">\u00a0<\/span><span style=\"font-size: 36px; text-align: center; color: #62b5e5;\">Compliance<\/span>\u00a0<\/h2><div>\u00a0<\/div><p>Com o compromisso de continuarmos a desenvolver a <strong>nossa atividade de forma \u00e9tica e sempre com base na regulamenta\u00e7\u00e3o correspondente<\/strong>, desenvolvemos um programa de Compliance.<\/p><p>O objetivo deste programa \u00e9 desenvolver uma cultura corporativa de compliance e um modelo de gest\u00e3o, b<strong>aseados no compromisso \u00e9tico da organiza\u00e7\u00e3o para com o cumprimento das normas legais<\/strong> e dos pr\u00f3prios compromissos assumidos voluntariamente.<\/p><p>Ao longo da hist\u00f3ria da Emsa, a <strong>\u00e9tica, a integridade e a responsabilidade foram marcas da nossa cultura empresarial<\/strong> e do nosso modelo de neg\u00f3cio. Todos n\u00f3s, na empresa, partilhamos a convic\u00e7\u00e3o de que s\u00e3o estes os valores que nos permitiram chegar at\u00e9 aqui e que, da mesma forma, nos permitir\u00e3o continuar a criar valor para os nossos clientes e para a sociedade.<\/p><ul><li><strong><a href=\"https:\/\/emsaquimica.com\/wp-content\/uploads\/2026\/03\/AF_CodigoEtico-EMSA-2021-Digital-EN.pdf\" target=\"_blank\" rel=\"noopener\">Download do C\u00f3digo de Conduta da Emsa<\/a><\/strong><\/li><\/ul>\t\t\t\t\t\t\t\t<\/div>\n\t\t\t\t<\/div>\n\t\t\t\t\t<\/div>\n\t\t<\/div>\n\t\t\t\t\t<\/div>\n\t\t<\/section>\n\t\t\t\t<\/div>\n\t\t","protected":false},"excerpt":{"rendered":"<p>Compliance Programa de\u00a0Compliance\u00a0 \u00a0 Com o compromisso de continuarmos a desenvolver a nossa atividade de forma \u00e9tica e sempre com base na regulamenta\u00e7\u00e3o correspondente, desenvolvemos um programa de Compliance. O objetivo deste programa \u00e9 desenvolver uma cultura corporativa de compliance e um modelo de gest\u00e3o, baseados no compromisso \u00e9tico da organiza\u00e7\u00e3o para com o cumprimento [&hellip;]<\/p>\n","protected":false},"author":2,"featured_media":0,"parent":0,"menu_order":0,"comment_status":"closed","ping_status":"closed","template":"elementor_header_footer","meta":{"_acf_changed":false,"footnotes":""},"class_list":["post-5802","page","type-page","status-publish","hentry"],"acf":[],"yoast_head":"<!-- This site is optimized with the Yoast SEO plugin v27.3 - https:\/\/yoast.com\/product\/yoast-seo-wordpress\/ -->\n<title>Pol\u00edtica de Compliance - Emsa<\/title>\n<meta name=\"robots\" content=\"index, follow, max-snippet:-1, max-image-preview:large, max-video-preview:-1\" \/>\n<link rel=\"canonical\" href=\"https:\/\/emsaquimica.com\/pt-pt\/politica-compliance-emsa\/\" \/>\n<meta property=\"og:locale\" content=\"pt_PT\" \/>\n<meta property=\"og:type\" content=\"article\" \/>\n<meta property=\"og:title\" content=\"Pol\u00edtica de Compliance - Emsa\" \/>\n<meta property=\"og:description\" content=\"Compliance Programa de\u00a0Compliance\u00a0 \u00a0 Com o compromisso de continuarmos a desenvolver a nossa atividade de forma \u00e9tica e sempre com base na regulamenta\u00e7\u00e3o correspondente, desenvolvemos um programa de Compliance. O objetivo deste programa \u00e9 desenvolver uma cultura corporativa de compliance e um modelo de gest\u00e3o, baseados no compromisso \u00e9tico da organiza\u00e7\u00e3o para com o cumprimento [&hellip;]\" \/>\n<meta property=\"og:url\" content=\"https:\/\/emsaquimica.com\/pt-pt\/politica-compliance-emsa\/\" \/>\n<meta property=\"og:site_name\" content=\"Emsa\" \/>\n<meta property=\"article:modified_time\" content=\"2026-03-20T10:06:05+00:00\" \/>\n<meta name=\"twitter:card\" content=\"summary_large_image\" \/>\n<meta name=\"twitter:label1\" content=\"Tempo estimado de leitura\" \/>\n\t<meta name=\"twitter:data1\" content=\"1 minuto\" \/>\n<script type=\"application\/ld+json\" class=\"yoast-schema-graph\">{\"@context\":\"https:\\\/\\\/schema.org\",\"@graph\":[{\"@type\":\"WebPage\",\"@id\":\"https:\\\/\\\/emsaquimica.com\\\/pt-pt\\\/politica-compliance-emsa\\\/\",\"url\":\"https:\\\/\\\/emsaquimica.com\\\/pt-pt\\\/politica-compliance-emsa\\\/\",\"name\":\"Pol\u00edtica de Compliance - Emsa\",\"isPartOf\":{\"@id\":\"https:\\\/\\\/emsaquimica.com\\\/pt-pt\\\/#website\"},\"datePublished\":\"2022-01-19T10:24:50+00:00\",\"dateModified\":\"2026-03-20T10:06:05+00:00\",\"breadcrumb\":{\"@id\":\"https:\\\/\\\/emsaquimica.com\\\/pt-pt\\\/politica-compliance-emsa\\\/#breadcrumb\"},\"inLanguage\":\"pt-PT\",\"potentialAction\":[{\"@type\":\"ReadAction\",\"target\":[\"https:\\\/\\\/emsaquimica.com\\\/pt-pt\\\/politica-compliance-emsa\\\/\"]}]},{\"@type\":\"BreadcrumbList\",\"@id\":\"https:\\\/\\\/emsaquimica.com\\\/pt-pt\\\/politica-compliance-emsa\\\/#breadcrumb\",\"itemListElement\":[{\"@type\":\"ListItem\",\"position\":1,\"name\":\"Portada\",\"item\":\"https:\\\/\\\/emsaquimica.com\\\/pt-pt\\\/\"},{\"@type\":\"ListItem\",\"position\":2,\"name\":\"Pol\u00edtica de Compliance\"}]},{\"@type\":\"WebSite\",\"@id\":\"https:\\\/\\\/emsaquimica.com\\\/pt-pt\\\/#website\",\"url\":\"https:\\\/\\\/emsaquimica.com\\\/pt-pt\\\/\",\"name\":\"Emsa\",\"description\":\"Committed Chemistry\",\"publisher\":{\"@id\":\"https:\\\/\\\/emsaquimica.com\\\/pt-pt\\\/#organization\"},\"potentialAction\":[{\"@type\":\"SearchAction\",\"target\":{\"@type\":\"EntryPoint\",\"urlTemplate\":\"https:\\\/\\\/emsaquimica.com\\\/pt-pt\\\/?s={search_term_string}\"},\"query-input\":{\"@type\":\"PropertyValueSpecification\",\"valueRequired\":true,\"valueName\":\"search_term_string\"}}],\"inLanguage\":\"pt-PT\"},{\"@type\":\"Organization\",\"@id\":\"https:\\\/\\\/emsaquimica.com\\\/pt-pt\\\/#organization\",\"name\":\"Emsa\",\"url\":\"https:\\\/\\\/emsaquimica.com\\\/pt-pt\\\/\",\"logo\":{\"@type\":\"ImageObject\",\"inLanguage\":\"pt-PT\",\"@id\":\"https:\\\/\\\/emsaquimica.com\\\/pt-pt\\\/#\\\/schema\\\/logo\\\/image\\\/\",\"url\":\"https:\\\/\\\/emsaquimica.com\\\/wp-content\\\/uploads\\\/2021\\\/11\\\/Logo-Emsa.svg\",\"contentUrl\":\"https:\\\/\\\/emsaquimica.com\\\/wp-content\\\/uploads\\\/2021\\\/11\\\/Logo-Emsa.svg\",\"width\":200,\"height\":50,\"caption\":\"Emsa\"},\"image\":{\"@id\":\"https:\\\/\\\/emsaquimica.com\\\/pt-pt\\\/#\\\/schema\\\/logo\\\/image\\\/\"}}]}<\/script>\n<!-- \/ Yoast SEO plugin. -->","yoast_head_json":{"title":"Pol\u00edtica de Compliance - Emsa","robots":{"index":"index","follow":"follow","max-snippet":"max-snippet:-1","max-image-preview":"max-image-preview:large","max-video-preview":"max-video-preview:-1"},"canonical":"https:\/\/emsaquimica.com\/pt-pt\/politica-compliance-emsa\/","og_locale":"pt_PT","og_type":"article","og_title":"Pol\u00edtica de Compliance - Emsa","og_description":"Compliance Programa de\u00a0Compliance\u00a0 \u00a0 Com o compromisso de continuarmos a desenvolver a nossa atividade de forma \u00e9tica e sempre com base na regulamenta\u00e7\u00e3o correspondente, desenvolvemos um programa de Compliance. O objetivo deste programa \u00e9 desenvolver uma cultura corporativa de compliance e um modelo de gest\u00e3o, baseados no compromisso \u00e9tico da organiza\u00e7\u00e3o para com o cumprimento [&hellip;]","og_url":"https:\/\/emsaquimica.com\/pt-pt\/politica-compliance-emsa\/","og_site_name":"Emsa","article_modified_time":"2026-03-20T10:06:05+00:00","twitter_card":"summary_large_image","twitter_misc":{"Tempo estimado de leitura":"1 minuto"},"schema":{"@context":"https:\/\/schema.org","@graph":[{"@type":"WebPage","@id":"https:\/\/emsaquimica.com\/pt-pt\/politica-compliance-emsa\/","url":"https:\/\/emsaquimica.com\/pt-pt\/politica-compliance-emsa\/","name":"Pol\u00edtica de Compliance - Emsa","isPartOf":{"@id":"https:\/\/emsaquimica.com\/pt-pt\/#website"},"datePublished":"2022-01-19T10:24:50+00:00","dateModified":"2026-03-20T10:06:05+00:00","breadcrumb":{"@id":"https:\/\/emsaquimica.com\/pt-pt\/politica-compliance-emsa\/#breadcrumb"},"inLanguage":"pt-PT","potentialAction":[{"@type":"ReadAction","target":["https:\/\/emsaquimica.com\/pt-pt\/politica-compliance-emsa\/"]}]},{"@type":"BreadcrumbList","@id":"https:\/\/emsaquimica.com\/pt-pt\/politica-compliance-emsa\/#breadcrumb","itemListElement":[{"@type":"ListItem","position":1,"name":"Portada","item":"https:\/\/emsaquimica.com\/pt-pt\/"},{"@type":"ListItem","position":2,"name":"Pol\u00edtica de Compliance"}]},{"@type":"WebSite","@id":"https:\/\/emsaquimica.com\/pt-pt\/#website","url":"https:\/\/emsaquimica.com\/pt-pt\/","name":"Emsa","description":"Committed Chemistry","publisher":{"@id":"https:\/\/emsaquimica.com\/pt-pt\/#organization"},"potentialAction":[{"@type":"SearchAction","target":{"@type":"EntryPoint","urlTemplate":"https:\/\/emsaquimica.com\/pt-pt\/?s={search_term_string}"},"query-input":{"@type":"PropertyValueSpecification","valueRequired":true,"valueName":"search_term_string"}}],"inLanguage":"pt-PT"},{"@type":"Organization","@id":"https:\/\/emsaquimica.com\/pt-pt\/#organization","name":"Emsa","url":"https:\/\/emsaquimica.com\/pt-pt\/","logo":{"@type":"ImageObject","inLanguage":"pt-PT","@id":"https:\/\/emsaquimica.com\/pt-pt\/#\/schema\/logo\/image\/","url":"https:\/\/emsaquimica.com\/wp-content\/uploads\/2021\/11\/Logo-Emsa.svg","contentUrl":"https:\/\/emsaquimica.com\/wp-content\/uploads\/2021\/11\/Logo-Emsa.svg","width":200,"height":50,"caption":"Emsa"},"image":{"@id":"https:\/\/emsaquimica.com\/pt-pt\/#\/schema\/logo\/image\/"}}]}},"_links":{"self":[{"href":"https:\/\/emsaquimica.com\/pt-pt\/wp-json\/wp\/v2\/pages\/5802","targetHints":{"allow":["GET"]}}],"collection":[{"href":"https:\/\/emsaquimica.com\/pt-pt\/wp-json\/wp\/v2\/pages"}],"about":[{"href":"https:\/\/emsaquimica.com\/pt-pt\/wp-json\/wp\/v2\/types\/page"}],"author":[{"embeddable":true,"href":"https:\/\/emsaquimica.com\/pt-pt\/wp-json\/wp\/v2\/users\/2"}],"replies":[{"embeddable":true,"href":"https:\/\/emsaquimica.com\/pt-pt\/wp-json\/wp\/v2\/comments?post=5802"}],"version-history":[{"count":12,"href":"https:\/\/emsaquimica.com\/pt-pt\/wp-json\/wp\/v2\/pages\/5802\/revisions"}],"predecessor-version":[{"id":15476,"href":"https:\/\/emsaquimica.com\/pt-pt\/wp-json\/wp\/v2\/pages\/5802\/revisions\/15476"}],"wp:attachment":[{"href":"https:\/\/emsaquimica.com\/pt-pt\/wp-json\/wp\/v2\/media?parent=5802"}],"curies":[{"name":"wp","href":"https:\/\/api.w.org\/{rel}","templated":true}]}}